{"id":3299,"date":"2024-07-15T17:23:02","date_gmt":"2024-07-15T09:23:02","guid":{"rendered":"https:\/\/darshion.com\/product\/professional-wireless-gaming-mouse-rechargeable-rgb-gamer-mouse-with-honeycomb-computer-mouse-gaming\/"},"modified":"2024-07-31T10:56:21","modified_gmt":"2024-07-31T02:56:21","slug":"professional-wireless-gaming-mouse-rechargeable-rgb-gamer-mouse-with-honeycomb-computer-mouse-gaming","status":"publish","type":"product","link":"https:\/\/darshion.com\/tr\/urun\/professional-wireless-gaming-mouse-rechargeable-rgb-gamer-mouse-with-honeycomb-computer-mouse-gaming\/","title":{"rendered":"Petek Bilgisayar faresi Oyun ile Profesyonel Kablosuz Oyun Faresi \u015earj Edilebilir RGB Gamer Mouse"},"content":{"rendered":"<div data-magic-global=\"%7B%22bizId%22%3A2329368643%2C%22pageId%22%3A21393534069%2C%22siteId%22%3A10003129106%7D\" id=\"detail_decorate_root\">\n<div class=\"J_module\">\n<div class=\"detail-decorate-json-renderer-container\">\n<div class=\"magic-0\">\n<div class=\"magic-1\">\n<div class=\"magic-2\">\n<div class=\"magic-3\"><span><span><span><span><span><span><span>Petek Bilgisayar faresi Oyun ile Profesyonel Kablosuz Oyun Faresi \u015earj Edilebilir RGB Gamer Mouse<\/span><\/span><\/span><\/span><\/span><\/span><\/span><\/div>\n<\/div>\n<\/div>\n<\/div>\n<\/div>\n<\/div>\n<div class=\"J_module\">\n<div class=\"magic-4\" id=\"ali-anchor-AliMagic-r7lcjz\" data-section=\"AliMagic-r7lcjz\" data-section-title=\"TOP PICKS\">EN \u0130Y\u0130 SE\u00c7\u0130MLER<\/div>\n<\/div>\n<div class=\"J_module\">\n<div class=\"icbu-pc-images magic-5\">\n<div>\n<div class=\"flex-layout-v\">\n<div class=\"flex-layout-h magic-5\">\n<div class=\"magic-6\"><a href=\"https:\/\/cousotech.en.alibaba.com\/productgrouplist-939110870\/Best_Selling_Mouse.html\" target=\"_blank\" rel=\"noopener\"><\/a><\/div>\n<\/div>\n<\/div>\n<\/div>\n<\/div>\n<\/div>\n<div class=\"J_module\">\n<div class=\"icbu-pc-images magic-5\">\n<div class=\"flex-layout-v\">\n<div class=\"flex-layout-h magic-5\">\n<div class=\"magic-8\"><\/div>\n<div class=\"magic-10\"><\/div>\n<\/div>\n<\/div>\n<\/div>\n<\/div>\n<div class=\"J_module\">\n<div class=\"magic-11\" id=\"ali-anchor-AliMagic-8tapgg\" data-section=\"AliMagic-8tapgg\" data-section-title=\"Specification\">\u015eartname<\/div>\n<\/div>\n<div class=\"J_module\">\n<div class=\"detail-decorate-json-renderer-container\">\n<div class=\"magic-0\">\n<div class=\"magic-1\">\n<div class=\"magic-2\">\n<div class=\"magic-3\"><span><span> <\/span><\/span>\u3010Oyun S\u0131n\u0131f\u0131 Optik Sens\u00f6r\u3011<\/p>\n<p><\/p>\n<div>\n<div><span><span>Bu oyun mouse'u y\u00fcksek performansl\u0131 optik sens\u00f6r sa\u011flar. Oyun S\u0131n\u0131f\u0131 Sens\u00f6r, nokta at\u0131\u015f\u0131 do\u011fruluk, m\u00fckemmel dayan\u0131kl\u0131l\u0131k ve ola\u011fan\u00fcst\u00fc yan\u0131t verme \u00f6zelli\u011fi sunar.<\/span><\/span><\/div>\n<div><span><span><br \/> \u30107200'e kadar ayarlanabilir DPI\u3011<\/span><\/span><\/div>\n<div><span><span>Oyun faresi, farkl\u0131 oyun senaryolar\u0131 i\u00e7in size 4 ayarlanabilir DPI se\u00e7ene\u011fi (1200\/2400\/3200\/7200) sunar. Ayr\u0131ca h\u0131zl\u0131 web gezintisi ihtiya\u00e7lar\u0131n\u0131z\u0131 da kar\u015f\u0131layabilir.<\/span><\/span><\/div>\n<div><span><span><br \/> Ergonomik ve Hafif Petek Tasar\u0131m\u0131\u3011 Oyun faresi, ultra hafif petek kabuk tasar\u0131m\u0131 ve simetrik ve aerodinamik tasar\u0131m\u0131 ile h\u0131z, kontrol ve konfor i\u00e7in \u00fcretilmi\u015ftir.<\/span><\/span><\/div>\n<div><span><span><br \/> \u3010Dinamik RGB Streamer Ayd\u0131nlatma\u3011 Oyun faresi, rekabet\u00e7i bir oyun atmosferi yaratan 16 milyon renkli RGB sihirli \u0131\u015f\u0131\u011fa sahiptir. Zafere giden yolunuzu ayd\u0131nlat\u0131n.<\/span><\/span><\/div>\n<div><span><span><\/p>\n<p><\/p>\n<p><span><span>\u3010\u00d6zelle\u015ftirilebilir\u3011<br \/>- Renkler<br \/>- Kablolu\/Kablosuz\/2.4G\/Bluetooth \u00dc\u00e7l\u00fc mod\/\u00c7oklu Kanal<br \/>- \u0130\u00e7 \u00c7\u00f6z\u00fcmler:Yichip\/NORDIC\/BEKEN\/MOSART\/TELINK\/<br \/>- LOGO &amp; Ambalaj<\/span><\/span><\/p>\n<p><\/span><\/span><\/div>\n<\/div>\n<\/div>\n<\/div>\n<\/div>\n<\/div>\n<\/div>\n<\/div>\n<div class=\"J_module\">\n<div class=\"magic-11\" id=\"ali-anchor-AliMagic-gu67ve\" data-section=\"AliMagic-gu67ve\" data-section-title=\"Details Images\">Detaylar G\u00f6r\u00fcnt\u00fcler<\/div>\n<\/div>\n<div class=\"J_module\">\n<div class=\"icbu-pc-detailManyImage magic-12\">\n<div class=\"magic-13\"><img decoding=\"async\" class=\"magic-14\" src=\"https:\/\/darshion.com\/wp-content\/uploads\/2024\/07\/H417b518acf244b2f978c24c76948375ef.jpg\" \/><\/div>\n<div class=\"magic-13\"><img decoding=\"async\" class=\"magic-14\" src=\"https:\/\/darshion.com\/wp-content\/uploads\/2024\/07\/H0e51513909f542b3ba35e075ddcb81beS.jpg\" \/><\/div>\n<div class=\"magic-13\"><img decoding=\"async\" class=\"magic-14\" src=\"https:\/\/darshion.com\/wp-content\/uploads\/2024\/07\/He3e90771c32a47748b51a17b0737c477e.jpg\" \/><\/div>\n<div class=\"magic-13\"><img decoding=\"async\" class=\"magic-14\" src=\"https:\/\/darshion.com\/wp-content\/uploads\/2024\/07\/Haf56a1a3bb364b9baed20ef890293a77r.jpg\" \/><\/div>\n<div class=\"magic-13\"><img decoding=\"async\" class=\"magic-14\" src=\"https:\/\/darshion.com\/wp-content\/uploads\/2024\/07\/H2286bcd315e346549b66d0d0ca8cb8dc2.jpg\" \/><\/div>\n<div class=\"magic-13\"><img decoding=\"async\" class=\"magic-14\" src=\"https:\/\/darshion.com\/wp-content\/uploads\/2024\/07\/H98346d21e1e9452dbfadd2314125290cz.jpg\" \/><\/div>\n<div class=\"magic-13\"><img decoding=\"async\" class=\"magic-14\" src=\"https:\/\/darshion.com\/wp-content\/uploads\/2024\/07\/Hcdb69413fdb0451ba0de3e2a6fbeaf9dq.jpg\" \/><\/div>\n<div class=\"magic-13\"><img decoding=\"async\" class=\"magic-14\" src=\"https:\/\/darshion.com\/wp-content\/uploads\/2024\/07\/H787dfcc88df44468acb06e0d36610a6eF.jpg\" \/><\/div>\n<div class=\"magic-13\"><img decoding=\"async\" class=\"magic-14\" src=\"https:\/\/darshion.com\/wp-content\/uploads\/2024\/07\/H46ae9b50c1e04a2c990f5dcbb45ef9ddH.jpg\" \/><\/div>\n<\/div>\n<\/div>\n<\/div>","protected":false},"excerpt":{"rendered":"<div>[Industry-specific attributes]<br \/>Type:2.4Ghz Wireless<br \/>Interface Type:USB receiver &amp; Type C cable<br \/>Number of Buttons:6<br \/>DPI:1200, 2400, 3600, 7200<br \/>Style:Gaming, backlit<\/p>\n<p><\/p>\n<p>[Other attributes]<br \/>Place of Origin:China<br \/>Programmable:NO<br \/>Tracking Method:Optical<br \/>Power Type:RECHARGEABLE<br \/>Number of Rollers:1<br \/>Products Status:Stock<br \/>Application:Desktop, LAPTOP, pc<br \/>Hand Orientation:Right<br \/>Brand Name:couso<br \/>Model Number:G40W<br \/>Backlit:RGB<br \/>Ergonomics:Yes<br \/>Product Name:wireless gaming Mouse<br \/>Feature:High DPI,wireless bluetooth,rechargeable<br \/>Material:ABS Plastic<br \/>Logo:Accept Customized Logo<br \/>Package:Customized Box<br \/>Keywords:Desktop &nbsp;Laptop Computer<br \/>Warranty:12 Months<br \/>MOQ:1 Pcs<br \/>Support system:Win07\/08\/10\/NT\/ME\/2000\/XP\/vista<br \/>Mouse Type:Mouse Gaming<\/p>\n<\/div>\n","protected":false},"featured_media":3291,"comment_status":"open","ping_status":"closed","template":"","meta":{"_monsterinsights_skip_tracking":false,"_monsterinsights_sitenote_active":false,"_monsterinsights_sitenote_note":"","_monsterinsights_sitenote_category":0},"product_cat":[541],"product_tag":[558],"yoast_head":"<!-- This site is optimized with the Yoast SEO Premium plugin v22.9 (Yoast SEO v24.0) - https:\/\/yoast.com\/wordpress\/plugins\/seo\/ -->\n<title>Professional Wireless Gaming Mouse Rechargeable RGB Gamer Mouse with Honeycomb Computer mouse Gaming - darshion<\/title>\n<meta name=\"robots\" content=\"index, follow, max-snippet:-1, max-image-preview:large, max-video-preview:-1\" \/>\n<link rel=\"canonical\" href=\"https:\/\/darshion.com\/tr\/produkt\/professional-wireless-gaming-mouse-rechargeable-rgb-gamer-mouse-with-honeycomb-computer-mouse-gaming\/\" \/>\n<meta property=\"og:locale\" content=\"tr_TR\" \/>\n<meta property=\"og:type\" content=\"article\" \/>\n<meta property=\"og:title\" content=\"Professional Wireless Gaming Mouse Rechargeable RGB Gamer Mouse with Honeycomb Computer mouse Gaming\" \/>\n<meta property=\"og:description\" content=\"[Industry-specific attributes]Type:2.4Ghz WirelessInterface Type:USB receiver &amp; Type C cableNumber of Buttons:6DPI:1200, 2400, 3600, 7200Style:Gaming, backlit[Other attributes]Place of Origin:ChinaProgrammable:NOTracking Method:OpticalPower Type:RECHARGEABLENumber of Rollers:1Products Status:StockApplication:Desktop, LAPTOP, pcHand Orientation:RightBrand Name:cousoModel Number:G40WBacklit:RGBErgonomics:YesProduct Name:wireless gaming MouseFeature:High DPI,wireless bluetooth,rechargeableMaterial:ABS PlasticLogo:Accept Customized LogoPackage:Customized BoxKeywords:Desktop &nbsp;Laptop ComputerWarranty:12 MonthsMOQ:1 PcsSupport system:Win07\/08\/10\/NT\/ME\/2000\/XP\/vistaMouse Type:Mouse Gaming\" \/>\n<meta property=\"og:url\" content=\"https:\/\/darshion.com\/tr\/produkt\/professional-wireless-gaming-mouse-rechargeable-rgb-gamer-mouse-with-honeycomb-computer-mouse-gaming\/\" \/>\n<meta property=\"og:site_name\" content=\"darshion\" \/>\n<meta property=\"article:modified_time\" content=\"2024-07-31T02:56:21+00:00\" \/>\n<meta property=\"og:image\" content=\"https:\/\/darshion.com\/wp-content\/uploads\/2024\/07\/H643ae8f3317449faaf06019ab33b6660X.jpg\" \/>\n\t<meta property=\"og:image:width\" content=\"800\" \/>\n\t<meta property=\"og:image:height\" content=\"827\" \/>\n\t<meta property=\"og:image:type\" content=\"image\/jpeg\" \/>\n<meta name=\"twitter:card\" content=\"summary_large_image\" \/>\n<meta name=\"twitter:label1\" content=\"Tahmini okuma s\u00fcresi\" \/>\n\t<meta name=\"twitter:data1\" content=\"3 dakika\" \/>\n<script type=\"application\/ld+json\" class=\"yoast-schema-graph\">{\"@context\":\"https:\/\/schema.org\",\"@graph\":[{\"@type\":\"WebPage\",\"@id\":\"https:\/\/darshion.com\/de\/produkt\/professional-wireless-gaming-mouse-rechargeable-rgb-gamer-mouse-with-honeycomb-computer-mouse-gaming\/\",\"url\":\"https:\/\/darshion.com\/de\/produkt\/professional-wireless-gaming-mouse-rechargeable-rgb-gamer-mouse-with-honeycomb-computer-mouse-gaming\/\",\"name\":\"Professional Wireless Gaming Mouse Rechargeable RGB Gamer Mouse with Honeycomb Computer mouse Gaming - darshion\",\"isPartOf\":{\"@id\":\"https:\/\/darshion.com\/#website\"},\"primaryImageOfPage\":{\"@id\":\"https:\/\/darshion.com\/de\/produkt\/professional-wireless-gaming-mouse-rechargeable-rgb-gamer-mouse-with-honeycomb-computer-mouse-gaming\/#primaryimage\"},\"image\":{\"@id\":\"https:\/\/darshion.com\/de\/produkt\/professional-wireless-gaming-mouse-rechargeable-rgb-gamer-mouse-with-honeycomb-computer-mouse-gaming\/#primaryimage\"},\"thumbnailUrl\":\"https:\/\/darshion.com\/wp-content\/uploads\/2024\/07\/H643ae8f3317449faaf06019ab33b6660X.jpg\",\"datePublished\":\"2024-07-15T09:23:02+00:00\",\"dateModified\":\"2024-07-31T02:56:21+00:00\",\"breadcrumb\":{\"@id\":\"https:\/\/darshion.com\/de\/produkt\/professional-wireless-gaming-mouse-rechargeable-rgb-gamer-mouse-with-honeycomb-computer-mouse-gaming\/#breadcrumb\"},\"inLanguage\":\"tr\",\"potentialAction\":[{\"@type\":\"ReadAction\",\"target\":[\"https:\/\/darshion.com\/de\/produkt\/professional-wireless-gaming-mouse-rechargeable-rgb-gamer-mouse-with-honeycomb-computer-mouse-gaming\/\"]}]},{\"@type\":\"ImageObject\",\"inLanguage\":\"tr\",\"@id\":\"https:\/\/darshion.com\/de\/produkt\/professional-wireless-gaming-mouse-rechargeable-rgb-gamer-mouse-with-honeycomb-computer-mouse-gaming\/#primaryimage\",\"url\":\"https:\/\/darshion.com\/wp-content\/uploads\/2024\/07\/H643ae8f3317449faaf06019ab33b6660X.jpg\",\"contentUrl\":\"https:\/\/darshion.com\/wp-content\/uploads\/2024\/07\/H643ae8f3317449faaf06019ab33b6660X.jpg\",\"width\":800,\"height\":827},{\"@type\":\"BreadcrumbList\",\"@id\":\"https:\/\/darshion.com\/de\/produkt\/professional-wireless-gaming-mouse-rechargeable-rgb-gamer-mouse-with-honeycomb-computer-mouse-gaming\/#breadcrumb\",\"itemListElement\":[{\"@type\":\"ListItem\",\"position\":1,\"name\":\"\u9996\u9875\",\"item\":\"https:\/\/darshion.com\/\"},{\"@type\":\"ListItem\",\"position\":2,\"name\":\"PRODUCT\",\"item\":\"https:\/\/darshion.com\/pt\/product\/\"},{\"@type\":\"ListItem\",\"position\":3,\"name\":\"Professional Wireless Gaming Mouse Rechargeable RGB Gamer Mouse with Honeycomb Computer mouse Gaming\"}]},{\"@type\":\"WebSite\",\"@id\":\"https:\/\/darshion.com\/#website\",\"url\":\"https:\/\/darshion.com\/\",\"name\":\"darshion\",\"description\":\"14 Years of Experience, Quality Assurance, Innovative Design\",\"publisher\":{\"@id\":\"https:\/\/darshion.com\/#organization\"},\"potentialAction\":[{\"@type\":\"SearchAction\",\"target\":{\"@type\":\"EntryPoint\",\"urlTemplate\":\"https:\/\/darshion.com\/?s={search_term_string}\"},\"query-input\":{\"@type\":\"PropertyValueSpecification\",\"valueRequired\":true,\"valueName\":\"search_term_string\"}}],\"inLanguage\":\"tr\"},{\"@type\":\"Organization\",\"@id\":\"https:\/\/darshion.com\/#organization\",\"name\":\"darshion\",\"url\":\"https:\/\/darshion.com\/\",\"logo\":{\"@type\":\"ImageObject\",\"inLanguage\":\"tr\",\"@id\":\"https:\/\/darshion.com\/#\/schema\/logo\/image\/\",\"url\":\"https:\/\/darshion.com\/wp-content\/uploads\/2023\/09\/01-1.png\",\"contentUrl\":\"https:\/\/darshion.com\/wp-content\/uploads\/2023\/09\/01-1.png\",\"width\":350,\"height\":100,\"caption\":\"darshion\"},\"image\":{\"@id\":\"https:\/\/darshion.com\/#\/schema\/logo\/image\/\"}}]}<\/script>\n<!-- \/ Yoast SEO Premium plugin. -->","yoast_head_json":{"title":"Profesyonel Kablosuz Oyun Faresi Petekli \u015earj Edilebilir RGB Oyuncu Faresi Bilgisayar faresi Oyun - darshion","robots":{"index":"index","follow":"follow","max-snippet":"max-snippet:-1","max-image-preview":"max-image-preview:large","max-video-preview":"max-video-preview:-1"},"canonical":"https:\/\/darshion.com\/tr\/produkt\/professional-wireless-gaming-mouse-rechargeable-rgb-gamer-mouse-with-honeycomb-computer-mouse-gaming\/","og_locale":"tr_TR","og_type":"article","og_title":"Professional Wireless Gaming Mouse Rechargeable RGB Gamer Mouse with Honeycomb Computer mouse Gaming","og_description":"[Industry-specific attributes]Type:2.4Ghz WirelessInterface Type:USB receiver &amp; Type C cableNumber of Buttons:6DPI:1200, 2400, 3600, 7200Style:Gaming, backlit[Other attributes]Place of Origin:ChinaProgrammable:NOTracking Method:OpticalPower Type:RECHARGEABLENumber of Rollers:1Products Status:StockApplication:Desktop, LAPTOP, pcHand Orientation:RightBrand Name:cousoModel Number:G40WBacklit:RGBErgonomics:YesProduct Name:wireless gaming MouseFeature:High DPI,wireless bluetooth,rechargeableMaterial:ABS PlasticLogo:Accept Customized LogoPackage:Customized BoxKeywords:Desktop &nbsp;Laptop ComputerWarranty:12 MonthsMOQ:1 PcsSupport system:Win07\/08\/10\/NT\/ME\/2000\/XP\/vistaMouse Type:Mouse Gaming","og_url":"https:\/\/darshion.com\/tr\/produkt\/professional-wireless-gaming-mouse-rechargeable-rgb-gamer-mouse-with-honeycomb-computer-mouse-gaming\/","og_site_name":"darshion","article_modified_time":"2024-07-31T02:56:21+00:00","og_image":[{"width":800,"height":827,"url":"https:\/\/darshion.com\/wp-content\/uploads\/2024\/07\/H643ae8f3317449faaf06019ab33b6660X.jpg","type":"image\/jpeg"}],"twitter_card":"summary_large_image","twitter_misc":{"Tahmini okuma s\u00fcresi":"3 dakika"},"schema":{"@context":"https:\/\/schema.org","@graph":[{"@type":"WebPage","@id":"https:\/\/darshion.com\/de\/produkt\/professional-wireless-gaming-mouse-rechargeable-rgb-gamer-mouse-with-honeycomb-computer-mouse-gaming\/","url":"https:\/\/darshion.com\/de\/produkt\/professional-wireless-gaming-mouse-rechargeable-rgb-gamer-mouse-with-honeycomb-computer-mouse-gaming\/","name":"Profesyonel Kablosuz Oyun Faresi Petekli \u015earj Edilebilir RGB Oyuncu Faresi Bilgisayar faresi Oyun - darshion","isPartOf":{"@id":"https:\/\/darshion.com\/#website"},"primaryImageOfPage":{"@id":"https:\/\/darshion.com\/de\/produkt\/professional-wireless-gaming-mouse-rechargeable-rgb-gamer-mouse-with-honeycomb-computer-mouse-gaming\/#primaryimage"},"image":{"@id":"https:\/\/darshion.com\/de\/produkt\/professional-wireless-gaming-mouse-rechargeable-rgb-gamer-mouse-with-honeycomb-computer-mouse-gaming\/#primaryimage"},"thumbnailUrl":"https:\/\/darshion.com\/wp-content\/uploads\/2024\/07\/H643ae8f3317449faaf06019ab33b6660X.jpg","datePublished":"2024-07-15T09:23:02+00:00","dateModified":"2024-07-31T02:56:21+00:00","breadcrumb":{"@id":"https:\/\/darshion.com\/de\/produkt\/professional-wireless-gaming-mouse-rechargeable-rgb-gamer-mouse-with-honeycomb-computer-mouse-gaming\/#breadcrumb"},"inLanguage":"tr","potentialAction":[{"@type":"ReadAction","target":["https:\/\/darshion.com\/de\/produkt\/professional-wireless-gaming-mouse-rechargeable-rgb-gamer-mouse-with-honeycomb-computer-mouse-gaming\/"]}]},{"@type":"ImageObject","inLanguage":"tr","@id":"https:\/\/darshion.com\/de\/produkt\/professional-wireless-gaming-mouse-rechargeable-rgb-gamer-mouse-with-honeycomb-computer-mouse-gaming\/#primaryimage","url":"https:\/\/darshion.com\/wp-content\/uploads\/2024\/07\/H643ae8f3317449faaf06019ab33b6660X.jpg","contentUrl":"https:\/\/darshion.com\/wp-content\/uploads\/2024\/07\/H643ae8f3317449faaf06019ab33b6660X.jpg","width":800,"height":827},{"@type":"BreadcrumbList","@id":"https:\/\/darshion.com\/de\/produkt\/professional-wireless-gaming-mouse-rechargeable-rgb-gamer-mouse-with-honeycomb-computer-mouse-gaming\/#breadcrumb","itemListElement":[{"@type":"ListItem","position":1,"name":"\u9996\u9875","item":"https:\/\/darshion.com\/"},{"@type":"ListItem","position":2,"name":"PRODUCT","item":"https:\/\/darshion.com\/pt\/product\/"},{"@type":"ListItem","position":3,"name":"Professional Wireless Gaming Mouse Rechargeable RGB Gamer Mouse with Honeycomb Computer mouse Gaming"}]},{"@type":"WebSite","@id":"https:\/\/darshion.com\/#website","url":"https:\/\/darshion.com\/","name":"darshion","description":"14 Y\u0131ll\u0131k Tecr\u00fcbe, Kalite G\u00fcvencesi, Yenilik\u00e7i Tasar\u0131m","publisher":{"@id":"https:\/\/darshion.com\/#organization"},"potentialAction":[{"@type":"SearchAction","target":{"@type":"EntryPoint","urlTemplate":"https:\/\/darshion.com\/?s={search_term_string}"},"query-input":{"@type":"PropertyValueSpecification","valueRequired":true,"valueName":"search_term_string"}}],"inLanguage":"tr"},{"@type":"Organization","@id":"https:\/\/darshion.com\/#organization","name":"darshion","url":"https:\/\/darshion.com\/","logo":{"@type":"ImageObject","inLanguage":"tr","@id":"https:\/\/darshion.com\/#\/schema\/logo\/image\/","url":"https:\/\/darshion.com\/wp-content\/uploads\/2023\/09\/01-1.png","contentUrl":"https:\/\/darshion.com\/wp-content\/uploads\/2023\/09\/01-1.png","width":350,"height":100,"caption":"darshion"},"image":{"@id":"https:\/\/darshion.com\/#\/schema\/logo\/image\/"}}]}},"_links":{"self":[{"href":"https:\/\/darshion.com\/tr\/wp-json\/wp\/v2\/product\/3299"}],"collection":[{"href":"https:\/\/darshion.com\/tr\/wp-json\/wp\/v2\/product"}],"about":[{"href":"https:\/\/darshion.com\/tr\/wp-json\/wp\/v2\/types\/product"}],"replies":[{"embeddable":true,"href":"https:\/\/darshion.com\/tr\/wp-json\/wp\/v2\/comments?post=3299"}],"wp:featuredmedia":[{"embeddable":true,"href":"https:\/\/darshion.com\/tr\/wp-json\/wp\/v2\/media\/3291"}],"wp:attachment":[{"href":"https:\/\/darshion.com\/tr\/wp-json\/wp\/v2\/media?parent=3299"}],"wp:term":[{"taxonomy":"product_cat","embeddable":true,"href":"https:\/\/darshion.com\/tr\/wp-json\/wp\/v2\/product_cat?post=3299"},{"taxonomy":"product_tag","embeddable":true,"href":"https:\/\/darshion.com\/tr\/wp-json\/wp\/v2\/product_tag?post=3299"}],"curies":[{"name":"wp","href":"https:\/\/api.w.org\/{rel}","templated":true}]}}