{"id":3383,"date":"2024-07-16T10:54:40","date_gmt":"2024-07-16T02:54:40","guid":{"rendered":"https:\/\/darshion.com\/product\/cx20u-custom-104-keys-gaming-wired-mechanical-keyboard-manufacturers\/"},"modified":"2024-07-16T11:21:12","modified_gmt":"2024-07-16T03:21:12","slug":"cx20u-keyboard-manufacturers","status":"publish","type":"product","link":"https:\/\/darshion.com\/tr\/urun\/cx20u-keyboard-manufacturers\/","title":{"rendered":"CX20U \u00d6zel 104 Tu\u015flu Oyun Kablolu Mekanik Klavye \u00dcreticileri"},"content":{"rendered":"<div id=\"detail_decorate_root\" data-magic-global=\"%7B%22bizId%22%3A2329368643%2C%22pageId%22%3A21308579315%2C%22siteId%22%3A10003129106%7D\">\n<div class=\"J_module\">\n<div class=\"detail-decorate-json-renderer-container\">\n<div class=\"magic-0\">\n<div class=\"magic-1\">\n<div class=\"magic-2\">\n<div class=\"magic-3\">S\u0131cak Sat\u0131\u015f 104 Tu\u015f Mekanik Klavye K\u0131rm\u0131z\u0131 Anahtar Ergonomik bilgisayar Bilgisayar PC i\u00e7in RGB Arkadan Ayd\u0131nlatmal\u0131 Oyun Klavyesi<\/div>\n<\/div>\n<\/div>\n<\/div>\n<\/div>\n<\/div>\n<div class=\"J_module\">\n<div id=\"ali-anchor-AliMagic-csq2pw\" class=\"magic-4\" data-section=\"AliMagic-csq2pw\" data-section-title=\"Products Description\">\u00dcr\u00fcn A\u00e7\u0131klamas\u0131<\/div>\n<\/div>\n<div class=\"J_module\">\n<div class=\"detail-decorate-json-renderer-container\">\n<div class=\"magic-0\">\n<div class=\"magic-1\">\n<div class=\"magic-2\">\n<div class=\"magic-3\"><strong class=\"magic-6\">\u3010Tam Boy 104 Tu\u015flu Mekanik K\u0131rm\u0131z\u0131 Anahtarl\u0131 Klavye\u3011<br \/>\n<\/strong>TYPING ve GAMING i\u00e7in, do\u011frusal, yukar\u0131dan a\u015fa\u011f\u0131ya anahtarlar olan K\u0131rm\u0131z\u0131 anahtarlar. Bu anahtarlara basmak i\u00e7in daha az g\u00fc\u00e7 gerekir ve tu\u015flar daha yumu\u015fak ve kullan\u0131m\u0131 daha kolay hissedilir. Dokunsal \"\u00e7arpma\" yok ama duyarl\u0131. \u0130\u015f ve oyun i\u00e7in m\u00fckemmel bir se\u00e7im!<br \/>\n<strong class=\"magic-6\">\u3010Rainbow LED Arkadan Ayd\u0131nlatmal\u0131\u3011<br \/>\n<\/strong>8 tek renkli arka ayd\u0131nlatma efekti, bu k\u00fc\u00e7\u00fck oyun klavyesine canl\u0131 ve g\u00f6rkemli bir g\u00f6rsel efekt kazand\u0131r\u0131r.<br \/>\n<strong class=\"magic-6\">\u3010\u00c7\u0131kar\u0131labilir Tip-C kablo\u3011<br \/>\n<\/strong>USB Type-C ba\u011flant\u0131s\u0131 ayr\u0131ca daha istikrarl\u0131 iletim, anahtar kablo ay\u0131rma tasar\u0131m\u0131, depolama ile uygunluk sa\u011flar.<\/p>\n<div><strong>\u3010Extreme Dayan\u0131kl\u0131l\u0131k\u3011<\/strong><\/div>\n<div>50 milyon kez tu\u015f vuru\u015fu testi, k\u00fc\u00e7\u00fck \u00e7al\u0131\u015ft\u0131rma kuvveti ve k\u0131sa hareket sa\u011flar. \u00c7ift enjeksiyonlu ABS tu\u015f kapaklar\u0131 tasar\u0131m\u0131na sahip sa\u011flam taban, \u00f6m\u00fcr boyu oyun oynamaya dayanacak \u015fekilde \u00fcretilmi\u015ftir.<br \/>\n<strong>\u3010G\u00fc\u00e7l\u00fc Uyumluluk\u3011<\/strong><\/p>\n<div>Tak ve \u00e7al\u0131\u015ft\u0131r, s\u00fcr\u00fcc\u00fc veya yaz\u0131l\u0131m gerektirmez. Windows 10\/8\/7\/XP, Mac OS ve Windows i\u00e7in m\u00fckemmel \u00e7al\u0131\u015f\u0131r<br \/>\n\u3010\u00d6zelle\u015ftirilebilir\u3011<br \/>\n- Anahtar Kapa\u011f\u0131 Renkleri<br \/>\n- Kablolu\/Kablosuz\/2.4G\/Bluetooth \u00dc\u00e7l\u00fc mod\/\u00c7oklu Kanal<br \/>\n- 20 adede kadar \u00f6n ayarl\u0131 Ger\u00e7ek RGB Arka Ayd\u0131nlatma Efekti<br \/>\n- Tu\u015f Ba\u015fl\u0131klar\u0131 Malzemesi:ABS\/PBT\/Al\u00fcminyum<br \/>\n- Mekanik Anahtarlar: K\u0131rm\u0131z\u0131 Anahtar \/ Mavi Anahtar \/ Kahverengi Anahtar vb.<br \/>\n- Yerle\u015fim: ABD\/\u0130NG\u0130LTERE\/G\u00dcNEY KORE\/\u0130SPANYA\/BRAZ\u0130LYA\/RUSYA vb.<br \/>\n- PCB Malzemesi:ABS\/Premium Al\u00fcminyum\/Premium Elektroforez Demir<br \/>\n- LOGO &amp; Ambalaj<\/div>\n<\/div>\n<\/div>\n<\/div>\n<\/div>\n<\/div>\n<\/div>\n<\/div>\n<div class=\"J_module\">\n<div id=\"ali-anchor-AliMagic-ua5u15\" class=\"magic-4\" data-section=\"AliMagic-ua5u15\" data-section-title=\"Details Images\">Detaylar G\u00f6r\u00fcnt\u00fcler<\/div>\n<\/div>\n<div class=\"J_module\">\n<div class=\"icbu-pc-detailManyImage magic-7\">\n<div class=\"magic-8\"><img decoding=\"async\" class=\"keyboard Manufacturers\" title=\"Klavye \u00dcreticileri\" src=\"https:\/\/darshion.com\/wp-content\/uploads\/2024\/07\/H5f33963b39bc459c80fde92c3f28e831W.jpg\" alt=\"keyboard Manufacturers\" \/><\/div>\n<div class=\"magic-8\"><img decoding=\"async\" class=\"keyboard Manufacturers\" title=\"Klavye \u00dcreticileri\" src=\"https:\/\/darshion.com\/wp-content\/uploads\/2024\/07\/H4b34c17d44dc42b78b10b1142f868217B.jpg\" alt=\"keyboard Manufacturers\" \/><\/div>\n<div class=\"magic-8\"><img decoding=\"async\" class=\"keyboard Manufacturers\" title=\"Klavye \u00dcreticileri\" src=\"https:\/\/darshion.com\/wp-content\/uploads\/2024\/07\/H4465a10126fb4f7da641d94bff217b09b.jpg\" alt=\"keyboard Manufacturers\" \/><\/div>\n<div class=\"magic-8\"><img decoding=\"async\" class=\"keyboard Manufacturers\" title=\"Klavye \u00dcreticileri\" src=\"https:\/\/darshion.com\/wp-content\/uploads\/2024\/07\/Ha4192b97f2ac4c8da2a9120cd01244f51.jpg\" alt=\"keyboard Manufacturers\" \/><\/div>\n<div class=\"magic-8\"><img decoding=\"async\" class=\"keyboard Manufacturers\" title=\"Klavye \u00dcreticileri\" src=\"https:\/\/darshion.com\/wp-content\/uploads\/2024\/07\/Hac74115f700440eba6e7c47fb946310bh.jpg\" alt=\"keyboard Manufacturers\" \/><\/div>\n<div class=\"magic-8\"><img decoding=\"async\" class=\"keyboard Manufacturers\" title=\"Klavye \u00dcreticileri\" src=\"https:\/\/darshion.com\/wp-content\/uploads\/2024\/07\/H715e2c1c353644788d7ab3f62a11b6872.jpg\" alt=\"keyboard Manufacturers\" \/><\/div>\n<div class=\"magic-8\"><img decoding=\"async\" class=\"keyboard Manufacturers\" title=\"Klavye \u00dcreticileri\" src=\"https:\/\/darshion.com\/wp-content\/uploads\/2024\/07\/He400fbc44fd34539badb05205622e8ebV.jpg\" alt=\"keyboard Manufacturers\" \/><\/div>\n<div class=\"magic-8\"><img decoding=\"async\" class=\"keyboard Manufacturers\" title=\"Klavye \u00dcreticileri\" src=\"https:\/\/darshion.com\/wp-content\/uploads\/2024\/07\/H2919cea6c7b14a1b8f74cef294545c97u.jpg\" alt=\"keyboard Manufacturers\" \/><\/div>\n<\/div>\n<\/div>\n<div class=\"J_module\">\n<div id=\"ali-anchor-AliMagic-xkyg98\" class=\"magic-4\" data-section=\"AliMagic-xkyg98\" data-section-title=\"Related Products\"><\/div>\n<\/div>\n<div class=\"J_module\">\n<div class=\"icbu-pc-images magic-11\">\n<div>\n<div class=\"flex-layout-v\">\n<div class=\"flex-layout-h magic-11\"><\/div>\n<\/div>\n<\/div>\n<\/div>\n<\/div>\n<\/div>","protected":false},"excerpt":{"rendered":"<div>\n<p>[Industry-specific attributes]<br \/>\nInterface Type:usb<br \/>\nKeyboard Standard:104 Keys<br \/>\nAnti-ghosting:Multi Keys<br \/>\nKeyboard backlit:RGB<br \/>\nMechanical:Yes<br \/>\nProgrammable:NO<\/p>\n<p>[Other attributes]<br \/>\nBrand Name:darshion<br \/>\nType:Wired<br \/>\nFull Size keyboard:Yes<br \/>\nWrist Support:NO<br \/>\nDrive Interface:USB Type C<br \/>\nPrivate Mold:Yes<br \/>\nProduct name:104 keys mechanical keyboard<br \/>\nMaterial:ABS Plastic<br \/>\nCertification:CE FCC ROHS<br \/>\nLayout:Customized Layout<br \/>\nWarranty:12 Months<br \/>\nPackage:Customized Box<br \/>\nLogo:Accept Customized Logo<br \/>\nKeywords:Gaming Keyboard OEM<br \/>\nModel:Machanical Keyboard<br \/>\nStyle:Gaming Keyboard Mechanical<\/p>\n<\/div>\n","protected":false},"featured_media":3377,"comment_status":"open","ping_status":"closed","template":"","meta":{"_monsterinsights_skip_tracking":false,"_monsterinsights_sitenote_active":false,"_monsterinsights_sitenote_note":"","_monsterinsights_sitenote_category":0},"product_cat":[559,554],"product_tag":[560,561],"yoast_head":"<!-- This site is optimized with the Yoast SEO Premium plugin v22.9 (Yoast SEO v24.0) - https:\/\/yoast.com\/wordpress\/plugins\/seo\/ -->\n<title>CX20U Custom 104 Keys Gaming Wired Mechanical Keyboard Manufacturers - darshion<\/title>\n<meta name=\"robots\" content=\"index, follow, max-snippet:-1, max-image-preview:large, max-video-preview:-1\" \/>\n<link rel=\"canonical\" href=\"https:\/\/darshion.com\/tr\/urun\/cx20u-keyboard-manufacturers\/\" \/>\n<meta property=\"og:locale\" content=\"tr_TR\" \/>\n<meta property=\"og:type\" content=\"article\" \/>\n<meta property=\"og:title\" content=\"CX20U Custom 104 Keys Gaming Wired Mechanical Keyboard Manufacturers\" \/>\n<meta property=\"og:description\" content=\"[Industry-specific attributes] Interface Type:usb Keyboard Standard:104 Keys Anti-ghosting:Multi Keys Keyboard backlit:RGB Mechanical:Yes Programmable:NO  [Other attributes] Brand Name:darshion Type:Wired Full Size keyboard:Yes Wrist Support:NO Drive Interface:USB Type C Private Mold:Yes Product name:104 keys mechanical keyboard Material:ABS Plastic Certification:CE FCC ROHS Layout:Customized Layout Warranty:12 Months Package:Customized Box Logo:Accept Customized Logo Keywords:Gaming Keyboard OEM Model:Machanical Keyboard Style:Gaming Keyboard Mechanical\" \/>\n<meta property=\"og:url\" content=\"https:\/\/darshion.com\/tr\/urun\/cx20u-keyboard-manufacturers\/\" \/>\n<meta property=\"og:site_name\" content=\"darshion\" \/>\n<meta property=\"article:modified_time\" content=\"2024-07-16T03:21:12+00:00\" \/>\n<meta property=\"og:image\" content=\"https:\/\/darshion.com\/wp-content\/uploads\/2024\/07\/Hf0b55fe747804b9e88474e86b4f1bc44L.jpg\" \/>\n\t<meta property=\"og:image:width\" content=\"1400\" \/>\n\t<meta property=\"og:image:height\" content=\"1400\" \/>\n\t<meta property=\"og:image:type\" content=\"image\/jpeg\" \/>\n<meta name=\"twitter:card\" content=\"summary_large_image\" \/>\n<meta name=\"twitter:label1\" content=\"Tahmini okuma s\u00fcresi\" \/>\n\t<meta name=\"twitter:data1\" content=\"3 dakika\" \/>\n<script type=\"application\/ld+json\" class=\"yoast-schema-graph\">{\"@context\":\"https:\/\/schema.org\",\"@graph\":[{\"@type\":\"WebPage\",\"@id\":\"https:\/\/darshion.com\/product\/cx20u-keyboard-manufacturers\/\",\"url\":\"https:\/\/darshion.com\/product\/cx20u-keyboard-manufacturers\/\",\"name\":\"CX20U Custom 104 Keys Gaming Wired Mechanical Keyboard Manufacturers - darshion\",\"isPartOf\":{\"@id\":\"https:\/\/darshion.com\/#website\"},\"primaryImageOfPage\":{\"@id\":\"https:\/\/darshion.com\/product\/cx20u-keyboard-manufacturers\/#primaryimage\"},\"image\":{\"@id\":\"https:\/\/darshion.com\/product\/cx20u-keyboard-manufacturers\/#primaryimage\"},\"thumbnailUrl\":\"https:\/\/darshion.com\/wp-content\/uploads\/2024\/07\/Hf0b55fe747804b9e88474e86b4f1bc44L.jpg\",\"datePublished\":\"2024-07-16T02:54:40+00:00\",\"dateModified\":\"2024-07-16T03:21:12+00:00\",\"breadcrumb\":{\"@id\":\"https:\/\/darshion.com\/product\/cx20u-keyboard-manufacturers\/#breadcrumb\"},\"inLanguage\":\"tr\",\"potentialAction\":[{\"@type\":\"ReadAction\",\"target\":[\"https:\/\/darshion.com\/product\/cx20u-keyboard-manufacturers\/\"]}]},{\"@type\":\"ImageObject\",\"inLanguage\":\"tr\",\"@id\":\"https:\/\/darshion.com\/product\/cx20u-keyboard-manufacturers\/#primaryimage\",\"url\":\"https:\/\/darshion.com\/wp-content\/uploads\/2024\/07\/Hf0b55fe747804b9e88474e86b4f1bc44L.jpg\",\"contentUrl\":\"https:\/\/darshion.com\/wp-content\/uploads\/2024\/07\/Hf0b55fe747804b9e88474e86b4f1bc44L.jpg\",\"width\":1400,\"height\":1400},{\"@type\":\"BreadcrumbList\",\"@id\":\"https:\/\/darshion.com\/product\/cx20u-keyboard-manufacturers\/#breadcrumb\",\"itemListElement\":[{\"@type\":\"ListItem\",\"position\":1,\"name\":\"\u9996\u9875\",\"item\":\"https:\/\/darshion.com\/\"},{\"@type\":\"ListItem\",\"position\":2,\"name\":\"PRODUCT\",\"item\":\"https:\/\/darshion.com\/pt\/product\/\"},{\"@type\":\"ListItem\",\"position\":3,\"name\":\"CX20U Custom 104 Keys Gaming Wired Mechanical Keyboard Manufacturers\"}]},{\"@type\":\"WebSite\",\"@id\":\"https:\/\/darshion.com\/#website\",\"url\":\"https:\/\/darshion.com\/\",\"name\":\"darshion\",\"description\":\"14 Years of Experience, Quality Assurance, Innovative Design\",\"publisher\":{\"@id\":\"https:\/\/darshion.com\/#organization\"},\"potentialAction\":[{\"@type\":\"SearchAction\",\"target\":{\"@type\":\"EntryPoint\",\"urlTemplate\":\"https:\/\/darshion.com\/?s={search_term_string}\"},\"query-input\":{\"@type\":\"PropertyValueSpecification\",\"valueRequired\":true,\"valueName\":\"search_term_string\"}}],\"inLanguage\":\"tr\"},{\"@type\":\"Organization\",\"@id\":\"https:\/\/darshion.com\/#organization\",\"name\":\"darshion\",\"url\":\"https:\/\/darshion.com\/\",\"logo\":{\"@type\":\"ImageObject\",\"inLanguage\":\"tr\",\"@id\":\"https:\/\/darshion.com\/#\/schema\/logo\/image\/\",\"url\":\"https:\/\/darshion.com\/wp-content\/uploads\/2023\/09\/01-1.png\",\"contentUrl\":\"https:\/\/darshion.com\/wp-content\/uploads\/2023\/09\/01-1.png\",\"width\":350,\"height\":100,\"caption\":\"darshion\"},\"image\":{\"@id\":\"https:\/\/darshion.com\/#\/schema\/logo\/image\/\"}}]}<\/script>\n<!-- \/ Yoast SEO Premium plugin. -->","yoast_head_json":{"title":"CX20U \u00d6zel 104 Tu\u015flu Oyun Kablolu Mekanik Klavye \u00dcreticileri - darshion","robots":{"index":"index","follow":"follow","max-snippet":"max-snippet:-1","max-image-preview":"max-image-preview:large","max-video-preview":"max-video-preview:-1"},"canonical":"https:\/\/darshion.com\/tr\/urun\/cx20u-keyboard-manufacturers\/","og_locale":"tr_TR","og_type":"article","og_title":"CX20U Custom 104 Keys Gaming Wired Mechanical Keyboard Manufacturers","og_description":"[Industry-specific attributes] Interface Type:usb Keyboard Standard:104 Keys Anti-ghosting:Multi Keys Keyboard backlit:RGB Mechanical:Yes Programmable:NO  [Other attributes] Brand Name:darshion Type:Wired Full Size keyboard:Yes Wrist Support:NO Drive Interface:USB Type C Private Mold:Yes Product name:104 keys mechanical keyboard Material:ABS Plastic Certification:CE FCC ROHS Layout:Customized Layout Warranty:12 Months Package:Customized Box Logo:Accept Customized Logo Keywords:Gaming Keyboard OEM Model:Machanical Keyboard Style:Gaming Keyboard Mechanical","og_url":"https:\/\/darshion.com\/tr\/urun\/cx20u-keyboard-manufacturers\/","og_site_name":"darshion","article_modified_time":"2024-07-16T03:21:12+00:00","og_image":[{"width":1400,"height":1400,"url":"https:\/\/darshion.com\/wp-content\/uploads\/2024\/07\/Hf0b55fe747804b9e88474e86b4f1bc44L.jpg","type":"image\/jpeg"}],"twitter_card":"summary_large_image","twitter_misc":{"Tahmini okuma s\u00fcresi":"3 dakika"},"schema":{"@context":"https:\/\/schema.org","@graph":[{"@type":"WebPage","@id":"https:\/\/darshion.com\/product\/cx20u-keyboard-manufacturers\/","url":"https:\/\/darshion.com\/product\/cx20u-keyboard-manufacturers\/","name":"CX20U \u00d6zel 104 Tu\u015flu Oyun Kablolu Mekanik Klavye \u00dcreticileri - darshion","isPartOf":{"@id":"https:\/\/darshion.com\/#website"},"primaryImageOfPage":{"@id":"https:\/\/darshion.com\/product\/cx20u-keyboard-manufacturers\/#primaryimage"},"image":{"@id":"https:\/\/darshion.com\/product\/cx20u-keyboard-manufacturers\/#primaryimage"},"thumbnailUrl":"https:\/\/darshion.com\/wp-content\/uploads\/2024\/07\/Hf0b55fe747804b9e88474e86b4f1bc44L.jpg","datePublished":"2024-07-16T02:54:40+00:00","dateModified":"2024-07-16T03:21:12+00:00","breadcrumb":{"@id":"https:\/\/darshion.com\/product\/cx20u-keyboard-manufacturers\/#breadcrumb"},"inLanguage":"tr","potentialAction":[{"@type":"ReadAction","target":["https:\/\/darshion.com\/product\/cx20u-keyboard-manufacturers\/"]}]},{"@type":"ImageObject","inLanguage":"tr","@id":"https:\/\/darshion.com\/product\/cx20u-keyboard-manufacturers\/#primaryimage","url":"https:\/\/darshion.com\/wp-content\/uploads\/2024\/07\/Hf0b55fe747804b9e88474e86b4f1bc44L.jpg","contentUrl":"https:\/\/darshion.com\/wp-content\/uploads\/2024\/07\/Hf0b55fe747804b9e88474e86b4f1bc44L.jpg","width":1400,"height":1400},{"@type":"BreadcrumbList","@id":"https:\/\/darshion.com\/product\/cx20u-keyboard-manufacturers\/#breadcrumb","itemListElement":[{"@type":"ListItem","position":1,"name":"\u9996\u9875","item":"https:\/\/darshion.com\/"},{"@type":"ListItem","position":2,"name":"PRODUCT","item":"https:\/\/darshion.com\/pt\/product\/"},{"@type":"ListItem","position":3,"name":"CX20U Custom 104 Keys Gaming Wired Mechanical Keyboard Manufacturers"}]},{"@type":"WebSite","@id":"https:\/\/darshion.com\/#website","url":"https:\/\/darshion.com\/","name":"darshion","description":"14 Y\u0131ll\u0131k Tecr\u00fcbe, Kalite G\u00fcvencesi, Yenilik\u00e7i Tasar\u0131m","publisher":{"@id":"https:\/\/darshion.com\/#organization"},"potentialAction":[{"@type":"SearchAction","target":{"@type":"EntryPoint","urlTemplate":"https:\/\/darshion.com\/?s={search_term_string}"},"query-input":{"@type":"PropertyValueSpecification","valueRequired":true,"valueName":"search_term_string"}}],"inLanguage":"tr"},{"@type":"Organization","@id":"https:\/\/darshion.com\/#organization","name":"darshion","url":"https:\/\/darshion.com\/","logo":{"@type":"ImageObject","inLanguage":"tr","@id":"https:\/\/darshion.com\/#\/schema\/logo\/image\/","url":"https:\/\/darshion.com\/wp-content\/uploads\/2023\/09\/01-1.png","contentUrl":"https:\/\/darshion.com\/wp-content\/uploads\/2023\/09\/01-1.png","width":350,"height":100,"caption":"darshion"},"image":{"@id":"https:\/\/darshion.com\/#\/schema\/logo\/image\/"}}]}},"_links":{"self":[{"href":"https:\/\/darshion.com\/tr\/wp-json\/wp\/v2\/product\/3383"}],"collection":[{"href":"https:\/\/darshion.com\/tr\/wp-json\/wp\/v2\/product"}],"about":[{"href":"https:\/\/darshion.com\/tr\/wp-json\/wp\/v2\/types\/product"}],"replies":[{"embeddable":true,"href":"https:\/\/darshion.com\/tr\/wp-json\/wp\/v2\/comments?post=3383"}],"wp:featuredmedia":[{"embeddable":true,"href":"https:\/\/darshion.com\/tr\/wp-json\/wp\/v2\/media\/3377"}],"wp:attachment":[{"href":"https:\/\/darshion.com\/tr\/wp-json\/wp\/v2\/media?parent=3383"}],"wp:term":[{"taxonomy":"product_cat","embeddable":true,"href":"https:\/\/darshion.com\/tr\/wp-json\/wp\/v2\/product_cat?post=3383"},{"taxonomy":"product_tag","embeddable":true,"href":"https:\/\/darshion.com\/tr\/wp-json\/wp\/v2\/product_tag?post=3383"}],"curies":[{"name":"wp","href":"https:\/\/api.w.org\/{rel}","templated":true}]}}