{"id":3411,"date":"2024-07-16T17:03:44","date_gmt":"2024-07-16T09:03:44","guid":{"rendered":"https:\/\/darshion.com\/product\/g20u-computer-office-gaming-wired-mouse-manufacturers\/"},"modified":"2024-07-16T17:26:49","modified_gmt":"2024-07-16T09:26:49","slug":"g20u-gaming-wired-mouse","status":"publish","type":"product","link":"https:\/\/darshion.com\/tr\/urun\/g20u-gaming-wired-mouse\/","title":{"rendered":"G20U Bilgisayar Ofis Oyun Kablolu Mouse \u00dcreticileri"},"content":{"rendered":"<div id=\"detail_decorate_root\" data-magic-global=\"%7B%22bizId%22%3A2329368643%2C%22pageId%22%3A21244185219%2C%22siteId%22%3A10003129106%7D\">\n<div class=\"J_module\">\n<div class=\"detail-decorate-json-renderer-container\">\n<div class=\"magic-0\">\n<div class=\"magic-1\">\n<div class=\"magic-2\">\n<div class=\"magic-3\">\u00dcr\u00fcn A\u00e7\u0131klamas\u0131<\/div>\n<\/div>\n<\/div>\n<\/div>\n<\/div>\n<\/div>\n<div class=\"J_module\">\n<div class=\"detail-decorate-json-renderer-container\">\n<div class=\"magic-0\">\n<div class=\"magic-1\">\n<div class=\"magic-2\">\n<div class=\"magic-3\">\n<p>- LED \u015feritli 8D arka ayd\u0131nlatmal\u0131 oyun faresi<\/p>\n<div>\n<div>- Ergonomik tasar\u0131m tam kapsaml\u0131 konforlu deneyim sa\u011flar<\/div>\n<div>- Sayfalar\u0131 ileri\/geri y\u00f6nlendiren tu\u015flar, sayfalarda h\u0131zl\u0131 gezinme; ve oyun denetleyicisi i\u00e7in daha iyi bir deneyim sa\u011flamak \u00fczere ayr\u0131 ate\u015fleme tu\u015flu fare<\/div>\n<div>- Kaymay\u0131 \u00f6nleyici tasar\u0131m, 3D efektli kayd\u0131rma tekerle\u011fi ile daha iyi kavrama<\/div>\n<div>- 1.5M Bak\u0131r kablo, iletim sinyalinin daha kararl\u0131 ve dayan\u0131kl\u0131 kullan\u0131m\u0131n\u0131 sa\u011flamak i\u00e7in<\/div>\n<div>- 1000\/2500\/3500\/5000 DPI 4 seviye \u00e7\u00f6z\u00fcn\u00fcrl\u00fck sa\u011flar, farkl\u0131 oyun kontrol\u00fc i\u00e7in uygundur<\/div>\n<div>- Uyumluluk: Windows 2000,Me,XP,Vista,Windows 7\/8\/10 veya IBM PC<\/div>\n<div>- \u00dc\u00e7 milyon kez anahtarlama<\/div>\n<\/div>\n<\/div>\n<\/div>\n<\/div>\n<\/div>\n<\/div>\n<\/div>\n<\/div>\n<div class=\"J_module\">\n<div id=\"ali-anchor-AliMagic-qzjysn\" class=\"magic-10\" data-section=\"AliMagic-qzjysn\" data-section-title=\"Details Images\">Detaylar G\u00f6r\u00fcnt\u00fcler<\/div>\n<\/div>\n<div class=\"J_module\">\n<div class=\"icbu-pc-detailManyImage magic-11\">\n<div class=\"magic-12\"><img decoding=\"async\" class=\"wired mouse factory\" title=\"kablolu fare fabrikas\u0131\" src=\"https:\/\/darshion.com\/wp-content\/uploads\/2024\/07\/H80cc53d383ae4aae89ea1cfa5a5a1be36.png\" alt=\"wired mouse factory\" \/><\/div>\n<div class=\"magic-12\"><img decoding=\"async\" class=\"wired mouse factory\" title=\"kablolu fare fabrikas\u0131\" src=\"https:\/\/darshion.com\/wp-content\/uploads\/2024\/07\/Hca136440bbc044bd84279711092a09c4m.png\" alt=\"wired mouse factory\" \/><\/div>\n<div class=\"magic-12\"><img decoding=\"async\" class=\"wired mouse factory\" title=\"kablolu fare fabrikas\u0131\" src=\"https:\/\/darshion.com\/wp-content\/uploads\/2024\/07\/H9b95aeb4095b42dd8ed17363fe4a13ef7.png\" alt=\"wired mouse factory\" \/><\/div>\n<div class=\"magic-12\"><img decoding=\"async\" class=\"wired mouse factory\" title=\"kablolu fare fabrikas\u0131\" src=\"https:\/\/darshion.com\/wp-content\/uploads\/2024\/07\/Hec9268ce4c3443c598b4e1fcbcb7f302N.png\" alt=\"wired mouse factory\" \/><\/div>\n<div class=\"magic-12\"><img decoding=\"async\" class=\"wired mouse factory\" title=\"kablolu fare fabrikas\u0131\" src=\"https:\/\/darshion.com\/wp-content\/uploads\/2024\/07\/Hccedaf901582417eaf16adddfb2ae4efy.png\" alt=\"wired mouse factory\" \/><\/div>\n<div class=\"magic-12\"><img decoding=\"async\" class=\"wired mouse factory\" title=\"kablolu fare fabrikas\u0131\" src=\"https:\/\/darshion.com\/wp-content\/uploads\/2024\/07\/H637cf704328f4dc5b09255860f3755baS.png\" alt=\"wired mouse factory\" \/><\/div>\n<div class=\"magic-12\"><img decoding=\"async\" class=\"wired mouse factory\" title=\"kablolu fare fabrikas\u0131\" src=\"https:\/\/darshion.com\/wp-content\/uploads\/2024\/07\/H02e0e7340d48486ea473e867be51e0eau.png\" alt=\"wired mouse factory\" \/><\/div>\n<\/div>\n<\/div>","protected":false},"excerpt":{"rendered":"<div>\n<p>Type:Wired<br \/>\nInterface Type:usb<br \/>\nNumber of Buttons:8<br \/>\nDPI:5000<br \/>\nStyle:Gaming, backlit<\/p>\n<p>[Other attributes]<br \/>\nPlace of Origin:Guangdong, China<br \/>\nPrivate Mold:Yes<br \/>\nProgrammable:NO<br \/>\nTracking Method:Optical<br \/>\nNumber of Rollers:2<br \/>\nProducts Status:Stock<br \/>\nApplication:Desktop, LAPTOP<br \/>\nHand Orientation:Right<br \/>\nModel Number:G20U<br \/>\nBacklit:LED<br \/>\nErgonomics:Yes<br \/>\nSupport:Windows XP\/7\/8\/10, IOS, Android Mobile phone, PC, Tablet, Mac<br \/>\nPackage:4c colour box<br \/>\nDesign:Modern<br \/>\nCertification:CE,ROHS<br \/>\nRechargeable batteries:300maH<br \/>\nButtons:8D Buttons<br \/>\nLogo:OEM Service<br \/>\nProduct Name:rgb gaming mouse<br \/>\nMouse Type:Wired Mouse Gaming<br \/>\nFeature:High DPI<\/p>\n<\/div>\n","protected":false},"featured_media":3404,"comment_status":"open","ping_status":"closed","template":"","meta":{"_monsterinsights_skip_tracking":false,"_monsterinsights_sitenote_active":false,"_monsterinsights_sitenote_note":"","_monsterinsights_sitenote_category":0},"product_cat":[542],"product_tag":[561],"yoast_head":"<!-- This site is optimized with the Yoast SEO Premium plugin v22.9 (Yoast SEO v24.0) - https:\/\/yoast.com\/wordpress\/plugins\/seo\/ -->\n<title>G20U Computer Office Gaming Wired Mouse Manufacturers - darshion<\/title>\n<meta name=\"robots\" content=\"index, follow, max-snippet:-1, max-image-preview:large, max-video-preview:-1\" \/>\n<link rel=\"canonical\" href=\"https:\/\/darshion.com\/tr\/producto\/g20u-gaming-wired-mouse\/\" \/>\n<meta property=\"og:locale\" content=\"tr_TR\" \/>\n<meta property=\"og:type\" content=\"article\" \/>\n<meta property=\"og:title\" content=\"G20U Computer Office Gaming Wired Mouse Manufacturers\" \/>\n<meta property=\"og:description\" content=\"Type:Wired Interface Type:usb Number of Buttons:8 DPI:5000 Style:Gaming, backlit  [Other attributes] Place of Origin:Guangdong, China Private Mold:Yes Programmable:NO Tracking Method:Optical Number of Rollers:2 Products Status:Stock Application:Desktop, LAPTOP Hand Orientation:Right Model Number:G20U Backlit:LED Ergonomics:Yes Support:Windows XP\/7\/8\/10, IOS, Android Mobile phone, PC, Tablet, Mac Package:4c colour box Design:Modern Certification:CE,ROHS Rechargeable batteries:300maH Buttons:8D Buttons Logo:OEM Service Product Name:rgb gaming mouse Mouse Type:Wired Mouse Gaming Feature:High DPI\" \/>\n<meta property=\"og:url\" content=\"https:\/\/darshion.com\/tr\/producto\/g20u-gaming-wired-mouse\/\" \/>\n<meta property=\"og:site_name\" content=\"darshion\" \/>\n<meta property=\"article:modified_time\" content=\"2024-07-16T09:26:49+00:00\" \/>\n<meta property=\"og:image\" content=\"https:\/\/darshion.com\/wp-content\/uploads\/2024\/07\/Hd282fb6c5764459e91352ee6d00058bbt.png\" \/>\n\t<meta property=\"og:image:width\" content=\"800\" \/>\n\t<meta property=\"og:image:height\" content=\"800\" \/>\n\t<meta property=\"og:image:type\" content=\"image\/png\" \/>\n<meta name=\"twitter:card\" content=\"summary_large_image\" \/>\n<meta name=\"twitter:label1\" content=\"Tahmini okuma s\u00fcresi\" \/>\n\t<meta name=\"twitter:data1\" content=\"2 dakika\" \/>\n<script type=\"application\/ld+json\" class=\"yoast-schema-graph\">{\"@context\":\"https:\/\/schema.org\",\"@graph\":[{\"@type\":\"WebPage\",\"@id\":\"https:\/\/darshion.com\/es\/producto\/g20u-gaming-wired-mouse\/\",\"url\":\"https:\/\/darshion.com\/es\/producto\/g20u-gaming-wired-mouse\/\",\"name\":\"G20U Computer Office Gaming Wired Mouse Manufacturers - darshion\",\"isPartOf\":{\"@id\":\"https:\/\/darshion.com\/#website\"},\"primaryImageOfPage\":{\"@id\":\"https:\/\/darshion.com\/es\/producto\/g20u-gaming-wired-mouse\/#primaryimage\"},\"image\":{\"@id\":\"https:\/\/darshion.com\/es\/producto\/g20u-gaming-wired-mouse\/#primaryimage\"},\"thumbnailUrl\":\"https:\/\/darshion.com\/wp-content\/uploads\/2024\/07\/Hd282fb6c5764459e91352ee6d00058bbt.png\",\"datePublished\":\"2024-07-16T09:03:44+00:00\",\"dateModified\":\"2024-07-16T09:26:49+00:00\",\"breadcrumb\":{\"@id\":\"https:\/\/darshion.com\/es\/producto\/g20u-gaming-wired-mouse\/#breadcrumb\"},\"inLanguage\":\"tr\",\"potentialAction\":[{\"@type\":\"ReadAction\",\"target\":[\"https:\/\/darshion.com\/es\/producto\/g20u-gaming-wired-mouse\/\"]}]},{\"@type\":\"ImageObject\",\"inLanguage\":\"tr\",\"@id\":\"https:\/\/darshion.com\/es\/producto\/g20u-gaming-wired-mouse\/#primaryimage\",\"url\":\"https:\/\/darshion.com\/wp-content\/uploads\/2024\/07\/Hd282fb6c5764459e91352ee6d00058bbt.png\",\"contentUrl\":\"https:\/\/darshion.com\/wp-content\/uploads\/2024\/07\/Hd282fb6c5764459e91352ee6d00058bbt.png\",\"width\":800,\"height\":800},{\"@type\":\"BreadcrumbList\",\"@id\":\"https:\/\/darshion.com\/es\/producto\/g20u-gaming-wired-mouse\/#breadcrumb\",\"itemListElement\":[{\"@type\":\"ListItem\",\"position\":1,\"name\":\"\u9996\u9875\",\"item\":\"https:\/\/darshion.com\/\"},{\"@type\":\"ListItem\",\"position\":2,\"name\":\"PRODUCT\",\"item\":\"https:\/\/darshion.com\/pt\/product\/\"},{\"@type\":\"ListItem\",\"position\":3,\"name\":\"G20U Computer Office Gaming Wired Mouse Manufacturers\"}]},{\"@type\":\"WebSite\",\"@id\":\"https:\/\/darshion.com\/#website\",\"url\":\"https:\/\/darshion.com\/\",\"name\":\"darshion\",\"description\":\"14 Years of Experience, Quality Assurance, Innovative Design\",\"publisher\":{\"@id\":\"https:\/\/darshion.com\/#organization\"},\"potentialAction\":[{\"@type\":\"SearchAction\",\"target\":{\"@type\":\"EntryPoint\",\"urlTemplate\":\"https:\/\/darshion.com\/?s={search_term_string}\"},\"query-input\":{\"@type\":\"PropertyValueSpecification\",\"valueRequired\":true,\"valueName\":\"search_term_string\"}}],\"inLanguage\":\"tr\"},{\"@type\":\"Organization\",\"@id\":\"https:\/\/darshion.com\/#organization\",\"name\":\"darshion\",\"url\":\"https:\/\/darshion.com\/\",\"logo\":{\"@type\":\"ImageObject\",\"inLanguage\":\"tr\",\"@id\":\"https:\/\/darshion.com\/#\/schema\/logo\/image\/\",\"url\":\"https:\/\/darshion.com\/wp-content\/uploads\/2023\/09\/01-1.png\",\"contentUrl\":\"https:\/\/darshion.com\/wp-content\/uploads\/2023\/09\/01-1.png\",\"width\":350,\"height\":100,\"caption\":\"darshion\"},\"image\":{\"@id\":\"https:\/\/darshion.com\/#\/schema\/logo\/image\/\"}}]}<\/script>\n<!-- \/ Yoast SEO Premium plugin. -->","yoast_head_json":{"title":"G20U Bilgisayar Ofis Oyun Kablolu Mouse \u00dcreticileri - darshion","robots":{"index":"index","follow":"follow","max-snippet":"max-snippet:-1","max-image-preview":"max-image-preview:large","max-video-preview":"max-video-preview:-1"},"canonical":"https:\/\/darshion.com\/tr\/producto\/g20u-gaming-wired-mouse\/","og_locale":"tr_TR","og_type":"article","og_title":"G20U Computer Office Gaming Wired Mouse Manufacturers","og_description":"Type:Wired Interface Type:usb Number of Buttons:8 DPI:5000 Style:Gaming, backlit  [Other attributes] Place of Origin:Guangdong, China Private Mold:Yes Programmable:NO Tracking Method:Optical Number of Rollers:2 Products Status:Stock Application:Desktop, LAPTOP Hand Orientation:Right Model Number:G20U Backlit:LED Ergonomics:Yes Support:Windows XP\/7\/8\/10, IOS, Android Mobile phone, PC, Tablet, Mac Package:4c colour box Design:Modern Certification:CE,ROHS Rechargeable batteries:300maH Buttons:8D Buttons Logo:OEM Service Product Name:rgb gaming mouse Mouse Type:Wired Mouse Gaming Feature:High DPI","og_url":"https:\/\/darshion.com\/tr\/producto\/g20u-gaming-wired-mouse\/","og_site_name":"darshion","article_modified_time":"2024-07-16T09:26:49+00:00","og_image":[{"width":800,"height":800,"url":"https:\/\/darshion.com\/wp-content\/uploads\/2024\/07\/Hd282fb6c5764459e91352ee6d00058bbt.png","type":"image\/png"}],"twitter_card":"summary_large_image","twitter_misc":{"Tahmini okuma s\u00fcresi":"2 dakika"},"schema":{"@context":"https:\/\/schema.org","@graph":[{"@type":"WebPage","@id":"https:\/\/darshion.com\/es\/producto\/g20u-gaming-wired-mouse\/","url":"https:\/\/darshion.com\/es\/producto\/g20u-gaming-wired-mouse\/","name":"G20U Bilgisayar Ofis Oyun Kablolu Mouse \u00dcreticileri - darshion","isPartOf":{"@id":"https:\/\/darshion.com\/#website"},"primaryImageOfPage":{"@id":"https:\/\/darshion.com\/es\/producto\/g20u-gaming-wired-mouse\/#primaryimage"},"image":{"@id":"https:\/\/darshion.com\/es\/producto\/g20u-gaming-wired-mouse\/#primaryimage"},"thumbnailUrl":"https:\/\/darshion.com\/wp-content\/uploads\/2024\/07\/Hd282fb6c5764459e91352ee6d00058bbt.png","datePublished":"2024-07-16T09:03:44+00:00","dateModified":"2024-07-16T09:26:49+00:00","breadcrumb":{"@id":"https:\/\/darshion.com\/es\/producto\/g20u-gaming-wired-mouse\/#breadcrumb"},"inLanguage":"tr","potentialAction":[{"@type":"ReadAction","target":["https:\/\/darshion.com\/es\/producto\/g20u-gaming-wired-mouse\/"]}]},{"@type":"ImageObject","inLanguage":"tr","@id":"https:\/\/darshion.com\/es\/producto\/g20u-gaming-wired-mouse\/#primaryimage","url":"https:\/\/darshion.com\/wp-content\/uploads\/2024\/07\/Hd282fb6c5764459e91352ee6d00058bbt.png","contentUrl":"https:\/\/darshion.com\/wp-content\/uploads\/2024\/07\/Hd282fb6c5764459e91352ee6d00058bbt.png","width":800,"height":800},{"@type":"BreadcrumbList","@id":"https:\/\/darshion.com\/es\/producto\/g20u-gaming-wired-mouse\/#breadcrumb","itemListElement":[{"@type":"ListItem","position":1,"name":"\u9996\u9875","item":"https:\/\/darshion.com\/"},{"@type":"ListItem","position":2,"name":"PRODUCT","item":"https:\/\/darshion.com\/pt\/product\/"},{"@type":"ListItem","position":3,"name":"G20U Computer Office Gaming Wired Mouse Manufacturers"}]},{"@type":"WebSite","@id":"https:\/\/darshion.com\/#website","url":"https:\/\/darshion.com\/","name":"darshion","description":"14 Y\u0131ll\u0131k Tecr\u00fcbe, Kalite G\u00fcvencesi, Yenilik\u00e7i Tasar\u0131m","publisher":{"@id":"https:\/\/darshion.com\/#organization"},"potentialAction":[{"@type":"SearchAction","target":{"@type":"EntryPoint","urlTemplate":"https:\/\/darshion.com\/?s={search_term_string}"},"query-input":{"@type":"PropertyValueSpecification","valueRequired":true,"valueName":"search_term_string"}}],"inLanguage":"tr"},{"@type":"Organization","@id":"https:\/\/darshion.com\/#organization","name":"darshion","url":"https:\/\/darshion.com\/","logo":{"@type":"ImageObject","inLanguage":"tr","@id":"https:\/\/darshion.com\/#\/schema\/logo\/image\/","url":"https:\/\/darshion.com\/wp-content\/uploads\/2023\/09\/01-1.png","contentUrl":"https:\/\/darshion.com\/wp-content\/uploads\/2023\/09\/01-1.png","width":350,"height":100,"caption":"darshion"},"image":{"@id":"https:\/\/darshion.com\/#\/schema\/logo\/image\/"}}]}},"_links":{"self":[{"href":"https:\/\/darshion.com\/tr\/wp-json\/wp\/v2\/product\/3411"}],"collection":[{"href":"https:\/\/darshion.com\/tr\/wp-json\/wp\/v2\/product"}],"about":[{"href":"https:\/\/darshion.com\/tr\/wp-json\/wp\/v2\/types\/product"}],"replies":[{"embeddable":true,"href":"https:\/\/darshion.com\/tr\/wp-json\/wp\/v2\/comments?post=3411"}],"wp:featuredmedia":[{"embeddable":true,"href":"https:\/\/darshion.com\/tr\/wp-json\/wp\/v2\/media\/3404"}],"wp:attachment":[{"href":"https:\/\/darshion.com\/tr\/wp-json\/wp\/v2\/media?parent=3411"}],"wp:term":[{"taxonomy":"product_cat","embeddable":true,"href":"https:\/\/darshion.com\/tr\/wp-json\/wp\/v2\/product_cat?post=3411"},{"taxonomy":"product_tag","embeddable":true,"href":"https:\/\/darshion.com\/tr\/wp-json\/wp\/v2\/product_tag?post=3411"}],"curies":[{"name":"wp","href":"https:\/\/api.w.org\/{rel}","templated":true}]}}