{"id":3693,"date":"2024-07-19T11:44:01","date_gmt":"2024-07-19T03:44:01","guid":{"rendered":"https:\/\/darshion.com\/product\/v30-rechargeable-wireless-silent-vertical-gaming-mouse-suppliers\/"},"modified":"2024-07-19T17:36:59","modified_gmt":"2024-07-19T09:36:59","slug":"v30-rechargeable-wireless-silent-vertical-gaming-mouse-suppliers","status":"publish","type":"product","link":"https:\/\/darshion.com\/tr\/urun\/v30-rechargeable-wireless-silent-vertical-gaming-mouse-suppliers\/","title":{"rendered":"V30 \u015earj Edilebilir Kablosuz Sessiz Dikey Oyun Faresi Tedarik\u00e7iler"},"content":{"rendered":"<div id=\"detail_decorate_root\" data-magic-global=\"%7B%22bizId%22%3A2329368643%2C%22pageId%22%3A21359055401%2C%22siteId%22%3A10003129106%7D\">\n<div class=\"J_module\">\n<div class=\"detail-decorate-json-renderer-container\">\n<div class=\"magic-0\">\n<div class=\"magic-1\">\n<div class=\"magic-2\">\n<div class=\"magic-3\">\u3010<strong>Geli\u015fmi\u015f Ergonomik Tasar\u0131mn<\/strong>\u3011<\/div>\n<\/div>\n<\/div>\n<\/div>\n<\/div>\n<\/div>\n<div class=\"J_module\">\n<div class=\"detail-decorate-json-renderer-container\">\n<div class=\"magic-0\">\n<div class=\"magic-1\">\n<div class=\"magic-2\">\n<div class=\"magic-3\">\n<p><span style=\"font-family: Times New Roman;\"> M\u00fckemmel yontulmu\u015f, el yap\u0131m\u0131 \u015fekli elinizi ve bile\u011finizi rahat ve do\u011fal bir pozisyonda destekler<\/span><\/p>\n<p>&nbsp;<\/p>\n<div>\n<p><span style=\"font-family: Times New Roman;\"><br \/>\n<strong>\u3010\u015earj Edilebilir Pil\u3011<br \/>\n<\/strong> Dahili 500mAh \u015farj edilebilir lityum pil ile, tekrar \u015farj etmek zorunda kalmadan g\u00fcnlerce fareyi s\u00fcrekli kullanman\u0131n keyfini \u00e7\u0131kar\u0131n. Gerekti\u011finde fareyi \u015farj etmek i\u00e7in birlikte verilen USB kablosunu kullan\u0131n. <\/span><\/p>\n<p>&nbsp;<\/p>\n<p><strong>\u3010Ayarlanabilir DPI\u3011<br \/>\n<\/strong>\u0130htiya\u00e7lar\u0131n\u0131za uygun 3 DPI ayar\u0131 seviyesi aras\u0131nda ge\u00e7i\u015f yap\u0131n (800\/1200\/1600)<\/p>\n<p>&nbsp;<\/p>\n<\/div>\n<div><span style=\"font-family: Times New Roman;\"><br \/>\n<span class=\"magic-6\"><strong class=\"magic-6\">\u30103 Cihaz i\u00e7in 1 Dikey Bluetooth Fare\u3011<\/strong><\/span><\/span><\/div>\n<div><span style=\"font-family: Times New Roman;\">Kablosuz farenin \u00fc\u00e7 modu vard\u0131r: Bluetooth BT1\/BT2 ve 2.4G kablosuz ba\u011flant\u0131 Her mod bir cihaza ba\u011flanabilir, \u00fc\u00e7 cihaz aras\u0131nda serbest ge\u00e7i\u015fi ger\u00e7ekle\u015ftirmek i\u00e7in mod de\u011fi\u015ftirme d\u00fc\u011fmesine t\u0131klaman\u0131z yeterlidir. Dikey fare i\u015f verimlili\u011finizi b\u00fcy\u00fck \u00f6l\u00e7\u00fcde art\u0131rabilir!<\/span><\/div>\n<div><\/div>\n<div><span style=\"font-family: Times New Roman;\"><strong>\u3010G\u00fc\u00e7l\u00fc Uyumluluk\u3011<\/strong><\/span><\/div>\n<p><span style=\"font-family: Times New Roman;\">Windows 2000,Me,XP,Vista,Windows 7\/8\/10 veya IBM PC<\/span><\/p>\n<div>\n<p><span style=\"font-family: Times New Roman;\">\u00a0<\/span><\/p>\n<p>&nbsp;<\/p>\n<div>\n<div>\n<p><span style=\"font-family: Times New Roman;\">Demensions:124.23*82.37*49.12mm<br \/>\n<\/span><\/p>\n<p>&nbsp;<\/p>\n<div><span style=\"font-family: Times New Roman;\">A\u011f\u0131rl\u0131k: 114,4 g<\/span><\/div>\n<div><span style=\"font-family: Times New Roman;\">Kablosuz Al\u0131m Mesafesi:10m<\/span><\/div>\n<div><span style=\"font-family: Times New Roman;\">D\u00fc\u011fmeler:6 d\u00fc\u011fme (Sol\/Sa\u011f t\u0131klama, Geri\/\u0130leri, Uygulama De\u011fi\u015ftirme, Tekerlek modu de\u011fi\u015ftirme, Orta t\u0131klama)<\/span><\/div>\n<div><span style=\"font-family: Times New Roman;\">Aray\u00fcz Tipi:USD (Mevcut USB-C \u015earj portu)<\/span><\/div>\n<div><span style=\"font-family: Times New Roman;\">Kablosuz Teknoloji: Geli\u015fmi\u015f 2.4GHz kablosuz teknolojisi (2.4 G + BT4.0 + BT4.0 \u00e7ift mod)<\/span><\/div>\n<div><span style=\"font-family: Times New Roman;\">D\u00fc\u011fme Kullan\u0131m \u00d6mr\u00fc: 3 milyon kez<\/span><\/div>\n<div><span style=\"font-family: Times New Roman;\"><br \/>\n<strong class=\"magic-5\">\u3010\u00d6zelle\u015ftirilebilir\u3011<\/strong><br \/>\n- Kablolu\/Kablosuz\/2.4G\/Bluetooth \u00dc\u00e7l\u00fc mod\/\u00c7oklu Kanal<br \/>\n- \u0130\u00e7 \u00c7\u00f6z\u00fcmler:Yichip\/NORDIC\/BEKEN\/MOSART\/TELINK\/<br \/>\n- LOGO &amp; Ambalaj &amp; Fare Rengi<\/span><\/div>\n<\/div>\n<\/div>\n<\/div>\n<\/div>\n<\/div>\n<\/div>\n<\/div>\n<\/div>\n<\/div>\n<div class=\"J_module\">\n<div id=\"ali-anchor-AliMagic-2hz52z\" class=\"magic-4\" data-section=\"AliMagic-2hz52z\" data-section-title=\"Details Images\">Detaylar G\u00f6r\u00fcnt\u00fcler<\/div>\n<\/div>\n<div class=\"J_module\">\n<div class=\"icbu-pc-detailManyImage magic-7\">\n<div class=\"magic-8\"><img decoding=\"async\" class=\"magic-9\" src=\"https:\/\/darshion.com\/wp-content\/uploads\/2024\/07\/Hf38b7013d0cb4f5899c14940c6774a9c7.jpg\" \/><\/div>\n<div class=\"magic-8\"><img decoding=\"async\" class=\"magic-9\" src=\"https:\/\/darshion.com\/wp-content\/uploads\/2024\/07\/Hd317add71d184d109064d593e10ca6e4k.jpg\" \/><\/div>\n<div class=\"magic-8\"><img decoding=\"async\" class=\"magic-9\" src=\"https:\/\/darshion.com\/wp-content\/uploads\/2024\/07\/H6aee696af0094554bfd65f472869e1d3K.jpg\" \/><\/div>\n<div class=\"magic-8\"><img decoding=\"async\" class=\"magic-9\" src=\"https:\/\/darshion.com\/wp-content\/uploads\/2024\/07\/H15861c8852b84af886c24be63be6e9595.jpg\" \/><\/div>\n<div class=\"magic-8\"><img decoding=\"async\" class=\"magic-9\" src=\"https:\/\/darshion.com\/wp-content\/uploads\/2024\/07\/H78197e63d2ec45ea9b1f4eb8ec981800w.jpg\" \/><\/div>\n<div class=\"magic-8\"><img decoding=\"async\" class=\"magic-9\" src=\"https:\/\/darshion.com\/wp-content\/uploads\/2024\/07\/H6ff35d16b8534f3f859e0bcd90491be8y.jpg\" \/><\/div>\n<div class=\"magic-8\"><img decoding=\"async\" class=\"magic-9\" src=\"https:\/\/darshion.com\/wp-content\/uploads\/2024\/07\/H5926a5d641b84c7aa43be2523ab5f881l.jpg\" \/><\/div>\n<div class=\"magic-8\"><img decoding=\"async\" class=\"magic-9\" src=\"https:\/\/darshion.com\/wp-content\/uploads\/2024\/07\/Hb20434b4f76a4d3f885ea82a1d0bc63bL.jpg\" \/><\/div>\n<div class=\"magic-8\"><img decoding=\"async\" class=\"magic-9\" src=\"https:\/\/darshion.com\/wp-content\/uploads\/2024\/07\/H0eee520489644567adef02fa095734944.jpg\" \/><\/div>\n<\/div>\n<\/div>\n<\/div>","protected":false},"excerpt":{"rendered":"<div>\n<p>[Industry-specific attributes]<br \/>\nType:2.4Ghz Wireless<br \/>\nInterface Type:usb<br \/>\nNumber of Buttons:6<br \/>\nDPI:1000, 1200, 1600<\/p>\n<p>&nbsp;<\/p>\n<p>[Other attributes]<br \/>\nPlace of Origin:Guangdong, China<br \/>\nPrivate Mold:Yes<br \/>\nProgrammable:NO<br \/>\nTracking Method:Optical<br \/>\nPower Type:RECHARGEABLE<br \/>\nNumber of Rollers:1<br \/>\nProducts Status:Stock<br \/>\nApplication:Desktop, LAPTOP<br \/>\nHand Orientation:Right<br \/>\nModel Number:V30<br \/>\nErgonomics:Yes<br \/>\nProduct Name:wireless bluetooth ergonomic mouse<br \/>\nKeywords:wireless ergonomic mouse<br \/>\nSupport:Windows XP\/7\/8\/10, IOS, Android Mobile phone, PC, Tablet, Mac<br \/>\nPackage:4c colour box<br \/>\nMouse Type:2.4G Wireless bluetooth Mouse<br \/>\nCertification:CE,ROHS,BQB,FCC<br \/>\nButtons:6D Buttons<br \/>\nFeature:2.4g Advanced Wireless Mouse<br \/>\nLogo:Accept Customized Logo<br \/>\nFunction:Gaming Office Pc Mouse<\/p>\n<\/div>\n","protected":false},"featured_media":3691,"comment_status":"open","ping_status":"closed","template":"","meta":{"_monsterinsights_skip_tracking":false,"_monsterinsights_sitenote_active":false,"_monsterinsights_sitenote_note":"","_monsterinsights_sitenote_category":0},"product_cat":[541],"product_tag":[558],"yoast_head":"<!-- This site is optimized with the Yoast SEO Premium plugin v22.9 (Yoast SEO v24.0) - https:\/\/yoast.com\/wordpress\/plugins\/seo\/ -->\n<title>V30 Rechargeable Wireless Silent Vertical Gaming Mouse Suppliers - darshion<\/title>\n<meta name=\"robots\" content=\"index, follow, max-snippet:-1, max-image-preview:large, max-video-preview:-1\" \/>\n<link rel=\"canonical\" href=\"https:\/\/darshion.com\/tr\/urun\/v30-rechargeable-wireless-silent-vertical-gaming-mouse-suppliers\/\" \/>\n<meta property=\"og:locale\" content=\"tr_TR\" \/>\n<meta property=\"og:type\" content=\"article\" \/>\n<meta property=\"og:title\" content=\"V30 Rechargeable Wireless Silent Vertical Gaming Mouse Suppliers\" \/>\n<meta property=\"og:description\" content=\"[Industry-specific attributes] Type:2.4Ghz Wireless Interface Type:usb Number of Buttons:6 DPI:1000, 1200, 1600  &nbsp;  [Other attributes] Place of Origin:Guangdong, China Private Mold:Yes Programmable:NO Tracking Method:Optical Power Type:RECHARGEABLE Number of Rollers:1 Products Status:Stock Application:Desktop, LAPTOP Hand Orientation:Right Model Number:V30 Ergonomics:Yes Product Name:wireless bluetooth ergonomic mouse Keywords:wireless ergonomic mouse Support:Windows XP\/7\/8\/10, IOS, Android Mobile phone, PC, Tablet, Mac Package:4c colour box Mouse Type:2.4G Wireless bluetooth Mouse Certification:CE,ROHS,BQB,FCC Buttons:6D Buttons Feature:2.4g Advanced Wireless Mouse Logo:Accept Customized Logo Function:Gaming Office Pc Mouse\" \/>\n<meta property=\"og:url\" content=\"https:\/\/darshion.com\/tr\/urun\/v30-rechargeable-wireless-silent-vertical-gaming-mouse-suppliers\/\" \/>\n<meta property=\"og:site_name\" content=\"darshion\" \/>\n<meta property=\"article:modified_time\" content=\"2024-07-19T09:36:59+00:00\" \/>\n<meta property=\"og:image\" content=\"https:\/\/darshion.com\/wp-content\/uploads\/2024\/07\/H90d217bb952744cfb1f1452c6ef24141y.jpg\" \/>\n\t<meta property=\"og:image:width\" content=\"1200\" \/>\n\t<meta property=\"og:image:height\" content=\"1200\" \/>\n\t<meta property=\"og:image:type\" content=\"image\/jpeg\" \/>\n<meta name=\"twitter:card\" content=\"summary_large_image\" \/>\n<meta name=\"twitter:label1\" content=\"Tahmini okuma s\u00fcresi\" \/>\n\t<meta name=\"twitter:data1\" content=\"3 dakika\" \/>\n<script type=\"application\/ld+json\" class=\"yoast-schema-graph\">{\"@context\":\"https:\/\/schema.org\",\"@graph\":[{\"@type\":\"WebPage\",\"@id\":\"https:\/\/darshion.com\/ru\/product\/v30-rechargeable-wireless-silent-vertical-gaming-mouse-suppliers\/\",\"url\":\"https:\/\/darshion.com\/ru\/product\/v30-rechargeable-wireless-silent-vertical-gaming-mouse-suppliers\/\",\"name\":\"V30 Rechargeable Wireless Silent Vertical Gaming Mouse Suppliers - darshion\",\"isPartOf\":{\"@id\":\"https:\/\/darshion.com\/#website\"},\"primaryImageOfPage\":{\"@id\":\"https:\/\/darshion.com\/ru\/product\/v30-rechargeable-wireless-silent-vertical-gaming-mouse-suppliers\/#primaryimage\"},\"image\":{\"@id\":\"https:\/\/darshion.com\/ru\/product\/v30-rechargeable-wireless-silent-vertical-gaming-mouse-suppliers\/#primaryimage\"},\"thumbnailUrl\":\"https:\/\/darshion.com\/wp-content\/uploads\/2024\/07\/H90d217bb952744cfb1f1452c6ef24141y.jpg\",\"datePublished\":\"2024-07-19T03:44:01+00:00\",\"dateModified\":\"2024-07-19T09:36:59+00:00\",\"breadcrumb\":{\"@id\":\"https:\/\/darshion.com\/ru\/product\/v30-rechargeable-wireless-silent-vertical-gaming-mouse-suppliers\/#breadcrumb\"},\"inLanguage\":\"tr\",\"potentialAction\":[{\"@type\":\"ReadAction\",\"target\":[\"https:\/\/darshion.com\/ru\/product\/v30-rechargeable-wireless-silent-vertical-gaming-mouse-suppliers\/\"]}]},{\"@type\":\"ImageObject\",\"inLanguage\":\"tr\",\"@id\":\"https:\/\/darshion.com\/ru\/product\/v30-rechargeable-wireless-silent-vertical-gaming-mouse-suppliers\/#primaryimage\",\"url\":\"https:\/\/darshion.com\/wp-content\/uploads\/2024\/07\/H90d217bb952744cfb1f1452c6ef24141y.jpg\",\"contentUrl\":\"https:\/\/darshion.com\/wp-content\/uploads\/2024\/07\/H90d217bb952744cfb1f1452c6ef24141y.jpg\",\"width\":1200,\"height\":1200},{\"@type\":\"BreadcrumbList\",\"@id\":\"https:\/\/darshion.com\/ru\/product\/v30-rechargeable-wireless-silent-vertical-gaming-mouse-suppliers\/#breadcrumb\",\"itemListElement\":[{\"@type\":\"ListItem\",\"position\":1,\"name\":\"\u9996\u9875\",\"item\":\"https:\/\/darshion.com\/\"},{\"@type\":\"ListItem\",\"position\":2,\"name\":\"PRODUCT\",\"item\":\"https:\/\/darshion.com\/pt\/product\/\"},{\"@type\":\"ListItem\",\"position\":3,\"name\":\"V30 Rechargeable Wireless Silent Vertical Gaming Mouse Suppliers\"}]},{\"@type\":\"WebSite\",\"@id\":\"https:\/\/darshion.com\/#website\",\"url\":\"https:\/\/darshion.com\/\",\"name\":\"darshion\",\"description\":\"14 Years of Experience, Quality Assurance, Innovative Design\",\"publisher\":{\"@id\":\"https:\/\/darshion.com\/#organization\"},\"potentialAction\":[{\"@type\":\"SearchAction\",\"target\":{\"@type\":\"EntryPoint\",\"urlTemplate\":\"https:\/\/darshion.com\/?s={search_term_string}\"},\"query-input\":{\"@type\":\"PropertyValueSpecification\",\"valueRequired\":true,\"valueName\":\"search_term_string\"}}],\"inLanguage\":\"tr\"},{\"@type\":\"Organization\",\"@id\":\"https:\/\/darshion.com\/#organization\",\"name\":\"darshion\",\"url\":\"https:\/\/darshion.com\/\",\"logo\":{\"@type\":\"ImageObject\",\"inLanguage\":\"tr\",\"@id\":\"https:\/\/darshion.com\/#\/schema\/logo\/image\/\",\"url\":\"https:\/\/darshion.com\/wp-content\/uploads\/2023\/09\/01-1.png\",\"contentUrl\":\"https:\/\/darshion.com\/wp-content\/uploads\/2023\/09\/01-1.png\",\"width\":350,\"height\":100,\"caption\":\"darshion\"},\"image\":{\"@id\":\"https:\/\/darshion.com\/#\/schema\/logo\/image\/\"}}]}<\/script>\n<!-- \/ Yoast SEO Premium plugin. -->","yoast_head_json":{"title":"V30 \u015earj Edilebilir Kablosuz Sessiz Dikey Oyun Faresi Tedarik\u00e7iler - darshion","robots":{"index":"index","follow":"follow","max-snippet":"max-snippet:-1","max-image-preview":"max-image-preview:large","max-video-preview":"max-video-preview:-1"},"canonical":"https:\/\/darshion.com\/tr\/urun\/v30-rechargeable-wireless-silent-vertical-gaming-mouse-suppliers\/","og_locale":"tr_TR","og_type":"article","og_title":"V30 Rechargeable Wireless Silent Vertical Gaming Mouse Suppliers","og_description":"[Industry-specific attributes] Type:2.4Ghz Wireless Interface Type:usb Number of Buttons:6 DPI:1000, 1200, 1600  &nbsp;  [Other attributes] Place of Origin:Guangdong, China Private Mold:Yes Programmable:NO Tracking Method:Optical Power Type:RECHARGEABLE Number of Rollers:1 Products Status:Stock Application:Desktop, LAPTOP Hand Orientation:Right Model Number:V30 Ergonomics:Yes Product Name:wireless bluetooth ergonomic mouse Keywords:wireless ergonomic mouse Support:Windows XP\/7\/8\/10, IOS, Android Mobile phone, PC, Tablet, Mac Package:4c colour box Mouse Type:2.4G Wireless bluetooth Mouse Certification:CE,ROHS,BQB,FCC Buttons:6D Buttons Feature:2.4g Advanced Wireless Mouse Logo:Accept Customized Logo Function:Gaming Office Pc Mouse","og_url":"https:\/\/darshion.com\/tr\/urun\/v30-rechargeable-wireless-silent-vertical-gaming-mouse-suppliers\/","og_site_name":"darshion","article_modified_time":"2024-07-19T09:36:59+00:00","og_image":[{"width":1200,"height":1200,"url":"https:\/\/darshion.com\/wp-content\/uploads\/2024\/07\/H90d217bb952744cfb1f1452c6ef24141y.jpg","type":"image\/jpeg"}],"twitter_card":"summary_large_image","twitter_misc":{"Tahmini okuma s\u00fcresi":"3 dakika"},"schema":{"@context":"https:\/\/schema.org","@graph":[{"@type":"WebPage","@id":"https:\/\/darshion.com\/ru\/product\/v30-rechargeable-wireless-silent-vertical-gaming-mouse-suppliers\/","url":"https:\/\/darshion.com\/ru\/product\/v30-rechargeable-wireless-silent-vertical-gaming-mouse-suppliers\/","name":"V30 \u015earj Edilebilir Kablosuz Sessiz Dikey Oyun Faresi Tedarik\u00e7iler - darshion","isPartOf":{"@id":"https:\/\/darshion.com\/#website"},"primaryImageOfPage":{"@id":"https:\/\/darshion.com\/ru\/product\/v30-rechargeable-wireless-silent-vertical-gaming-mouse-suppliers\/#primaryimage"},"image":{"@id":"https:\/\/darshion.com\/ru\/product\/v30-rechargeable-wireless-silent-vertical-gaming-mouse-suppliers\/#primaryimage"},"thumbnailUrl":"https:\/\/darshion.com\/wp-content\/uploads\/2024\/07\/H90d217bb952744cfb1f1452c6ef24141y.jpg","datePublished":"2024-07-19T03:44:01+00:00","dateModified":"2024-07-19T09:36:59+00:00","breadcrumb":{"@id":"https:\/\/darshion.com\/ru\/product\/v30-rechargeable-wireless-silent-vertical-gaming-mouse-suppliers\/#breadcrumb"},"inLanguage":"tr","potentialAction":[{"@type":"ReadAction","target":["https:\/\/darshion.com\/ru\/product\/v30-rechargeable-wireless-silent-vertical-gaming-mouse-suppliers\/"]}]},{"@type":"ImageObject","inLanguage":"tr","@id":"https:\/\/darshion.com\/ru\/product\/v30-rechargeable-wireless-silent-vertical-gaming-mouse-suppliers\/#primaryimage","url":"https:\/\/darshion.com\/wp-content\/uploads\/2024\/07\/H90d217bb952744cfb1f1452c6ef24141y.jpg","contentUrl":"https:\/\/darshion.com\/wp-content\/uploads\/2024\/07\/H90d217bb952744cfb1f1452c6ef24141y.jpg","width":1200,"height":1200},{"@type":"BreadcrumbList","@id":"https:\/\/darshion.com\/ru\/product\/v30-rechargeable-wireless-silent-vertical-gaming-mouse-suppliers\/#breadcrumb","itemListElement":[{"@type":"ListItem","position":1,"name":"\u9996\u9875","item":"https:\/\/darshion.com\/"},{"@type":"ListItem","position":2,"name":"PRODUCT","item":"https:\/\/darshion.com\/pt\/product\/"},{"@type":"ListItem","position":3,"name":"V30 Rechargeable Wireless Silent Vertical Gaming Mouse Suppliers"}]},{"@type":"WebSite","@id":"https:\/\/darshion.com\/#website","url":"https:\/\/darshion.com\/","name":"darshion","description":"14 Y\u0131ll\u0131k Tecr\u00fcbe, Kalite G\u00fcvencesi, Yenilik\u00e7i Tasar\u0131m","publisher":{"@id":"https:\/\/darshion.com\/#organization"},"potentialAction":[{"@type":"SearchAction","target":{"@type":"EntryPoint","urlTemplate":"https:\/\/darshion.com\/?s={search_term_string}"},"query-input":{"@type":"PropertyValueSpecification","valueRequired":true,"valueName":"search_term_string"}}],"inLanguage":"tr"},{"@type":"Organization","@id":"https:\/\/darshion.com\/#organization","name":"darshion","url":"https:\/\/darshion.com\/","logo":{"@type":"ImageObject","inLanguage":"tr","@id":"https:\/\/darshion.com\/#\/schema\/logo\/image\/","url":"https:\/\/darshion.com\/wp-content\/uploads\/2023\/09\/01-1.png","contentUrl":"https:\/\/darshion.com\/wp-content\/uploads\/2023\/09\/01-1.png","width":350,"height":100,"caption":"darshion"},"image":{"@id":"https:\/\/darshion.com\/#\/schema\/logo\/image\/"}}]}},"_links":{"self":[{"href":"https:\/\/darshion.com\/tr\/wp-json\/wp\/v2\/product\/3693"}],"collection":[{"href":"https:\/\/darshion.com\/tr\/wp-json\/wp\/v2\/product"}],"about":[{"href":"https:\/\/darshion.com\/tr\/wp-json\/wp\/v2\/types\/product"}],"replies":[{"embeddable":true,"href":"https:\/\/darshion.com\/tr\/wp-json\/wp\/v2\/comments?post=3693"}],"wp:featuredmedia":[{"embeddable":true,"href":"https:\/\/darshion.com\/tr\/wp-json\/wp\/v2\/media\/3691"}],"wp:attachment":[{"href":"https:\/\/darshion.com\/tr\/wp-json\/wp\/v2\/media?parent=3693"}],"wp:term":[{"taxonomy":"product_cat","embeddable":true,"href":"https:\/\/darshion.com\/tr\/wp-json\/wp\/v2\/product_cat?post=3693"},{"taxonomy":"product_tag","embeddable":true,"href":"https:\/\/darshion.com\/tr\/wp-json\/wp\/v2\/product_tag?post=3693"}],"curies":[{"name":"wp","href":"https:\/\/api.w.org\/{rel}","templated":true}]}}