{"id":4026,"date":"2024-07-25T12:15:23","date_gmt":"2024-07-25T04:15:23","guid":{"rendered":"https:\/\/darshion.com\/product\/v1-wired-gaming-keyboard-and-mouse-set-factory\/"},"modified":"2024-07-31T10:40:23","modified_gmt":"2024-07-31T02:40:23","slug":"v1-gaming-keyboard-and-mouse-set-factory","status":"publish","type":"product","link":"https:\/\/darshion.com\/tr\/urun\/v1-gaming-keyboard-and-mouse-set-factory\/","title":{"rendered":"V1 Kablolu Oyun Klavyesi ve Fare Seti Fabrikas\u0131"},"content":{"rendered":"<div id=\"detail_decorate_root\" data-magic-global=\"%7B%22bizId%22%3A2206884350279%2C%22pageId%22%3A20113162473%2C%22siteId%22%3A5005923034%7D\">\n<div><strong>Nitelikler<\/strong><br \/>\nAray\u00fcz:usb<br \/>\nMarka Ad\u0131:darshion<br \/>\nTip:Standart<br \/>\n\u0130nsan M\u00fchendisli\u011fini Destekler:Evet<br \/>\nFare Ba\u011flant\u0131s\u0131:Kablolu<br \/>\nMultimedya Fonksiyon Tu\u015flar\u0131 ile:Evet<br \/>\n\u00d6zellik:Metal<br \/>\nModel Numaras\u0131:V1<br \/>\n\u00dcr\u00fcn Ad\u0131:Kablolu Fare Klavye Seti<br \/>\nRenk:Siyah Beyaz<br \/>\nPaket listesi:Kullan\u0131m K\u0131lavuzu<br \/>\n\u00d6zelli\u011fi:\u0130nsan Ergonomisi<br \/>\nStil:Masa\u00fcst\u00fc bilgisayar<br \/>\nUygulama: Diz\u00fcst\u00fc masa\u00fcst\u00fc<br \/>\nPaket:Renkli Kutu<br \/>\nKullan\u0131m:Ofis \u00c7al\u0131\u015fma Oyun<br \/>\nAdedi: 1 Adet<\/div>\n<div><\/div>\n<div id=\"23525950913\" class=\"J_module\">\u00dcr\u00fcn A\u00e7\u0131klamas\u0131<\/div>\n<div class=\"J_module\">\n<div class=\"icbu-pc-detailManyImage magic-1\">\n<div class=\"magic-2\"><img decoding=\"async\" class=\"Gaming Keyboard And Mouse Set Factory\" title=\"Oyun Klavyesi ve Fare Seti Fabrikas\u0131\" src=\"https:\/\/darshion.com\/wp-content\/uploads\/2024\/07\/Hac800151d06d4f8dbf6350be6796fc6eT.jpg\" alt=\"Gaming Keyboard And Mouse Set Factory\" \/><\/div>\n<div class=\"magic-2\"><img decoding=\"async\" class=\"Gaming Keyboard And Mouse Set Factory\" title=\"Oyun Klavyesi ve Fare Seti Fabrikas\u0131\" src=\"https:\/\/darshion.com\/wp-content\/uploads\/2024\/07\/H27ac3eb898b9438c9a03880e8b252882f.jpg\" alt=\"Gaming Keyboard And Mouse Set Factory\" \/><\/div>\n<div class=\"magic-2\"><img decoding=\"async\" class=\"Gaming Keyboard And Mouse Set Factory\" title=\"Oyun Klavyesi ve Fare Seti Fabrikas\u0131\" src=\"https:\/\/darshion.com\/wp-content\/uploads\/2024\/07\/Hd98569e57a55451386359013012c0499k.jpg\" alt=\"Gaming Keyboard And Mouse Set Factory\" \/><\/div>\n<div class=\"magic-2\"><img decoding=\"async\" class=\"Gaming Keyboard And Mouse Set Factory\" title=\"Oyun Klavyesi ve Fare Seti Fabrikas\u0131\" src=\"https:\/\/darshion.com\/wp-content\/uploads\/2024\/07\/Hd5a101cc7b7c4e8ba05050e917268650u.jpg\" alt=\"Gaming Keyboard And Mouse Set Factory\" \/><\/div>\n<div class=\"magic-2\"><img decoding=\"async\" class=\"Gaming Keyboard And Mouse Set Factory\" title=\"Oyun Klavyesi ve Fare Seti Fabrikas\u0131\" src=\"https:\/\/darshion.com\/wp-content\/uploads\/2024\/07\/H2d96138137294dcfa248405115e1e3bdL.jpg\" alt=\"Gaming Keyboard And Mouse Set Factory\" \/><\/div>\n<div class=\"magic-2\"><img decoding=\"async\" class=\"Gaming Keyboard And Mouse Set Factory\" title=\"Oyun Klavyesi ve Fare Seti Fabrikas\u0131\" src=\"https:\/\/darshion.com\/wp-content\/uploads\/2024\/07\/H3a0bf04268624b4d9733172061615702A.jpg\" alt=\"Gaming Keyboard And Mouse Set Factory\" \/><\/div>\n<div class=\"magic-2\"><img decoding=\"async\" class=\"Gaming Keyboard And Mouse Set Factory\" title=\"Oyun Klavyesi ve Fare Seti Fabrikas\u0131\" src=\"https:\/\/darshion.com\/wp-content\/uploads\/2024\/07\/Hdc8d5887cf2446caa1bdeb0d0a5ca675g.jpg\" alt=\"Gaming Keyboard And Mouse Set Factory\" \/><\/div>\n<div class=\"magic-2\"><img decoding=\"async\" class=\"Gaming Keyboard And Mouse Set Factory\" title=\"Oyun Klavyesi ve Fare Seti Fabrikas\u0131\" src=\"https:\/\/darshion.com\/wp-content\/uploads\/2024\/07\/Hb9e0564f218d4f6bbc62d98c7c983a2fj.jpg\" alt=\"Gaming Keyboard And Mouse Set Factory\" \/><\/div>\n<div class=\"magic-2\"><img decoding=\"async\" class=\"Gaming Keyboard And Mouse Set Factory\" title=\"Oyun Klavyesi ve Fare Seti Fabrikas\u0131\" src=\"https:\/\/darshion.com\/wp-content\/uploads\/2024\/07\/Hdab3d2ea50b648c2a1bbad5f581528c3g.jpg\" alt=\"Gaming Keyboard And Mouse Set Factory\" \/><\/div>\n<\/div>\n<\/div>\n<div class=\"J_module\">\n<div class=\"detail-decorate-json-renderer-container\">\n<div class=\"magic-16\">\n<div class=\"magic-18\">\n<div class=\"magic-19\">\n<div class=\"magic-20\">\n<div class=\"magic-27\"><\/div>\n<\/div>\n<\/div>\n<\/div>\n<\/div>\n<\/div>\n<\/div>\n<\/div>","protected":false},"excerpt":{"rendered":"<p>V1 Kablolu Oyun Klavyesi ve Fare Seti Fabrikas\u0131<\/p>","protected":false},"featured_media":4020,"comment_status":"open","ping_status":"closed","template":"","meta":{"_monsterinsights_skip_tracking":false,"_monsterinsights_sitenote_active":false,"_monsterinsights_sitenote_note":"","_monsterinsights_sitenote_category":0},"product_cat":[552],"product_tag":[103],"yoast_head":"<!-- This site is optimized with the Yoast SEO Premium plugin v22.9 (Yoast SEO v24.0) - https:\/\/yoast.com\/wordpress\/plugins\/seo\/ -->\n<title>V1 Wired Gaming Keyboard And Mouse Set Factory - darshion<\/title>\n<meta name=\"robots\" content=\"index, follow, max-snippet:-1, max-image-preview:large, max-video-preview:-1\" \/>\n<link rel=\"canonical\" href=\"https:\/\/darshion.com\/tr\/producto\/v1-gaming-keyboard-and-mouse-set-factory\/\" \/>\n<meta property=\"og:locale\" content=\"tr_TR\" \/>\n<meta property=\"og:type\" content=\"article\" \/>\n<meta property=\"og:title\" content=\"V1 Wired Gaming Keyboard And Mouse Set Factory\" \/>\n<meta property=\"og:description\" content=\"V1 Wired Gaming Keyboard And Mouse Set Factory\" \/>\n<meta property=\"og:url\" content=\"https:\/\/darshion.com\/tr\/producto\/v1-gaming-keyboard-and-mouse-set-factory\/\" \/>\n<meta property=\"og:site_name\" content=\"darshion\" \/>\n<meta property=\"article:modified_time\" content=\"2024-07-31T02:40:23+00:00\" \/>\n<meta property=\"og:image\" content=\"https:\/\/darshion.com\/wp-content\/uploads\/2024\/07\/He9c884922eb34ee9a322aff2cfc0f796T.jpg\" \/>\n\t<meta property=\"og:image:width\" content=\"800\" \/>\n\t<meta property=\"og:image:height\" content=\"800\" \/>\n\t<meta property=\"og:image:type\" content=\"image\/jpeg\" \/>\n<meta name=\"twitter:card\" content=\"summary_large_image\" \/>\n<meta name=\"twitter:label1\" content=\"Tahmini okuma s\u00fcresi\" \/>\n\t<meta name=\"twitter:data1\" content=\"3 dakika\" \/>\n<script type=\"application\/ld+json\" class=\"yoast-schema-graph\">{\"@context\":\"https:\/\/schema.org\",\"@graph\":[{\"@type\":\"WebPage\",\"@id\":\"https:\/\/darshion.com\/es\/producto\/v1-gaming-keyboard-and-mouse-set-factory\/\",\"url\":\"https:\/\/darshion.com\/es\/producto\/v1-gaming-keyboard-and-mouse-set-factory\/\",\"name\":\"V1 Wired Gaming Keyboard And Mouse Set Factory - darshion\",\"isPartOf\":{\"@id\":\"https:\/\/darshion.com\/#website\"},\"primaryImageOfPage\":{\"@id\":\"https:\/\/darshion.com\/es\/producto\/v1-gaming-keyboard-and-mouse-set-factory\/#primaryimage\"},\"image\":{\"@id\":\"https:\/\/darshion.com\/es\/producto\/v1-gaming-keyboard-and-mouse-set-factory\/#primaryimage\"},\"thumbnailUrl\":\"https:\/\/darshion.com\/wp-content\/uploads\/2024\/07\/He9c884922eb34ee9a322aff2cfc0f796T.jpg\",\"datePublished\":\"2024-07-25T04:15:23+00:00\",\"dateModified\":\"2024-07-31T02:40:23+00:00\",\"breadcrumb\":{\"@id\":\"https:\/\/darshion.com\/es\/producto\/v1-gaming-keyboard-and-mouse-set-factory\/#breadcrumb\"},\"inLanguage\":\"tr\",\"potentialAction\":[{\"@type\":\"ReadAction\",\"target\":[\"https:\/\/darshion.com\/es\/producto\/v1-gaming-keyboard-and-mouse-set-factory\/\"]}]},{\"@type\":\"ImageObject\",\"inLanguage\":\"tr\",\"@id\":\"https:\/\/darshion.com\/es\/producto\/v1-gaming-keyboard-and-mouse-set-factory\/#primaryimage\",\"url\":\"https:\/\/darshion.com\/wp-content\/uploads\/2024\/07\/He9c884922eb34ee9a322aff2cfc0f796T.jpg\",\"contentUrl\":\"https:\/\/darshion.com\/wp-content\/uploads\/2024\/07\/He9c884922eb34ee9a322aff2cfc0f796T.jpg\",\"width\":800,\"height\":800},{\"@type\":\"BreadcrumbList\",\"@id\":\"https:\/\/darshion.com\/es\/producto\/v1-gaming-keyboard-and-mouse-set-factory\/#breadcrumb\",\"itemListElement\":[{\"@type\":\"ListItem\",\"position\":1,\"name\":\"\u9996\u9875\",\"item\":\"https:\/\/darshion.com\/\"},{\"@type\":\"ListItem\",\"position\":2,\"name\":\"PRODUCT\",\"item\":\"https:\/\/darshion.com\/pt\/product\/\"},{\"@type\":\"ListItem\",\"position\":3,\"name\":\"V1 Wired Gaming Keyboard And Mouse Set Factory\"}]},{\"@type\":\"WebSite\",\"@id\":\"https:\/\/darshion.com\/#website\",\"url\":\"https:\/\/darshion.com\/\",\"name\":\"darshion\",\"description\":\"14 Years of Experience, Quality Assurance, Innovative Design\",\"publisher\":{\"@id\":\"https:\/\/darshion.com\/#organization\"},\"potentialAction\":[{\"@type\":\"SearchAction\",\"target\":{\"@type\":\"EntryPoint\",\"urlTemplate\":\"https:\/\/darshion.com\/?s={search_term_string}\"},\"query-input\":{\"@type\":\"PropertyValueSpecification\",\"valueRequired\":true,\"valueName\":\"search_term_string\"}}],\"inLanguage\":\"tr\"},{\"@type\":\"Organization\",\"@id\":\"https:\/\/darshion.com\/#organization\",\"name\":\"darshion\",\"url\":\"https:\/\/darshion.com\/\",\"logo\":{\"@type\":\"ImageObject\",\"inLanguage\":\"tr\",\"@id\":\"https:\/\/darshion.com\/#\/schema\/logo\/image\/\",\"url\":\"https:\/\/darshion.com\/wp-content\/uploads\/2023\/09\/01-1.png\",\"contentUrl\":\"https:\/\/darshion.com\/wp-content\/uploads\/2023\/09\/01-1.png\",\"width\":350,\"height\":100,\"caption\":\"darshion\"},\"image\":{\"@id\":\"https:\/\/darshion.com\/#\/schema\/logo\/image\/\"}}]}<\/script>\n<!-- \/ Yoast SEO Premium plugin. -->","yoast_head_json":{"title":"V1 Wired Gaming Keyboard And Mouse Set Factory - darshion","robots":{"index":"index","follow":"follow","max-snippet":"max-snippet:-1","max-image-preview":"max-image-preview:large","max-video-preview":"max-video-preview:-1"},"canonical":"https:\/\/darshion.com\/tr\/producto\/v1-gaming-keyboard-and-mouse-set-factory\/","og_locale":"tr_TR","og_type":"article","og_title":"V1 Wired Gaming Keyboard And Mouse Set Factory","og_description":"V1 Wired Gaming Keyboard And Mouse Set Factory","og_url":"https:\/\/darshion.com\/tr\/producto\/v1-gaming-keyboard-and-mouse-set-factory\/","og_site_name":"darshion","article_modified_time":"2024-07-31T02:40:23+00:00","og_image":[{"width":800,"height":800,"url":"https:\/\/darshion.com\/wp-content\/uploads\/2024\/07\/He9c884922eb34ee9a322aff2cfc0f796T.jpg","type":"image\/jpeg"}],"twitter_card":"summary_large_image","twitter_misc":{"Tahmini okuma s\u00fcresi":"3 dakika"},"schema":{"@context":"https:\/\/schema.org","@graph":[{"@type":"WebPage","@id":"https:\/\/darshion.com\/es\/producto\/v1-gaming-keyboard-and-mouse-set-factory\/","url":"https:\/\/darshion.com\/es\/producto\/v1-gaming-keyboard-and-mouse-set-factory\/","name":"V1 Wired Gaming Keyboard And Mouse Set Factory - darshion","isPartOf":{"@id":"https:\/\/darshion.com\/#website"},"primaryImageOfPage":{"@id":"https:\/\/darshion.com\/es\/producto\/v1-gaming-keyboard-and-mouse-set-factory\/#primaryimage"},"image":{"@id":"https:\/\/darshion.com\/es\/producto\/v1-gaming-keyboard-and-mouse-set-factory\/#primaryimage"},"thumbnailUrl":"https:\/\/darshion.com\/wp-content\/uploads\/2024\/07\/He9c884922eb34ee9a322aff2cfc0f796T.jpg","datePublished":"2024-07-25T04:15:23+00:00","dateModified":"2024-07-31T02:40:23+00:00","breadcrumb":{"@id":"https:\/\/darshion.com\/es\/producto\/v1-gaming-keyboard-and-mouse-set-factory\/#breadcrumb"},"inLanguage":"tr","potentialAction":[{"@type":"ReadAction","target":["https:\/\/darshion.com\/es\/producto\/v1-gaming-keyboard-and-mouse-set-factory\/"]}]},{"@type":"ImageObject","inLanguage":"tr","@id":"https:\/\/darshion.com\/es\/producto\/v1-gaming-keyboard-and-mouse-set-factory\/#primaryimage","url":"https:\/\/darshion.com\/wp-content\/uploads\/2024\/07\/He9c884922eb34ee9a322aff2cfc0f796T.jpg","contentUrl":"https:\/\/darshion.com\/wp-content\/uploads\/2024\/07\/He9c884922eb34ee9a322aff2cfc0f796T.jpg","width":800,"height":800},{"@type":"BreadcrumbList","@id":"https:\/\/darshion.com\/es\/producto\/v1-gaming-keyboard-and-mouse-set-factory\/#breadcrumb","itemListElement":[{"@type":"ListItem","position":1,"name":"\u9996\u9875","item":"https:\/\/darshion.com\/"},{"@type":"ListItem","position":2,"name":"PRODUCT","item":"https:\/\/darshion.com\/pt\/product\/"},{"@type":"ListItem","position":3,"name":"V1 Wired Gaming Keyboard And Mouse Set Factory"}]},{"@type":"WebSite","@id":"https:\/\/darshion.com\/#website","url":"https:\/\/darshion.com\/","name":"darshion","description":"14 Y\u0131ll\u0131k Tecr\u00fcbe, Kalite G\u00fcvencesi, Yenilik\u00e7i Tasar\u0131m","publisher":{"@id":"https:\/\/darshion.com\/#organization"},"potentialAction":[{"@type":"SearchAction","target":{"@type":"EntryPoint","urlTemplate":"https:\/\/darshion.com\/?s={search_term_string}"},"query-input":{"@type":"PropertyValueSpecification","valueRequired":true,"valueName":"search_term_string"}}],"inLanguage":"tr"},{"@type":"Organization","@id":"https:\/\/darshion.com\/#organization","name":"darshion","url":"https:\/\/darshion.com\/","logo":{"@type":"ImageObject","inLanguage":"tr","@id":"https:\/\/darshion.com\/#\/schema\/logo\/image\/","url":"https:\/\/darshion.com\/wp-content\/uploads\/2023\/09\/01-1.png","contentUrl":"https:\/\/darshion.com\/wp-content\/uploads\/2023\/09\/01-1.png","width":350,"height":100,"caption":"darshion"},"image":{"@id":"https:\/\/darshion.com\/#\/schema\/logo\/image\/"}}]}},"_links":{"self":[{"href":"https:\/\/darshion.com\/tr\/wp-json\/wp\/v2\/product\/4026"}],"collection":[{"href":"https:\/\/darshion.com\/tr\/wp-json\/wp\/v2\/product"}],"about":[{"href":"https:\/\/darshion.com\/tr\/wp-json\/wp\/v2\/types\/product"}],"replies":[{"embeddable":true,"href":"https:\/\/darshion.com\/tr\/wp-json\/wp\/v2\/comments?post=4026"}],"wp:featuredmedia":[{"embeddable":true,"href":"https:\/\/darshion.com\/tr\/wp-json\/wp\/v2\/media\/4020"}],"wp:attachment":[{"href":"https:\/\/darshion.com\/tr\/wp-json\/wp\/v2\/media?parent=4026"}],"wp:term":[{"taxonomy":"product_cat","embeddable":true,"href":"https:\/\/darshion.com\/tr\/wp-json\/wp\/v2\/product_cat?post=4026"},{"taxonomy":"product_tag","embeddable":true,"href":"https:\/\/darshion.com\/tr\/wp-json\/wp\/v2\/product_tag?post=4026"}],"curies":[{"name":"wp","href":"https:\/\/api.w.org\/{rel}","templated":true}]}}