{"id":4055,"date":"2024-07-31T10:56:37","date_gmt":"2024-07-31T02:56:37","guid":{"rendered":"https:\/\/darshion.com\/product\/cx22-programmable-107-keys-mechanical-wireless-gaming-keyboard-factory\/"},"modified":"2024-07-31T12:01:41","modified_gmt":"2024-07-31T04:01:41","slug":"cx22-mechanical-wireless-gaming-keyboard-factory","status":"publish","type":"product","link":"https:\/\/darshion.com\/tr\/urun\/cx22-mechanical-wireless-gaming-keyboard-factory\/","title":{"rendered":"CX22 107 Tu\u015flu Mekanik Kablosuz Oyun Klavyesi Fabrikas\u0131"},"content":{"rendered":"<div id=\"detail_decorate_root\" data-magic-global=\"%7B%22bizId%22%3A2329368643%2C%22pageId%22%3A21445611423%2C%22siteId%22%3A10003129106%7D\">\n<div class=\"J_module\">\n<div class=\"detail-decorate-json-renderer-container\">\n<div class=\"magic-0\">\n<div class=\"magic-1\">\n<div class=\"magic-2\">\n<div class=\"magic-3\"><strong>\u00dcr\u00fcn A\u00e7\u0131klamas\u0131<\/strong><\/div>\n<\/div>\n<\/div>\n<\/div>\n<\/div>\n<\/div>\n<div class=\"J_module\">\n<div class=\"detail-decorate-json-renderer-container\">\n<div class=\"magic-0\">\n<div class=\"magic-1\">\n<div class=\"magic-2\">\n<div class=\"magic-3\">\n<div>\u00dcr\u00fcn No.CX22<\/div>\n<div>Anahtar Vuru\u015f \u00d6mr\u00fc: 5 milyon kez<br \/>\nTu\u015f Say\u0131s\u0131: 107 Anahtar<\/div>\n<div>Ba\u011flant\u0131: 2.4G+BT1+BT2 (Bluetooth \u00dc\u00e7l\u00fc Modlar\u0131)<\/div>\n<div><\/div>\n<div>\u3010Multimedya D\u00fc\u011fmesi\u3011 Mekanik klavyemizdeki Al\u00fcminyum \u00c7ok Fonksiyonlu Medya D\u00fc\u011fmesi ile ses seviyesini kolayca ayarlay\u0131n.<\/div>\n<div>\u301024 Muhte\u015fem Arka Ayd\u0131nlatma Efekti\u3011<\/div>\n<div>107 tu\u015flu oyun klavyesi, klavyenizin g\u00f6r\u00fcn\u00fcm\u00fcn\u00fc ki\u015fiselle\u015ftirmek i\u00e7in 16 milyondan fazla renk kombinasyonu sa\u011flayan RGB efektli 24 arka ayd\u0131nlatma modu sunar. Ayd\u0131nlatma ayr\u0131ca bir haf\u0131za fonksiyonuna sahiptir, bilgisayar\u0131n\u0131z\u0131 yeniden ba\u015flat\u0131rken tercih etti\u011finiz ayd\u0131nlatma moduna h\u0131zl\u0131 bir \u015fekilde devam edebilirsiniz.<\/div>\n<div>\u3010Anti-Ghosting Teknolojisi\u3011 Ayn\u0131 anda birden fazla tu\u015fa bas\u0131ld\u0131\u011f\u0131nda bile her tu\u015f vuru\u015funun kaydedilmesini sa\u011flayan tam tu\u015f anti-g\u00f6lgeleme \u00f6zelli\u011fi, kullan\u0131c\u0131lar\u0131n sorunsuz ve kesintisiz bir oyun deneyiminin keyfini \u00e7\u0131karmas\u0131n\u0131 sa\u011flar.<\/div>\n<div>\u3010Mavi Anahtar\u3011 Bas\u0131ld\u0131\u011f\u0131nda, g\u00f6zle g\u00f6r\u00fcl\u00fcr bir dokunsal \u00e7arp\u0131\u015fma hissedilebilir. Dokunsal geri bildirim ve sesli t\u0131klamalar\u0131n kombinasyonu oyuncular i\u00e7in \u00e7ok uygundur.<\/div>\n<div>K\u0131rm\u0131z\u0131 Anahtar\u3011 Dokunsal bir \u00e7arpma veya t\u0131klama olmadan do\u011frusal bir tu\u015f vuru\u015fu sa\u011flar. Minimum g\u00fcr\u00fclt\u00fc \u00fcretir ve h\u0131zl\u0131 ve kolay yazmaya olanak sa\u011flar.<\/div>\n<div>\u3010Kahverengi Anahtar\u3011 Dokunma hissi Mavi Anahtar ile K\u0131rm\u0131z\u0131 Anahtar aras\u0131nda yer al\u0131r ve ince dokunsal \u00e7arp\u0131\u015fmalar sa\u011flar. Sesli t\u0131klama anahtarlar\u0131na k\u0131yasla nispeten sessizdir ve yaz\u0131 yazmak ve oyun oynamak i\u00e7in uygundur.<\/div>\n<div>\u3010\u00d6zelle\u015ftirilebilir\u3011<\/div>\n<div>- Tu\u015f Ba\u015fl\u0131klar\u0131 Renk<br \/>\n- Kablolu\/Kablosuz\/2.4G\/Bluetooth \u00dc\u00e7l\u00fc mod\/\u00c7oklu Kanal<br \/>\n- Mekanik Anahtarlar: Gateron\/OUTEMU\/K\u0131rm\u0131z\u0131 Anahtar\/Mavi Anahtar\/Kahverengi Anahtar vb.<br \/>\n- D\u00fczen: ABD\/\u0130NG\u0130LTERE\/G\u00dcNEY KORE\/\u0130SPANYA\/BRAZ\u0130LYA\/RUSYA vb.<br \/>\n- PCB Malzemesi: ABS\/Premium Al\u00fcminyum\/Premium Elektroforez Demir<br \/>\n- LOGO &amp; Ambalaj<\/div>\n<div><\/div>\n<\/div>\n<\/div>\n<\/div>\n<\/div>\n<\/div>\n<\/div>\n<div class=\"J_module\">\n<div id=\"ali-anchor-AliMagic-5wksn1\" class=\"magic-6\" data-section=\"AliMagic-5wksn1\" data-section-title=\"Details Images\">Detaylar G\u00f6r\u00fcnt\u00fcler<\/div>\n<\/div>\n<div class=\"J_module\">\n<div class=\"icbu-pc-detailManyImage magic-7\">\n<div class=\"magic-8\"><img decoding=\"async\" class=\"Wireless Gaming Keyboard Factory\" title=\"Kablosuz Oyun Klavyesi Fabrikas\u0131\" src=\"https:\/\/darshion.com\/wp-content\/uploads\/2024\/07\/He36922dd7ca7478d881b2b84e82c5b51q.jpg\" alt=\"Wireless Gaming Keyboard Factory\" \/><\/div>\n<div class=\"magic-8\"><img decoding=\"async\" class=\"Wireless Gaming Keyboard Factory\" title=\"Kablosuz Oyun Klavyesi Fabrikas\u0131\" src=\"https:\/\/darshion.com\/wp-content\/uploads\/2024\/07\/H6db775439f8b4824a8150d926d7004f6c.jpg\" alt=\"Wireless Gaming Keyboard Factory\" \/><\/div>\n<div class=\"magic-8\"><img decoding=\"async\" class=\"Wireless Gaming Keyboard Factory\" title=\"Kablosuz Oyun Klavyesi Fabrikas\u0131\" src=\"https:\/\/darshion.com\/wp-content\/uploads\/2024\/07\/Hc736c13b31c54644b5836d3176e06e8fO.jpg\" alt=\"Wireless Gaming Keyboard Factory\" \/><\/div>\n<div class=\"magic-8\"><img decoding=\"async\" class=\"Wireless Gaming Keyboard Factory\" title=\"Kablosuz Oyun Klavyesi Fabrikas\u0131\" src=\"https:\/\/darshion.com\/wp-content\/uploads\/2024\/07\/He8198b4ddc78407996fb429d9b12fa99R.jpg\" alt=\"Wireless Gaming Keyboard Factory\" \/><\/div>\n<div class=\"magic-8\"><img decoding=\"async\" class=\"Wireless Gaming Keyboard Factory\" title=\"Kablosuz Oyun Klavyesi Fabrikas\u0131\" src=\"https:\/\/darshion.com\/wp-content\/uploads\/2024\/07\/H0ede359d5c82448c84a4916f694d1021T.jpg\" alt=\"Wireless Gaming Keyboard Factory\" \/><\/div>\n<div class=\"magic-8\"><img decoding=\"async\" class=\"Wireless Gaming Keyboard Factory\" title=\"Kablosuz Oyun Klavyesi Fabrikas\u0131\" src=\"https:\/\/darshion.com\/wp-content\/uploads\/2024\/07\/Hf42540f17de043469532455924073af6o.jpg\" alt=\"Wireless Gaming Keyboard Factory\" \/><\/div>\n<div class=\"magic-8\"><img decoding=\"async\" class=\"Wireless Gaming Keyboard Factory\" title=\"Kablosuz Oyun Klavyesi Fabrikas\u0131\" src=\"https:\/\/darshion.com\/wp-content\/uploads\/2024\/07\/H6e1a1d8391b546ec8f784b4f117f2977Q.jpg\" alt=\"Wireless Gaming Keyboard Factory\" \/><\/div>\n<div class=\"magic-8\"><img decoding=\"async\" class=\"Wireless Gaming Keyboard Factory\" title=\"Kablosuz Oyun Klavyesi Fabrikas\u0131\" src=\"https:\/\/darshion.com\/wp-content\/uploads\/2024\/07\/H4fbef5b463a741229caffedf9a607f8ey.jpg\" alt=\"Wireless Gaming Keyboard Factory\" \/><\/div>\n<div class=\"magic-8\"><img decoding=\"async\" class=\"Wireless Gaming Keyboard Factory\" title=\"Kablosuz Oyun Klavyesi Fabrikas\u0131\" src=\"https:\/\/darshion.com\/wp-content\/uploads\/2024\/07\/H23e0ba1d290e47e18ca9ea18b363d7e70.jpg\" alt=\"Wireless Gaming Keyboard Factory\" \/><\/div>\n<div class=\"magic-8\"><img decoding=\"async\" class=\"Wireless Gaming Keyboard Factory\" title=\"Kablosuz Oyun Klavyesi Fabrikas\u0131\" src=\"https:\/\/darshion.com\/wp-content\/uploads\/2024\/07\/H71339de2dd334502b18704c78fcabe18d.jpg\" alt=\"Wireless Gaming Keyboard Factory\" \/><\/div>\n<\/div>\n<\/div>\n<\/div>","protected":false},"excerpt":{"rendered":"<div>\n<p>[Industry-specific attributes]<br \/>\nOperation Style:Mechanical<br \/>\nStyle:For Laptop, For Tablet, Gaming, Mechanical<br \/>\nType:27Mhz RF Wireless<br \/>\nInterface Type:Wireless<br \/>\nKeyboard Standard:107 Keys<\/p>\n<p>&nbsp;<\/p>\n<p>[Other attributes]<br \/>\nDrive Interface:USB 2.0<br \/>\nProducts Status:New<br \/>\nApplication:Desktop<br \/>\nPlace of Origin:Guangdong, China<br \/>\nKeyboard backlit:RGB<br \/>\nFull Size keyboard:Yes<br \/>\nFeatures:anti-ghosting, Wireless, Plug and Play<br \/>\nPrivate Mold:Yes<br \/>\nWrist Support:NO<br \/>\nModel Number:CX22<br \/>\nAxis Body Brand:Gateron, CHERRY, OUTEMU<br \/>\nMechanical:Yes<br \/>\nProgrammable:Yes<br \/>\nProduct name:mechanical Gaming Keyboard with knob<br \/>\nMaterial:aluminum knob+ABS Plate+ABS keycaps<br \/>\nCertification:CE FCC ROHS<br \/>\nLayout:Customized Layout<br \/>\nWarranty:12 Months<br \/>\nPackage:Customized Box<br \/>\nLogo:Accept Customized Logo<br \/>\nBacklit:RGB Backling<br \/>\nKeywords:mechanical keyboard<br \/>\nStyle:Gaming Keyboard Mechanical<\/p>\n<\/div>\n","protected":false},"featured_media":4045,"comment_status":"open","ping_status":"closed","template":"","meta":{"_monsterinsights_skip_tracking":false,"_monsterinsights_sitenote_active":false,"_monsterinsights_sitenote_note":"","_monsterinsights_sitenote_category":0},"product_cat":[559,555],"product_tag":[560],"yoast_head":"<!-- This site is optimized with the Yoast SEO Premium plugin v22.9 (Yoast SEO v24.0) - https:\/\/yoast.com\/wordpress\/plugins\/seo\/ -->\n<title>CX22 107 Keys Mechanical Wireless Gaming Keyboard Factory - darshion<\/title>\n<meta name=\"robots\" content=\"index, follow, max-snippet:-1, max-image-preview:large, max-video-preview:-1\" \/>\n<link rel=\"canonical\" href=\"https:\/\/darshion.com\/tr\/urun\/cx22-mechanical-wireless-gaming-keyboard-factory\/\" \/>\n<meta property=\"og:locale\" content=\"tr_TR\" \/>\n<meta property=\"og:type\" content=\"article\" \/>\n<meta property=\"og:title\" content=\"CX22 107 Keys Mechanical Wireless Gaming Keyboard Factory\" \/>\n<meta property=\"og:description\" content=\"[Industry-specific attributes] Operation Style:Mechanical Style:For Laptop, For Tablet, Gaming, Mechanical Type:27Mhz RF Wireless Interface Type:Wireless Keyboard Standard:107 Keys  &nbsp;  [Other attributes] Drive Interface:USB 2.0 Products Status:New Application:Desktop Place of Origin:Guangdong, China Keyboard backlit:RGB Full Size keyboard:Yes Features:anti-ghosting, Wireless, Plug and Play Private Mold:Yes Wrist Support:NO Model Number:CX22 Axis Body Brand:Gateron, CHERRY, OUTEMU Mechanical:Yes Programmable:Yes Product name:mechanical Gaming Keyboard with knob Material:aluminum knob+ABS Plate+ABS keycaps Certification:CE FCC ROHS Layout:Customized Layout Warranty:12 Months Package:Customized Box Logo:Accept Customized Logo Backlit:RGB Backling Keywords:mechanical keyboard Style:Gaming Keyboard Mechanical\" \/>\n<meta property=\"og:url\" content=\"https:\/\/darshion.com\/tr\/urun\/cx22-mechanical-wireless-gaming-keyboard-factory\/\" \/>\n<meta property=\"og:site_name\" content=\"darshion\" \/>\n<meta property=\"article:modified_time\" content=\"2024-07-31T04:01:41+00:00\" \/>\n<meta property=\"og:image\" content=\"https:\/\/darshion.com\/wp-content\/uploads\/2024\/07\/Hd85730739aeb4b8fbf36b303d531249fx.jpg\" \/>\n\t<meta property=\"og:image:width\" content=\"1200\" \/>\n\t<meta property=\"og:image:height\" content=\"1200\" \/>\n\t<meta property=\"og:image:type\" content=\"image\/jpeg\" \/>\n<meta name=\"twitter:card\" content=\"summary_large_image\" \/>\n<meta name=\"twitter:label1\" content=\"Tahmini okuma s\u00fcresi\" \/>\n\t<meta name=\"twitter:data1\" content=\"4 dakika\" \/>\n<script type=\"application\/ld+json\" class=\"yoast-schema-graph\">{\"@context\":\"https:\/\/schema.org\",\"@graph\":[{\"@type\":\"WebPage\",\"@id\":\"https:\/\/darshion.com\/product\/cx22-mechanical-wireless-gaming-keyboard-factory\/\",\"url\":\"https:\/\/darshion.com\/product\/cx22-mechanical-wireless-gaming-keyboard-factory\/\",\"name\":\"CX22 107 Keys Mechanical Wireless Gaming Keyboard Factory - darshion\",\"isPartOf\":{\"@id\":\"https:\/\/darshion.com\/#website\"},\"primaryImageOfPage\":{\"@id\":\"https:\/\/darshion.com\/product\/cx22-mechanical-wireless-gaming-keyboard-factory\/#primaryimage\"},\"image\":{\"@id\":\"https:\/\/darshion.com\/product\/cx22-mechanical-wireless-gaming-keyboard-factory\/#primaryimage\"},\"thumbnailUrl\":\"https:\/\/darshion.com\/wp-content\/uploads\/2024\/07\/Hd85730739aeb4b8fbf36b303d531249fx.jpg\",\"datePublished\":\"2024-07-31T02:56:37+00:00\",\"dateModified\":\"2024-07-31T04:01:41+00:00\",\"breadcrumb\":{\"@id\":\"https:\/\/darshion.com\/product\/cx22-mechanical-wireless-gaming-keyboard-factory\/#breadcrumb\"},\"inLanguage\":\"tr\",\"potentialAction\":[{\"@type\":\"ReadAction\",\"target\":[\"https:\/\/darshion.com\/product\/cx22-mechanical-wireless-gaming-keyboard-factory\/\"]}]},{\"@type\":\"ImageObject\",\"inLanguage\":\"tr\",\"@id\":\"https:\/\/darshion.com\/product\/cx22-mechanical-wireless-gaming-keyboard-factory\/#primaryimage\",\"url\":\"https:\/\/darshion.com\/wp-content\/uploads\/2024\/07\/Hd85730739aeb4b8fbf36b303d531249fx.jpg\",\"contentUrl\":\"https:\/\/darshion.com\/wp-content\/uploads\/2024\/07\/Hd85730739aeb4b8fbf36b303d531249fx.jpg\",\"width\":1200,\"height\":1200},{\"@type\":\"BreadcrumbList\",\"@id\":\"https:\/\/darshion.com\/product\/cx22-mechanical-wireless-gaming-keyboard-factory\/#breadcrumb\",\"itemListElement\":[{\"@type\":\"ListItem\",\"position\":1,\"name\":\"\u9996\u9875\",\"item\":\"https:\/\/darshion.com\/\"},{\"@type\":\"ListItem\",\"position\":2,\"name\":\"PRODUCT\",\"item\":\"https:\/\/darshion.com\/pt\/product\/\"},{\"@type\":\"ListItem\",\"position\":3,\"name\":\"CX22 107 Keys Mechanical Wireless Gaming Keyboard Factory\"}]},{\"@type\":\"WebSite\",\"@id\":\"https:\/\/darshion.com\/#website\",\"url\":\"https:\/\/darshion.com\/\",\"name\":\"darshion\",\"description\":\"14 Years of Experience, Quality Assurance, Innovative Design\",\"publisher\":{\"@id\":\"https:\/\/darshion.com\/#organization\"},\"potentialAction\":[{\"@type\":\"SearchAction\",\"target\":{\"@type\":\"EntryPoint\",\"urlTemplate\":\"https:\/\/darshion.com\/?s={search_term_string}\"},\"query-input\":{\"@type\":\"PropertyValueSpecification\",\"valueRequired\":true,\"valueName\":\"search_term_string\"}}],\"inLanguage\":\"tr\"},{\"@type\":\"Organization\",\"@id\":\"https:\/\/darshion.com\/#organization\",\"name\":\"darshion\",\"url\":\"https:\/\/darshion.com\/\",\"logo\":{\"@type\":\"ImageObject\",\"inLanguage\":\"tr\",\"@id\":\"https:\/\/darshion.com\/#\/schema\/logo\/image\/\",\"url\":\"https:\/\/darshion.com\/wp-content\/uploads\/2023\/09\/01-1.png\",\"contentUrl\":\"https:\/\/darshion.com\/wp-content\/uploads\/2023\/09\/01-1.png\",\"width\":350,\"height\":100,\"caption\":\"darshion\"},\"image\":{\"@id\":\"https:\/\/darshion.com\/#\/schema\/logo\/image\/\"}}]}<\/script>\n<!-- \/ Yoast SEO Premium plugin. -->","yoast_head_json":{"title":"CX22 107 Tu\u015flu Mekanik Kablosuz Oyun Klavyesi Fabrikas\u0131 - darshion","robots":{"index":"index","follow":"follow","max-snippet":"max-snippet:-1","max-image-preview":"max-image-preview:large","max-video-preview":"max-video-preview:-1"},"canonical":"https:\/\/darshion.com\/tr\/urun\/cx22-mechanical-wireless-gaming-keyboard-factory\/","og_locale":"tr_TR","og_type":"article","og_title":"CX22 107 Keys Mechanical Wireless Gaming Keyboard Factory","og_description":"[Industry-specific attributes] Operation Style:Mechanical Style:For Laptop, For Tablet, Gaming, Mechanical Type:27Mhz RF Wireless Interface Type:Wireless Keyboard Standard:107 Keys  &nbsp;  [Other attributes] Drive Interface:USB 2.0 Products Status:New Application:Desktop Place of Origin:Guangdong, China Keyboard backlit:RGB Full Size keyboard:Yes Features:anti-ghosting, Wireless, Plug and Play Private Mold:Yes Wrist Support:NO Model Number:CX22 Axis Body Brand:Gateron, CHERRY, OUTEMU Mechanical:Yes Programmable:Yes Product name:mechanical Gaming Keyboard with knob Material:aluminum knob+ABS Plate+ABS keycaps Certification:CE FCC ROHS Layout:Customized Layout Warranty:12 Months Package:Customized Box Logo:Accept Customized Logo Backlit:RGB Backling Keywords:mechanical keyboard Style:Gaming Keyboard Mechanical","og_url":"https:\/\/darshion.com\/tr\/urun\/cx22-mechanical-wireless-gaming-keyboard-factory\/","og_site_name":"darshion","article_modified_time":"2024-07-31T04:01:41+00:00","og_image":[{"width":1200,"height":1200,"url":"https:\/\/darshion.com\/wp-content\/uploads\/2024\/07\/Hd85730739aeb4b8fbf36b303d531249fx.jpg","type":"image\/jpeg"}],"twitter_card":"summary_large_image","twitter_misc":{"Tahmini okuma s\u00fcresi":"4 dakika"},"schema":{"@context":"https:\/\/schema.org","@graph":[{"@type":"WebPage","@id":"https:\/\/darshion.com\/product\/cx22-mechanical-wireless-gaming-keyboard-factory\/","url":"https:\/\/darshion.com\/product\/cx22-mechanical-wireless-gaming-keyboard-factory\/","name":"CX22 107 Tu\u015flu Mekanik Kablosuz Oyun Klavyesi Fabrikas\u0131 - darshion","isPartOf":{"@id":"https:\/\/darshion.com\/#website"},"primaryImageOfPage":{"@id":"https:\/\/darshion.com\/product\/cx22-mechanical-wireless-gaming-keyboard-factory\/#primaryimage"},"image":{"@id":"https:\/\/darshion.com\/product\/cx22-mechanical-wireless-gaming-keyboard-factory\/#primaryimage"},"thumbnailUrl":"https:\/\/darshion.com\/wp-content\/uploads\/2024\/07\/Hd85730739aeb4b8fbf36b303d531249fx.jpg","datePublished":"2024-07-31T02:56:37+00:00","dateModified":"2024-07-31T04:01:41+00:00","breadcrumb":{"@id":"https:\/\/darshion.com\/product\/cx22-mechanical-wireless-gaming-keyboard-factory\/#breadcrumb"},"inLanguage":"tr","potentialAction":[{"@type":"ReadAction","target":["https:\/\/darshion.com\/product\/cx22-mechanical-wireless-gaming-keyboard-factory\/"]}]},{"@type":"ImageObject","inLanguage":"tr","@id":"https:\/\/darshion.com\/product\/cx22-mechanical-wireless-gaming-keyboard-factory\/#primaryimage","url":"https:\/\/darshion.com\/wp-content\/uploads\/2024\/07\/Hd85730739aeb4b8fbf36b303d531249fx.jpg","contentUrl":"https:\/\/darshion.com\/wp-content\/uploads\/2024\/07\/Hd85730739aeb4b8fbf36b303d531249fx.jpg","width":1200,"height":1200},{"@type":"BreadcrumbList","@id":"https:\/\/darshion.com\/product\/cx22-mechanical-wireless-gaming-keyboard-factory\/#breadcrumb","itemListElement":[{"@type":"ListItem","position":1,"name":"\u9996\u9875","item":"https:\/\/darshion.com\/"},{"@type":"ListItem","position":2,"name":"PRODUCT","item":"https:\/\/darshion.com\/pt\/product\/"},{"@type":"ListItem","position":3,"name":"CX22 107 Keys Mechanical Wireless Gaming Keyboard Factory"}]},{"@type":"WebSite","@id":"https:\/\/darshion.com\/#website","url":"https:\/\/darshion.com\/","name":"darshion","description":"14 Y\u0131ll\u0131k Tecr\u00fcbe, Kalite G\u00fcvencesi, Yenilik\u00e7i Tasar\u0131m","publisher":{"@id":"https:\/\/darshion.com\/#organization"},"potentialAction":[{"@type":"SearchAction","target":{"@type":"EntryPoint","urlTemplate":"https:\/\/darshion.com\/?s={search_term_string}"},"query-input":{"@type":"PropertyValueSpecification","valueRequired":true,"valueName":"search_term_string"}}],"inLanguage":"tr"},{"@type":"Organization","@id":"https:\/\/darshion.com\/#organization","name":"darshion","url":"https:\/\/darshion.com\/","logo":{"@type":"ImageObject","inLanguage":"tr","@id":"https:\/\/darshion.com\/#\/schema\/logo\/image\/","url":"https:\/\/darshion.com\/wp-content\/uploads\/2023\/09\/01-1.png","contentUrl":"https:\/\/darshion.com\/wp-content\/uploads\/2023\/09\/01-1.png","width":350,"height":100,"caption":"darshion"},"image":{"@id":"https:\/\/darshion.com\/#\/schema\/logo\/image\/"}}]}},"_links":{"self":[{"href":"https:\/\/darshion.com\/tr\/wp-json\/wp\/v2\/product\/4055"}],"collection":[{"href":"https:\/\/darshion.com\/tr\/wp-json\/wp\/v2\/product"}],"about":[{"href":"https:\/\/darshion.com\/tr\/wp-json\/wp\/v2\/types\/product"}],"replies":[{"embeddable":true,"href":"https:\/\/darshion.com\/tr\/wp-json\/wp\/v2\/comments?post=4055"}],"wp:featuredmedia":[{"embeddable":true,"href":"https:\/\/darshion.com\/tr\/wp-json\/wp\/v2\/media\/4045"}],"wp:attachment":[{"href":"https:\/\/darshion.com\/tr\/wp-json\/wp\/v2\/media?parent=4055"}],"wp:term":[{"taxonomy":"product_cat","embeddable":true,"href":"https:\/\/darshion.com\/tr\/wp-json\/wp\/v2\/product_cat?post=4055"},{"taxonomy":"product_tag","embeddable":true,"href":"https:\/\/darshion.com\/tr\/wp-json\/wp\/v2\/product_tag?post=4055"}],"curies":[{"name":"wp","href":"https:\/\/api.w.org\/{rel}","templated":true}]}}