{"id":4076,"date":"2024-07-31T11:01:38","date_gmt":"2024-07-31T03:01:38","guid":{"rendered":"https:\/\/darshion.com\/product\/cx23-61-keys-wired-gaming-mechanical-keyboard-factory\/"},"modified":"2024-07-31T11:18:06","modified_gmt":"2024-07-31T03:18:06","slug":"cx23-wired-gaming-mechanical-keyboard-factory","status":"publish","type":"product","link":"https:\/\/darshion.com\/tr\/urun\/cx23-wired-gaming-mechanical-keyboard-factory\/","title":{"rendered":"CX23 61 Tu\u015flu Kablolu Oyun Mekanik Klavye Fabrikas\u0131"},"content":{"rendered":"<div id=\"detail_decorate_root\" data-magic-global=\"%7B%22bizId%22%3A2329368643%2C%22pageId%22%3A21313193765%2C%22siteId%22%3A10003129106%7D\">\n<div class=\"J_module\">\n<div class=\"detail-decorate-json-renderer-container\">\n<div class=\"magic-0\">\n<div class=\"magic-1\">\n<div class=\"magic-2\">\n<div class=\"magic-3\">\u00dcr\u00fcn A\u00e7\u0131klamas\u0131<\/div>\n<\/div>\n<\/div>\n<\/div>\n<\/div>\n<\/div>\n<div class=\"J_module\">\n<div class=\"detail-decorate-json-renderer-container\">\n<div class=\"magic-0\">\n<div class=\"magic-1\">\n<div class=\"magic-2\">\n<div class=\"magic-3\">\u3010Klasik 60% Klavye: 61 Tu\u015f Kompakt Tasar\u0131m\u3011<br \/>\nUltra kompakt 61 tu\u015flu d\u00fczen m\u00fckemmel boyutta bir klavyedir ve \u00e7\u0131kar\u0131labilir USB-C kablosu ta\u015f\u0131may\u0131 daha kolay hale getirir \u3010Mekanik mavi anahtar\u3011<br \/>\nTYPING ve GAMING i\u00e7in mavi anahtarlar do\u011fru, duyarl\u0131 tu\u015f komutlar\u0131 sunar; her tu\u015f vuru\u015funda tatmin edici bir \"t\u0131k\" sesi ve dokunsal diren\u00e7 verir<\/p>\n<p>\u3010Rainbow LED Arkadan Ayd\u0131nlatmal\u0131\u3011<br \/>\n8 tek renkli arka ayd\u0131nlatma efekti, bu k\u00fc\u00e7\u00fck oyun klavyesine canl\u0131 ve g\u00f6rkemli bir g\u00f6rsel efekt kazand\u0131r\u0131r.<\/p>\n<p>\u3010\u00c7\u0131kar\u0131labilir Tip-C kablo\u3011<br \/>\nUSB Type-C ba\u011flant\u0131s\u0131 ayr\u0131ca daha istikrarl\u0131 iletim, anahtar kablo ay\u0131rma tasar\u0131m\u0131, depolama ile uygunluk sa\u011flar.<\/p>\n<p>\u3010\u00d6zelle\u015ftirilebilir\u3011<br \/>\n- Anahtar Kapa\u011f\u0131 Renkleri<br \/>\n- Kablolu\/Kablosuz\/2.4G\/Bluetooth \u00dc\u00e7l\u00fc mod\/\u00c7oklu Kanal<br \/>\n- 24 adede kadar \u00f6n ayarl\u0131 Ger\u00e7ek RGB Arka Ayd\u0131nlatma Efekti<br \/>\n- Tu\u015f Ba\u015fl\u0131klar\u0131 Malzemesi: ABS\/PBT<br \/>\n- Mekanik Anahtarlar: K\u0131rm\u0131z\u0131 Anahtar\/Mavi Anahtar\/Kahverengi Anahtar vb.<br \/>\n- \u0130\u00e7 \u00c7\u00f6z\u00fcmler: Yichip\/NORDIC\/BEKEN\/MOSART\/TELINK\/<br \/>\n- D\u00fczen: ABD\/\u0130NG\u0130LTERE\/G\u00dcNEY KORE\/\u0130SPANYA\/BRAZ\u0130LYA\/RUSYA vb.<br \/>\n- PCB Malzemesi: ABS\/Premium Al\u00fcminyum\/Premium Elektroforez Demir<br \/>\n- LOGO &amp; Ambalaj<\/p>\n<\/div>\n<\/div>\n<\/div>\n<\/div>\n<\/div>\n<\/div>\n<div class=\"J_module\">\n<div id=\"ali-anchor-AliMagic-ig5qre\" class=\"magic-7\" data-section=\"AliMagic-ig5qre\" data-section-title=\"Details Images\">Detaylar G\u00f6r\u00fcnt\u00fcler<\/div>\n<\/div>\n<div class=\"J_module\">\n<div class=\"icbu-pc-detailManyImage magic-9\">\n<div class=\"magic-10\"><\/div>\n<div class=\"magic-10\"><img decoding=\"async\" class=\"Gaming Mechanical Keyboard Factory\" title=\"Oyun Mekanik Klavye Fabrikas\u0131\" src=\"https:\/\/darshion.com\/wp-content\/uploads\/2024\/07\/Hd4bfed7ca7684943b9330afc2d8cffd8X-1.jpg\" alt=\"Gaming Mechanical Keyboard Factory\" \/><\/div>\n<div class=\"magic-10\"><img decoding=\"async\" class=\"Gaming Mechanical Keyboard Factory\" title=\"Oyun Mekanik Klavye Fabrikas\u0131\" src=\"https:\/\/darshion.com\/wp-content\/uploads\/2024\/07\/H4471463e505740ca8ce0094b249b50b1Z-1.jpg\" alt=\"Gaming Mechanical Keyboard Factory\" \/><\/div>\n<div class=\"magic-10\"><img decoding=\"async\" class=\"Gaming Mechanical Keyboard Factory\" title=\"Oyun Mekanik Klavye Fabrikas\u0131\" src=\"https:\/\/darshion.com\/wp-content\/uploads\/2024\/07\/H9c036046699b45068554224923e026de2-1.jpg\" alt=\"Gaming Mechanical Keyboard Factory\" \/><\/div>\n<div class=\"magic-10\"><img decoding=\"async\" class=\"Gaming Mechanical Keyboard Factory\" title=\"Oyun Mekanik Klavye Fabrikas\u0131\" src=\"https:\/\/darshion.com\/wp-content\/uploads\/2024\/07\/H53ceb7baddcd4e5686d08a4fa546cdae7-1.jpg\" alt=\"Gaming Mechanical Keyboard Factory\" \/><\/div>\n<div class=\"magic-10\"><img decoding=\"async\" class=\"Gaming Mechanical Keyboard Factory\" title=\"Oyun Mekanik Klavye Fabrikas\u0131\" src=\"https:\/\/darshion.com\/wp-content\/uploads\/2024\/07\/H1a8e79d568e343b58927b641e86235c6x.jpg\" alt=\"Gaming Mechanical Keyboard Factory\" \/><\/div>\n<div class=\"magic-10\"><img decoding=\"async\" class=\"Gaming Mechanical Keyboard Factory\" title=\"Oyun Mekanik Klavye Fabrikas\u0131\" src=\"https:\/\/darshion.com\/wp-content\/uploads\/2024\/07\/Hd90e0ef7ba514bc8861ed10588aab1920-1.jpg\" alt=\"Gaming Mechanical Keyboard Factory\" \/><\/div>\n<div class=\"magic-10\"><img decoding=\"async\" class=\"Gaming Mechanical Keyboard Factory\" title=\"Oyun Mekanik Klavye Fabrikas\u0131\" src=\"https:\/\/darshion.com\/wp-content\/uploads\/2024\/07\/H77e688f018284b2d9b10a5e25f0282ecW-2.jpg\" alt=\"Gaming Mechanical Keyboard Factory\" \/><\/div>\n<div class=\"magic-10\"><img decoding=\"async\" class=\"Gaming Mechanical Keyboard Factory\" title=\"Oyun Mekanik Klavye Fabrikas\u0131\" src=\"https:\/\/darshion.com\/wp-content\/uploads\/2024\/07\/H61113bb0fd314bccafb15e1e180ccc66T-1.jpg\" alt=\"Gaming Mechanical Keyboard Factory\" \/><\/div>\n<div class=\"magic-10\"><img decoding=\"async\" class=\"Gaming Mechanical Keyboard Factory\" title=\"Oyun Mekanik Klavye Fabrikas\u0131\" src=\"https:\/\/darshion.com\/wp-content\/uploads\/2024\/07\/H023865a7d366416ea80b133484eaf462U-2.jpg\" alt=\"Gaming Mechanical Keyboard Factory\" \/><\/div>\n<\/div>\n<\/div>\n<\/div>","protected":false},"excerpt":{"rendered":"<div>\n<p>[Industry-specific attributes]<br \/>\nOperation Style:Mechanical<br \/>\nStyle:Mini, Gaming, Mechanical<br \/>\nType:Wired<br \/>\nInterface Type:usb<br \/>\nKeyboard Standard:61 keys<\/p>\n<p>[Other attributes]<br \/>\nDrive Interface:USB Type C<br \/>\nProducts Status:New<br \/>\nApplication:Desktop<br \/>\nPlace of Origin:Guangdong, China<br \/>\nKeyboard backlit:LED<br \/>\nFeatures:Plug and Play<br \/>\nPrivate Mold:Yes<br \/>\nModel Number:CX23<br \/>\nAxis Body Brand:Kailh<br \/>\nMechanical:Yes<br \/>\nProgrammable:NO<br \/>\nProduct name:Gaming Keyboard<br \/>\nMaterial:ABS Plastic<br \/>\nCertification:CE FCC ROHS<br \/>\nLayout:Customized Layout<br \/>\nWarranty:12 Months<br \/>\nPackage:Customized Box<br \/>\nLogo:Accept Customized Logo<br \/>\nKeywords:Gaming Keyboard<br \/>\nColor:Customizable<br \/>\nUsage:computer office gaming<\/p>\n<\/div>\n","protected":false},"featured_media":4066,"comment_status":"open","ping_status":"closed","template":"","meta":{"_monsterinsights_skip_tracking":false,"_monsterinsights_sitenote_active":false,"_monsterinsights_sitenote_note":"","_monsterinsights_sitenote_category":0},"product_cat":[559,554],"product_tag":[560],"yoast_head":"<!-- This site is optimized with the Yoast SEO Premium plugin v22.9 (Yoast SEO v24.0) - https:\/\/yoast.com\/wordpress\/plugins\/seo\/ -->\n<title>CX23 61 Keys Wired Gaming Mechanical Keyboard Factory - darshion<\/title>\n<meta name=\"robots\" content=\"index, follow, max-snippet:-1, max-image-preview:large, max-video-preview:-1\" \/>\n<link rel=\"canonical\" href=\"https:\/\/darshion.com\/tr\/urun\/cx23-wired-gaming-mechanical-keyboard-factory\/\" \/>\n<meta property=\"og:locale\" content=\"tr_TR\" \/>\n<meta property=\"og:type\" content=\"article\" \/>\n<meta property=\"og:title\" content=\"CX23 61 Keys Wired Gaming Mechanical Keyboard Factory\" \/>\n<meta property=\"og:description\" content=\"[Industry-specific attributes] Operation Style:Mechanical Style:Mini, Gaming, Mechanical Type:Wired Interface Type:usb Keyboard Standard:61 keys  [Other attributes] Drive Interface:USB Type C Products Status:New Application:Desktop Place of Origin:Guangdong, China Keyboard backlit:LED Features:Plug and Play Private Mold:Yes Model Number:CX23 Axis Body Brand:Kailh Mechanical:Yes Programmable:NO Product name:Gaming Keyboard Material:ABS Plastic Certification:CE FCC ROHS Layout:Customized Layout Warranty:12 Months Package:Customized Box Logo:Accept Customized Logo Keywords:Gaming Keyboard Color:Customizable Usage:computer office gaming\" \/>\n<meta property=\"og:url\" content=\"https:\/\/darshion.com\/tr\/urun\/cx23-wired-gaming-mechanical-keyboard-factory\/\" \/>\n<meta property=\"og:site_name\" content=\"darshion\" \/>\n<meta property=\"article:modified_time\" content=\"2024-07-31T03:18:06+00:00\" \/>\n<meta property=\"og:image\" content=\"https:\/\/darshion.com\/wp-content\/uploads\/2024\/07\/H638851ed0b8d48afa342792d615cef69C.jpg\" \/>\n\t<meta property=\"og:image:width\" content=\"800\" \/>\n\t<meta property=\"og:image:height\" content=\"800\" \/>\n\t<meta property=\"og:image:type\" content=\"image\/jpeg\" \/>\n<meta name=\"twitter:card\" content=\"summary_large_image\" \/>\n<meta name=\"twitter:label1\" content=\"Tahmini okuma s\u00fcresi\" \/>\n\t<meta name=\"twitter:data1\" content=\"3 dakika\" \/>\n<script type=\"application\/ld+json\" class=\"yoast-schema-graph\">{\"@context\":\"https:\/\/schema.org\",\"@graph\":[{\"@type\":\"WebPage\",\"@id\":\"https:\/\/darshion.com\/product\/cx23-wired-gaming-mechanical-keyboard-factory\/\",\"url\":\"https:\/\/darshion.com\/product\/cx23-wired-gaming-mechanical-keyboard-factory\/\",\"name\":\"CX23 61 Keys Wired Gaming Mechanical Keyboard Factory - darshion\",\"isPartOf\":{\"@id\":\"https:\/\/darshion.com\/#website\"},\"primaryImageOfPage\":{\"@id\":\"https:\/\/darshion.com\/product\/cx23-wired-gaming-mechanical-keyboard-factory\/#primaryimage\"},\"image\":{\"@id\":\"https:\/\/darshion.com\/product\/cx23-wired-gaming-mechanical-keyboard-factory\/#primaryimage\"},\"thumbnailUrl\":\"https:\/\/darshion.com\/wp-content\/uploads\/2024\/07\/H638851ed0b8d48afa342792d615cef69C.jpg\",\"datePublished\":\"2024-07-31T03:01:38+00:00\",\"dateModified\":\"2024-07-31T03:18:06+00:00\",\"breadcrumb\":{\"@id\":\"https:\/\/darshion.com\/product\/cx23-wired-gaming-mechanical-keyboard-factory\/#breadcrumb\"},\"inLanguage\":\"tr\",\"potentialAction\":[{\"@type\":\"ReadAction\",\"target\":[\"https:\/\/darshion.com\/product\/cx23-wired-gaming-mechanical-keyboard-factory\/\"]}]},{\"@type\":\"ImageObject\",\"inLanguage\":\"tr\",\"@id\":\"https:\/\/darshion.com\/product\/cx23-wired-gaming-mechanical-keyboard-factory\/#primaryimage\",\"url\":\"https:\/\/darshion.com\/wp-content\/uploads\/2024\/07\/H638851ed0b8d48afa342792d615cef69C.jpg\",\"contentUrl\":\"https:\/\/darshion.com\/wp-content\/uploads\/2024\/07\/H638851ed0b8d48afa342792d615cef69C.jpg\",\"width\":800,\"height\":800},{\"@type\":\"BreadcrumbList\",\"@id\":\"https:\/\/darshion.com\/product\/cx23-wired-gaming-mechanical-keyboard-factory\/#breadcrumb\",\"itemListElement\":[{\"@type\":\"ListItem\",\"position\":1,\"name\":\"\u9996\u9875\",\"item\":\"https:\/\/darshion.com\/\"},{\"@type\":\"ListItem\",\"position\":2,\"name\":\"PRODUCT\",\"item\":\"https:\/\/darshion.com\/pt\/product\/\"},{\"@type\":\"ListItem\",\"position\":3,\"name\":\"CX23 61 Keys Wired Gaming Mechanical Keyboard Factory\"}]},{\"@type\":\"WebSite\",\"@id\":\"https:\/\/darshion.com\/#website\",\"url\":\"https:\/\/darshion.com\/\",\"name\":\"darshion\",\"description\":\"14 Years of Experience, Quality Assurance, Innovative Design\",\"publisher\":{\"@id\":\"https:\/\/darshion.com\/#organization\"},\"potentialAction\":[{\"@type\":\"SearchAction\",\"target\":{\"@type\":\"EntryPoint\",\"urlTemplate\":\"https:\/\/darshion.com\/?s={search_term_string}\"},\"query-input\":{\"@type\":\"PropertyValueSpecification\",\"valueRequired\":true,\"valueName\":\"search_term_string\"}}],\"inLanguage\":\"tr\"},{\"@type\":\"Organization\",\"@id\":\"https:\/\/darshion.com\/#organization\",\"name\":\"darshion\",\"url\":\"https:\/\/darshion.com\/\",\"logo\":{\"@type\":\"ImageObject\",\"inLanguage\":\"tr\",\"@id\":\"https:\/\/darshion.com\/#\/schema\/logo\/image\/\",\"url\":\"https:\/\/darshion.com\/wp-content\/uploads\/2023\/09\/01-1.png\",\"contentUrl\":\"https:\/\/darshion.com\/wp-content\/uploads\/2023\/09\/01-1.png\",\"width\":350,\"height\":100,\"caption\":\"darshion\"},\"image\":{\"@id\":\"https:\/\/darshion.com\/#\/schema\/logo\/image\/\"}}]}<\/script>\n<!-- \/ Yoast SEO Premium plugin. -->","yoast_head_json":{"title":"CX23 61 Tu\u015flu Kablolu Oyun Mekanik Klavye Fabrikas\u0131 - darshion","robots":{"index":"index","follow":"follow","max-snippet":"max-snippet:-1","max-image-preview":"max-image-preview:large","max-video-preview":"max-video-preview:-1"},"canonical":"https:\/\/darshion.com\/tr\/urun\/cx23-wired-gaming-mechanical-keyboard-factory\/","og_locale":"tr_TR","og_type":"article","og_title":"CX23 61 Keys Wired Gaming Mechanical Keyboard Factory","og_description":"[Industry-specific attributes] Operation Style:Mechanical Style:Mini, Gaming, Mechanical Type:Wired Interface Type:usb Keyboard Standard:61 keys  [Other attributes] Drive Interface:USB Type C Products Status:New Application:Desktop Place of Origin:Guangdong, China Keyboard backlit:LED Features:Plug and Play Private Mold:Yes Model Number:CX23 Axis Body Brand:Kailh Mechanical:Yes Programmable:NO Product name:Gaming Keyboard Material:ABS Plastic Certification:CE FCC ROHS Layout:Customized Layout Warranty:12 Months Package:Customized Box Logo:Accept Customized Logo Keywords:Gaming Keyboard Color:Customizable Usage:computer office gaming","og_url":"https:\/\/darshion.com\/tr\/urun\/cx23-wired-gaming-mechanical-keyboard-factory\/","og_site_name":"darshion","article_modified_time":"2024-07-31T03:18:06+00:00","og_image":[{"width":800,"height":800,"url":"https:\/\/darshion.com\/wp-content\/uploads\/2024\/07\/H638851ed0b8d48afa342792d615cef69C.jpg","type":"image\/jpeg"}],"twitter_card":"summary_large_image","twitter_misc":{"Tahmini okuma s\u00fcresi":"3 dakika"},"schema":{"@context":"https:\/\/schema.org","@graph":[{"@type":"WebPage","@id":"https:\/\/darshion.com\/product\/cx23-wired-gaming-mechanical-keyboard-factory\/","url":"https:\/\/darshion.com\/product\/cx23-wired-gaming-mechanical-keyboard-factory\/","name":"CX23 61 Tu\u015flu Kablolu Oyun Mekanik Klavye Fabrikas\u0131 - darshion","isPartOf":{"@id":"https:\/\/darshion.com\/#website"},"primaryImageOfPage":{"@id":"https:\/\/darshion.com\/product\/cx23-wired-gaming-mechanical-keyboard-factory\/#primaryimage"},"image":{"@id":"https:\/\/darshion.com\/product\/cx23-wired-gaming-mechanical-keyboard-factory\/#primaryimage"},"thumbnailUrl":"https:\/\/darshion.com\/wp-content\/uploads\/2024\/07\/H638851ed0b8d48afa342792d615cef69C.jpg","datePublished":"2024-07-31T03:01:38+00:00","dateModified":"2024-07-31T03:18:06+00:00","breadcrumb":{"@id":"https:\/\/darshion.com\/product\/cx23-wired-gaming-mechanical-keyboard-factory\/#breadcrumb"},"inLanguage":"tr","potentialAction":[{"@type":"ReadAction","target":["https:\/\/darshion.com\/product\/cx23-wired-gaming-mechanical-keyboard-factory\/"]}]},{"@type":"ImageObject","inLanguage":"tr","@id":"https:\/\/darshion.com\/product\/cx23-wired-gaming-mechanical-keyboard-factory\/#primaryimage","url":"https:\/\/darshion.com\/wp-content\/uploads\/2024\/07\/H638851ed0b8d48afa342792d615cef69C.jpg","contentUrl":"https:\/\/darshion.com\/wp-content\/uploads\/2024\/07\/H638851ed0b8d48afa342792d615cef69C.jpg","width":800,"height":800},{"@type":"BreadcrumbList","@id":"https:\/\/darshion.com\/product\/cx23-wired-gaming-mechanical-keyboard-factory\/#breadcrumb","itemListElement":[{"@type":"ListItem","position":1,"name":"\u9996\u9875","item":"https:\/\/darshion.com\/"},{"@type":"ListItem","position":2,"name":"PRODUCT","item":"https:\/\/darshion.com\/pt\/product\/"},{"@type":"ListItem","position":3,"name":"CX23 61 Keys Wired Gaming Mechanical Keyboard Factory"}]},{"@type":"WebSite","@id":"https:\/\/darshion.com\/#website","url":"https:\/\/darshion.com\/","name":"darshion","description":"14 Y\u0131ll\u0131k Tecr\u00fcbe, Kalite G\u00fcvencesi, Yenilik\u00e7i Tasar\u0131m","publisher":{"@id":"https:\/\/darshion.com\/#organization"},"potentialAction":[{"@type":"SearchAction","target":{"@type":"EntryPoint","urlTemplate":"https:\/\/darshion.com\/?s={search_term_string}"},"query-input":{"@type":"PropertyValueSpecification","valueRequired":true,"valueName":"search_term_string"}}],"inLanguage":"tr"},{"@type":"Organization","@id":"https:\/\/darshion.com\/#organization","name":"darshion","url":"https:\/\/darshion.com\/","logo":{"@type":"ImageObject","inLanguage":"tr","@id":"https:\/\/darshion.com\/#\/schema\/logo\/image\/","url":"https:\/\/darshion.com\/wp-content\/uploads\/2023\/09\/01-1.png","contentUrl":"https:\/\/darshion.com\/wp-content\/uploads\/2023\/09\/01-1.png","width":350,"height":100,"caption":"darshion"},"image":{"@id":"https:\/\/darshion.com\/#\/schema\/logo\/image\/"}}]}},"_links":{"self":[{"href":"https:\/\/darshion.com\/tr\/wp-json\/wp\/v2\/product\/4076"}],"collection":[{"href":"https:\/\/darshion.com\/tr\/wp-json\/wp\/v2\/product"}],"about":[{"href":"https:\/\/darshion.com\/tr\/wp-json\/wp\/v2\/types\/product"}],"replies":[{"embeddable":true,"href":"https:\/\/darshion.com\/tr\/wp-json\/wp\/v2\/comments?post=4076"}],"wp:featuredmedia":[{"embeddable":true,"href":"https:\/\/darshion.com\/tr\/wp-json\/wp\/v2\/media\/4066"}],"wp:attachment":[{"href":"https:\/\/darshion.com\/tr\/wp-json\/wp\/v2\/media?parent=4076"}],"wp:term":[{"taxonomy":"product_cat","embeddable":true,"href":"https:\/\/darshion.com\/tr\/wp-json\/wp\/v2\/product_cat?post=4076"},{"taxonomy":"product_tag","embeddable":true,"href":"https:\/\/darshion.com\/tr\/wp-json\/wp\/v2\/product_tag?post=4076"}],"curies":[{"name":"wp","href":"https:\/\/api.w.org\/{rel}","templated":true}]}}