{"id":4227,"date":"2026-02-26T17:41:56","date_gmt":"2026-02-26T09:41:56","guid":{"rendered":"https:\/\/darshion.com\/product\/amz-hot-sale-2-4g-full-sized-ergonomic-keyboard-mouse-quiet-click-computer-laptop-cordless-usb-wireless-keyboard-and-mouse\/"},"modified":"2026-02-26T18:02:30","modified_gmt":"2026-02-26T10:02:30","slug":"ck710-keyboard-and-mouse-combo-manufacturer","status":"publish","type":"product","link":"https:\/\/darshion.com\/tr\/urun\/ck710-keyboard-and-mouse-combo-manufacturer\/","title":{"rendered":"CK710 2.4G Tam Boyutlu Ergonomik Kablosuz Klavye ve Mouse Combo \u00dcreticisi"},"content":{"rendered":"<div id=\"detail_decorate_root\" data-magic-global=\"%7B%22bizId%22%3A2329368643%2C%22pageId%22%3A21463948937%2C%22siteId%22%3A10003129106%7D\">\n<div class=\"J_module\">\n<div class=\"icbu-pc-detailVideoShow magic-0\" data-magic=\"\"><\/div>\n<\/div>\n<div class=\"J_module\">\n<p style=\"border-bottom: solid 2px currentColor; font-size: 24px; padding: 8px 0 4px 0; margin: 0 0 8px 0;\">\u00dcr\u00fcn A\u00e7\u0131klamas\u0131<\/p>\n<\/div>\n<div class=\"J_module\">\n<div class=\"detail-decorate-json-renderer-container\">1.  Tu\u015f Say\u0131s\u0131:104 Tu\u015f<br \/>\n2.  \u0130nce tasar\u0131m, \u00e7ikolata anahtar kapaklar\u0131<br \/>\n3.  12 Fn+F Multimedya Fonksiyon Tu\u015flar\u0131 Grubu<br \/>\n4.  \u00dc\u00e7 g\u00f6sterge<br \/>\n5.  Kablolu\/Kablosuz Se\u00e7enekleri Mevcuttur<br \/>\n6.  Alkalin Pil ve Lityum Pil Se\u00e7enekleri Mevcuttur<br \/>\n7.  Kaymaz Lastik Ayakl\u0131, E\u011fim Ayarl\u0131<br \/>\n8.  Boyut: 434.99 * 184.88 * 25.62mm; A\u011f\u0131rl\u0131k: 686g1.  4D Ergonomik Fare<br \/>\n2.  DPI: 800-1200-1600<br \/>\n3.  Size:106*62*37.7mm;Weight:55g \u00b15g<br \/>\n\u3010\u00d6zelle\u015ftirilebilir\u3011<br \/>\n- Tu\u015f Ba\u015fl\u0131klar\u0131 Renk<br \/>\n- Kablolu\/Kablosuz\/2.4G\/Bluetooth \u00dc\u00e7l\u00fc mod\/\u00c7oklu Kanal<br \/>\n- Yerle\u015fim: ABD\/\u0130NG\u0130LTERE\/G\u00dcNEY KORE\/\u0130SPANYA\/BRAZ\u0130LYA\/RUSYA vb.<br \/>\n- LOGO &amp; Ambalaj<\/p>\n<\/div>\n<\/div>\n<div class=\"J_module\">\n<div id=\"ali-anchor-AliMagic-t9ai6c\" class=\"magic-1\" style=\"border-bottom: solid 2px currentColor; font-size: 24px; padding: 8px 0 4px 0; margin: 0 0 8px 0;\" data-section=\"AliMagic-t9ai6c\" data-section-title=\"Details Images\">Detaylar G\u00f6r\u00fcnt\u00fcler<\/div>\n<\/div>\n<div class=\"J_module\">\n<div class=\"icbu-pc-detailManyImage magic-6\">\n<div class=\"magic-7\"><img decoding=\"async\" class=\"magic-8\" src=\"https:\/\/darshion.com\/wp-content\/uploads\/2026\/02\/H4ebaefe40f7041bd8e4ea99d38c1f28bl.jpg\" \/><\/div>\n<div class=\"magic-7\"><img decoding=\"async\" class=\"magic-8\" src=\"https:\/\/darshion.com\/wp-content\/uploads\/2026\/02\/H41f2ec0ac7a4425bb43efc4151e977a87.jpg\" \/><\/div>\n<div class=\"magic-7\"><img decoding=\"async\" class=\"magic-8\" src=\"https:\/\/darshion.com\/wp-content\/uploads\/2026\/02\/Hdd916391c6c341afb2f9c27d29c638f0J.jpg\" \/><\/div>\n<div class=\"magic-7\"><img decoding=\"async\" class=\"magic-8\" src=\"https:\/\/darshion.com\/wp-content\/uploads\/2026\/02\/H75e968de59d3409fbf4f453704bce1a1a.jpg\" \/><\/div>\n<div class=\"magic-7\"><img decoding=\"async\" class=\"magic-8\" src=\"https:\/\/darshion.com\/wp-content\/uploads\/2026\/02\/Hba4b6f1c4c3143afa2e6e3007e8139fbx.jpg\" \/><\/div>\n<div class=\"magic-7\"><img decoding=\"async\" class=\"magic-8\" src=\"https:\/\/darshion.com\/wp-content\/uploads\/2026\/02\/H4574e576a1574e6aa3be44fc3060b44bJ.jpg\" \/><\/div>\n<\/div>\n<\/div>\n<div class=\"J_module\">\n<div class=\"icbu-pc-images magic-9\">\n<div><\/div>\n<\/div>\n<\/div>\n<div class=\"J_module\">\n<div id=\"ali-anchor-AliMagic-bfpvzk\" class=\"magic-1\" style=\"border-bottom: solid 2px currentColor; font-size: 24px; padding: 8px 0 4px 0; margin: 0 0 8px 0;\" data-section=\"AliMagic-bfpvzk\" data-section-title=\"Description\">A\u00e7\u0131klama<\/div>\n<\/div>\n<div class=\"J_module\">\n<div class=\"detail-decorate-json-renderer-container\">\n<p>1.2.4G Kablosuz Tak ve \u00c7al\u0131\u015ft\u0131r - Bilgisayar\u0131n\u0131z\u0131n USB ba\u011flant\u0131 noktas\u0131n\u0131 kaydetmek i\u00e7in kablosuz klavye ve fareyi bir USB al\u0131c\u0131yla ba\u011flaman\u0131z yeterlidir. Gecikme veya kopma yok. Herhangi bir s\u00fcr\u00fcc\u00fc olmadan 10 metreye (33 ft) kadar g\u00fcvenilir kablosuz ba\u011flant\u0131 sa\u011flar.<br \/>\n2.104 Tu\u015flu Tam Boyutlu Klavye - Standart ABD QWERTY d\u00fczeni ile Lovaky kablosuz klavye, say\u0131 tu\u015f tak\u0131m\u0131ndaki her tu\u015fu ba\u011f\u0131ms\u0131z ve iyi aral\u0131kl\u0131 hale getirerek yanl\u0131\u015f tu\u015fa basmay\u0131 b\u00fcy\u00fck \u00f6l\u00e7\u00fcde \u00f6nler. Klavyenin arkas\u0131ndaki katlanabilir stand, sizin i\u00e7in rahat bir yazma a\u00e7\u0131s\u0131 sa\u011flar, b\u00f6ylece saatlerce rahat yazman\u0131n keyfini \u00e7\u0131karabilirsiniz.<br \/>\n3. G\u00fc\u00e7 Tasarrufu Pil \u00d6mr\u00fcn\u00fc Uzat\u0131r - Kablosuz klavye ve farenin a\u00e7\u0131l\u0131p kapanmas\u0131 i\u00e7in g\u00fc\u00e7 anahtar\u0131 vard\u0131r, bu da gereksiz pil kayb\u0131ndan tasarruf sa\u011flar. 10 dakika kullan\u0131lmad\u0131\u011f\u0131nda, kablosuz klavye fare kombinasyonu enerji tasarrufu i\u00e7in otomatik olarak uyku moduna ge\u00e7er. klavye bir AAA pil gerektirir ve fare iki pil gerektirir.<br \/>\n4. Sessiz Kablosuz Fare - Bilgisayar faresi f\u0131s\u0131lt\u0131 sessizli\u011finde t\u0131klama sa\u011flar, \u00e7al\u0131\u015f\u0131rken veya oynarken dinlenmek i\u00e7in ba\u015fkalar\u0131n\u0131 rahats\u0131z etme konusunda endi\u015felenmenize gerek yoktur. DPI ayarlanabilir fare, hassasiyet a\u00e7\u0131s\u0131ndan farkl\u0131 ihtiya\u00e7lar\u0131n\u0131z\u0131 kar\u015f\u0131lamak i\u00e7in 3 DPI seviyesi (800\/1200\/1600) sa\u011flar.<br \/>\n5. Uyumlu kablosuz fare ve klavye kombinasyonu - Tam boyutlu bir klavye ve y\u00fcksek hassasiyetli bir fare i\u00e7erir. Bilgisayar\u0131n\u0131z, Masa\u00fcst\u00fc, Diz\u00fcst\u00fc veya Notebook ile \u00e7al\u0131\u015f\u0131r. Windows XP \/ Vista \/ 7 \/ 8 \/ 10 i\u015fletim sistemleri ile uyumludur.<\/p>\n<p>6. G\u00fc\u00e7 g\u00f6stergesi - yeni pil klavye ve fareye tak\u0131ld\u0131\u011f\u0131nda, bilgisayarla normal ba\u011flant\u0131 varsa g\u00fc\u00e7 k\u0131rm\u0131z\u0131 \u0131\u015f\u0131\u011f\u0131 5-8 saniye yan\u0131p s\u00f6ner, bilgisayar normalde g\u00fcce ba\u011fl\u0131 de\u011filse k\u0131rm\u0131z\u0131 \u0131\u015f\u0131k bir an i\u00e7in yanar ve s\u00f6ner. D\u00fc\u015f\u00fck pil modunda herhangi bir tu\u015fa bas\u0131ld\u0131\u011f\u0131nda g\u00fc\u00e7 k\u0131rm\u0131z\u0131 \u0131\u015f\u0131\u011f\u0131 yan\u0131p s\u00f6necektir. Bu y\u00fczden ilk kullanmaya ba\u015flad\u0131\u011f\u0131n\u0131zda, g\u00fc\u00e7 k\u0131rm\u0131z\u0131 \u0131\u015f\u0131\u011f\u0131n\u0131n 5-8 saniye boyunca yan\u0131p s\u00f6nmeye devam etmesi normaldir. \u0130pucu: Fareniz \u00e7al\u0131\u015fmay\u0131 durdurursa, \u00f6nce pilleri kontrol edin ve yenileriyle de\u011fi\u015ftirin.<br \/>\n7. \u00d6zelle\u015ftirilebilir Almanya, \u0130spanyolca, \u0130talya, Korece, Japonya, Arap\u00e7a ve Rus\u00e7a Dil \/ D\u00fczeni<\/p>\n<\/div>\n<\/div>\n<div class=\"J_module\">\n<div id=\"ali-anchor-AliMagic-o5sbrj\" class=\"magic-12\" style=\"border-bottom: solid 2px currentColor; font-size: 24px; padding: 8px 0 4px 0; margin: 0 0 8px 0;\" data-section=\"AliMagic-o5sbrj\" data-section-title=\"WHY CHOOSE US?\"><\/div>\n<\/div>\n<\/div>","protected":false},"excerpt":{"rendered":"<div>\n<p>[Industry-specific attributes]<br \/>\nsupports human engineering:Yes<br \/>\ntype:Wireless<\/p>\n<p>[Other attributes]<br \/>\nplace of origin:Guangdong, China<br \/>\ninterface:Usb<br \/>\nkeyboard backlit:no<br \/>\nkeyboard standard:104 Keys<br \/>\nmechanical:No<br \/>\nmodel number:CK710+CM620<br \/>\nBrand:OEM<br \/>\napplicable object:For Home Office<br \/>\ndpi:1600<br \/>\nmouse connection:Wireless<br \/>\nprivate mold:Yes<br \/>\nwith multimedia function keys:Yes<br \/>\nwrist support:No<br \/>\nProduct name:Wireless Keyboard Mouse Combo<br \/>\nKeywords:Wireless Keyboard and mouse<br \/>\nLayout:Customized Layout<br \/>\nMaterial:ABS<br \/>\nUsage:Office Working Gaming<br \/>\nLogo:Accept Customized Logo<br \/>\nPackage:Customized Box<br \/>\nWarranty:12 Months<br \/>\nLanguage:Customized Lanaguage<br \/>\nMOQ:1000PCS<\/p>\n<\/div>\n","protected":false},"featured_media":4216,"comment_status":"open","ping_status":"closed","template":"","meta":{"_monsterinsights_skip_tracking":false,"_monsterinsights_sitenote_active":false,"_monsterinsights_sitenote_note":"","_monsterinsights_sitenote_category":0},"product_cat":[552],"product_tag":[130,112,558],"yoast_head":"<!-- This site is optimized with the Yoast SEO Premium plugin v22.9 (Yoast SEO v24.0) - https:\/\/yoast.com\/wordpress\/plugins\/seo\/ -->\n<title>CK710 2.4G Full-Sized Ergonomic Wireless Keyboard and Mouse Combo Manufacturer<\/title>\n<meta name=\"description\" content=\"Darshion is a professional manufacturer of 2.4G full-sized ergonomic wireless keyboard and mouse combos. We provide OEM and custom solutions for brands, distributors, and bulk buyers with stable production capacity.\" \/>\n<meta name=\"robots\" content=\"index, follow, max-snippet:-1, max-image-preview:large, max-video-preview:-1\" \/>\n<link rel=\"canonical\" href=\"https:\/\/darshion.com\/tr\/urun\/ck710-keyboard-and-mouse-combo-manufacturer\/\" \/>\n<meta property=\"og:locale\" content=\"tr_TR\" \/>\n<meta property=\"og:type\" content=\"article\" \/>\n<meta property=\"og:title\" content=\"CK710 2.4G Full-Sized Ergonomic Wireless Keyboard and Mouse Combo Manufacturer\" \/>\n<meta property=\"og:description\" content=\"Darshion is a professional manufacturer of 2.4G full-sized ergonomic wireless keyboard and mouse combos. We provide OEM and custom solutions for brands, distributors, and bulk buyers with stable production capacity.\" \/>\n<meta property=\"og:url\" content=\"https:\/\/darshion.com\/tr\/urun\/ck710-keyboard-and-mouse-combo-manufacturer\/\" \/>\n<meta property=\"og:site_name\" content=\"darshion\" \/>\n<meta property=\"article:modified_time\" content=\"2026-02-26T10:02:30+00:00\" \/>\n<meta property=\"og:image\" content=\"https:\/\/darshion.com\/wp-content\/uploads\/2026\/02\/H4ebaefe40f7041bd8e4ea99d38c1f28bl.jpg\" \/>\n\t<meta property=\"og:image:width\" content=\"1200\" \/>\n\t<meta property=\"og:image:height\" content=\"1200\" \/>\n\t<meta property=\"og:image:type\" content=\"image\/jpeg\" \/>\n<meta name=\"twitter:card\" content=\"summary_large_image\" \/>\n<meta name=\"twitter:label1\" content=\"Tahmini okuma s\u00fcresi\" \/>\n\t<meta name=\"twitter:data1\" content=\"4 dakika\" \/>\n<script type=\"application\/ld+json\" class=\"yoast-schema-graph\">{\"@context\":\"https:\/\/schema.org\",\"@graph\":[{\"@type\":\"WebPage\",\"@id\":\"https:\/\/darshion.com\/product\/ck710-keyboard-and-mouse-combo-manufacturer\/\",\"url\":\"https:\/\/darshion.com\/product\/ck710-keyboard-and-mouse-combo-manufacturer\/\",\"name\":\"CK710 2.4G Full-Sized Ergonomic Wireless Keyboard and Mouse Combo Manufacturer\",\"isPartOf\":{\"@id\":\"https:\/\/darshion.com\/#website\"},\"primaryImageOfPage\":{\"@id\":\"https:\/\/darshion.com\/product\/ck710-keyboard-and-mouse-combo-manufacturer\/#primaryimage\"},\"image\":{\"@id\":\"https:\/\/darshion.com\/product\/ck710-keyboard-and-mouse-combo-manufacturer\/#primaryimage\"},\"thumbnailUrl\":\"https:\/\/darshion.com\/wp-content\/uploads\/2026\/02\/H4ebaefe40f7041bd8e4ea99d38c1f28bl.jpg\",\"datePublished\":\"2026-02-26T09:41:56+00:00\",\"dateModified\":\"2026-02-26T10:02:30+00:00\",\"description\":\"Darshion is a professional manufacturer of 2.4G full-sized ergonomic wireless keyboard and mouse combos. We provide OEM and custom solutions for brands, distributors, and bulk buyers with stable production capacity.\",\"breadcrumb\":{\"@id\":\"https:\/\/darshion.com\/product\/ck710-keyboard-and-mouse-combo-manufacturer\/#breadcrumb\"},\"inLanguage\":\"tr\",\"potentialAction\":[{\"@type\":\"ReadAction\",\"target\":[\"https:\/\/darshion.com\/product\/ck710-keyboard-and-mouse-combo-manufacturer\/\"]}]},{\"@type\":\"ImageObject\",\"inLanguage\":\"tr\",\"@id\":\"https:\/\/darshion.com\/product\/ck710-keyboard-and-mouse-combo-manufacturer\/#primaryimage\",\"url\":\"https:\/\/darshion.com\/wp-content\/uploads\/2026\/02\/H4ebaefe40f7041bd8e4ea99d38c1f28bl.jpg\",\"contentUrl\":\"https:\/\/darshion.com\/wp-content\/uploads\/2026\/02\/H4ebaefe40f7041bd8e4ea99d38c1f28bl.jpg\",\"width\":1200,\"height\":1200},{\"@type\":\"BreadcrumbList\",\"@id\":\"https:\/\/darshion.com\/product\/ck710-keyboard-and-mouse-combo-manufacturer\/#breadcrumb\",\"itemListElement\":[{\"@type\":\"ListItem\",\"position\":1,\"name\":\"\u9996\u9875\",\"item\":\"https:\/\/darshion.com\/\"},{\"@type\":\"ListItem\",\"position\":2,\"name\":\"PRODUCT\",\"item\":\"https:\/\/darshion.com\/pt\/product\/\"},{\"@type\":\"ListItem\",\"position\":3,\"name\":\"CK710 2.4G Full-Sized Ergonomic Wireless Keyboard and Mouse Combo Manufacturer\"}]},{\"@type\":\"WebSite\",\"@id\":\"https:\/\/darshion.com\/#website\",\"url\":\"https:\/\/darshion.com\/\",\"name\":\"darshion\",\"description\":\"14 Years of Experience, Quality Assurance, Innovative Design\",\"publisher\":{\"@id\":\"https:\/\/darshion.com\/#organization\"},\"potentialAction\":[{\"@type\":\"SearchAction\",\"target\":{\"@type\":\"EntryPoint\",\"urlTemplate\":\"https:\/\/darshion.com\/?s={search_term_string}\"},\"query-input\":{\"@type\":\"PropertyValueSpecification\",\"valueRequired\":true,\"valueName\":\"search_term_string\"}}],\"inLanguage\":\"tr\"},{\"@type\":\"Organization\",\"@id\":\"https:\/\/darshion.com\/#organization\",\"name\":\"darshion\",\"url\":\"https:\/\/darshion.com\/\",\"logo\":{\"@type\":\"ImageObject\",\"inLanguage\":\"tr\",\"@id\":\"https:\/\/darshion.com\/#\/schema\/logo\/image\/\",\"url\":\"https:\/\/darshion.com\/wp-content\/uploads\/2023\/09\/01-1.png\",\"contentUrl\":\"https:\/\/darshion.com\/wp-content\/uploads\/2023\/09\/01-1.png\",\"width\":350,\"height\":100,\"caption\":\"darshion\"},\"image\":{\"@id\":\"https:\/\/darshion.com\/#\/schema\/logo\/image\/\"}}]}<\/script>\n<!-- \/ Yoast SEO Premium plugin. -->","yoast_head_json":{"title":"CK710 2.4G Tam Boyutlu Ergonomik Kablosuz Klavye ve Mouse Combo \u00dcreticisi","description":"Darshion, 2.4G tam boyutlu ergonomik kablosuz klavye ve fare kombinasyonlar\u0131n\u0131n profesyonel bir \u00fcreticisidir. \u0130stikrarl\u0131 \u00fcretim kapasitesi ile markalar, distrib\u00fct\u00f6rler ve toplu al\u0131c\u0131lar i\u00e7in OEM ve \u00f6zel \u00e7\u00f6z\u00fcmler sunuyoruz.","robots":{"index":"index","follow":"follow","max-snippet":"max-snippet:-1","max-image-preview":"max-image-preview:large","max-video-preview":"max-video-preview:-1"},"canonical":"https:\/\/darshion.com\/tr\/urun\/ck710-keyboard-and-mouse-combo-manufacturer\/","og_locale":"tr_TR","og_type":"article","og_title":"CK710 2.4G Full-Sized Ergonomic Wireless Keyboard and Mouse Combo Manufacturer","og_description":"Darshion is a professional manufacturer of 2.4G full-sized ergonomic wireless keyboard and mouse combos. We provide OEM and custom solutions for brands, distributors, and bulk buyers with stable production capacity.","og_url":"https:\/\/darshion.com\/tr\/urun\/ck710-keyboard-and-mouse-combo-manufacturer\/","og_site_name":"darshion","article_modified_time":"2026-02-26T10:02:30+00:00","og_image":[{"width":1200,"height":1200,"url":"https:\/\/darshion.com\/wp-content\/uploads\/2026\/02\/H4ebaefe40f7041bd8e4ea99d38c1f28bl.jpg","type":"image\/jpeg"}],"twitter_card":"summary_large_image","twitter_misc":{"Tahmini okuma s\u00fcresi":"4 dakika"},"schema":{"@context":"https:\/\/schema.org","@graph":[{"@type":"WebPage","@id":"https:\/\/darshion.com\/product\/ck710-keyboard-and-mouse-combo-manufacturer\/","url":"https:\/\/darshion.com\/product\/ck710-keyboard-and-mouse-combo-manufacturer\/","name":"CK710 2.4G Tam Boyutlu Ergonomik Kablosuz Klavye ve Mouse Combo \u00dcreticisi","isPartOf":{"@id":"https:\/\/darshion.com\/#website"},"primaryImageOfPage":{"@id":"https:\/\/darshion.com\/product\/ck710-keyboard-and-mouse-combo-manufacturer\/#primaryimage"},"image":{"@id":"https:\/\/darshion.com\/product\/ck710-keyboard-and-mouse-combo-manufacturer\/#primaryimage"},"thumbnailUrl":"https:\/\/darshion.com\/wp-content\/uploads\/2026\/02\/H4ebaefe40f7041bd8e4ea99d38c1f28bl.jpg","datePublished":"2026-02-26T09:41:56+00:00","dateModified":"2026-02-26T10:02:30+00:00","description":"Darshion, 2.4G tam boyutlu ergonomik kablosuz klavye ve fare kombinasyonlar\u0131n\u0131n profesyonel bir \u00fcreticisidir. \u0130stikrarl\u0131 \u00fcretim kapasitesi ile markalar, distrib\u00fct\u00f6rler ve toplu al\u0131c\u0131lar i\u00e7in OEM ve \u00f6zel \u00e7\u00f6z\u00fcmler sunuyoruz.","breadcrumb":{"@id":"https:\/\/darshion.com\/product\/ck710-keyboard-and-mouse-combo-manufacturer\/#breadcrumb"},"inLanguage":"tr","potentialAction":[{"@type":"ReadAction","target":["https:\/\/darshion.com\/product\/ck710-keyboard-and-mouse-combo-manufacturer\/"]}]},{"@type":"ImageObject","inLanguage":"tr","@id":"https:\/\/darshion.com\/product\/ck710-keyboard-and-mouse-combo-manufacturer\/#primaryimage","url":"https:\/\/darshion.com\/wp-content\/uploads\/2026\/02\/H4ebaefe40f7041bd8e4ea99d38c1f28bl.jpg","contentUrl":"https:\/\/darshion.com\/wp-content\/uploads\/2026\/02\/H4ebaefe40f7041bd8e4ea99d38c1f28bl.jpg","width":1200,"height":1200},{"@type":"BreadcrumbList","@id":"https:\/\/darshion.com\/product\/ck710-keyboard-and-mouse-combo-manufacturer\/#breadcrumb","itemListElement":[{"@type":"ListItem","position":1,"name":"\u9996\u9875","item":"https:\/\/darshion.com\/"},{"@type":"ListItem","position":2,"name":"PRODUCT","item":"https:\/\/darshion.com\/pt\/product\/"},{"@type":"ListItem","position":3,"name":"CK710 2.4G Full-Sized Ergonomic Wireless Keyboard and Mouse Combo Manufacturer"}]},{"@type":"WebSite","@id":"https:\/\/darshion.com\/#website","url":"https:\/\/darshion.com\/","name":"darshion","description":"14 Y\u0131ll\u0131k Tecr\u00fcbe, Kalite G\u00fcvencesi, Yenilik\u00e7i Tasar\u0131m","publisher":{"@id":"https:\/\/darshion.com\/#organization"},"potentialAction":[{"@type":"SearchAction","target":{"@type":"EntryPoint","urlTemplate":"https:\/\/darshion.com\/?s={search_term_string}"},"query-input":{"@type":"PropertyValueSpecification","valueRequired":true,"valueName":"search_term_string"}}],"inLanguage":"tr"},{"@type":"Organization","@id":"https:\/\/darshion.com\/#organization","name":"darshion","url":"https:\/\/darshion.com\/","logo":{"@type":"ImageObject","inLanguage":"tr","@id":"https:\/\/darshion.com\/#\/schema\/logo\/image\/","url":"https:\/\/darshion.com\/wp-content\/uploads\/2023\/09\/01-1.png","contentUrl":"https:\/\/darshion.com\/wp-content\/uploads\/2023\/09\/01-1.png","width":350,"height":100,"caption":"darshion"},"image":{"@id":"https:\/\/darshion.com\/#\/schema\/logo\/image\/"}}]}},"_links":{"self":[{"href":"https:\/\/darshion.com\/tr\/wp-json\/wp\/v2\/product\/4227"}],"collection":[{"href":"https:\/\/darshion.com\/tr\/wp-json\/wp\/v2\/product"}],"about":[{"href":"https:\/\/darshion.com\/tr\/wp-json\/wp\/v2\/types\/product"}],"replies":[{"embeddable":true,"href":"https:\/\/darshion.com\/tr\/wp-json\/wp\/v2\/comments?post=4227"}],"wp:featuredmedia":[{"embeddable":true,"href":"https:\/\/darshion.com\/tr\/wp-json\/wp\/v2\/media\/4216"}],"wp:attachment":[{"href":"https:\/\/darshion.com\/tr\/wp-json\/wp\/v2\/media?parent=4227"}],"wp:term":[{"taxonomy":"product_cat","embeddable":true,"href":"https:\/\/darshion.com\/tr\/wp-json\/wp\/v2\/product_cat?post=4227"},{"taxonomy":"product_tag","embeddable":true,"href":"https:\/\/darshion.com\/tr\/wp-json\/wp\/v2\/product_tag?post=4227"}],"curies":[{"name":"wp","href":"https:\/\/api.w.org\/{rel}","templated":true}]}}