{"id":4356,"date":"2026-03-06T18:04:56","date_gmt":"2026-03-06T10:04:56","guid":{"rendered":"https:\/\/darshion.com\/product\/amz-hot-sale-rechargeable-wireless-keyboard-mute-silent-split-computer-office-ergo-ergonomic-mouse-and-keyboard-with-palm-rest\/"},"modified":"2026-03-06T18:05:02","modified_gmt":"2026-03-06T10:05:02","slug":"amz-hot-sale-rechargeable-wireless-keyboard-mute-silent-split-computer-office-ergo-ergonomic-mouse-and-keyboard-with-palm-rest","status":"publish","type":"product","link":"https:\/\/darshion.com\/tr\/urun\/amz-hot-sale-rechargeable-wireless-keyboard-mute-silent-split-computer-office-ergo-ergonomic-mouse-and-keyboard-with-palm-rest\/","title":{"rendered":"AMZ S\u0131cak Sat\u0131\u015f \u015earj Edilebilir Kablosuz Klavye Sessiz Sessiz B\u00f6l\u00fcnm\u00fc\u015f Bilgisayar Ofis Ergo Ergonomik Fare ve Klavye Avu\u00e7 \u0130\u00e7i Dayana\u011f\u0131 ile"},"content":{"rendered":"<div class=\"J_module\">\n<div class=\"magic-1\" style=\"border-bottom:solid 2px currentColor;font-size:24px;padding:8px 0 4px 0;margin:0 0 8px 0\" id=\"ali-anchor-AliMagic-7wyugl\" data-section=\"AliMagic-7wyugl\" data-section-title=\"Products Description\">\u00dcr\u00fcn A\u00e7\u0131klamas\u0131<\/div>\n<\/div>\n<div class=\"J_module\">\n<div class=\"detail-decorate-json-renderer-container\">1.  Tu\u015f Say\u0131s\u0131:111 Tu\u015f<br \/>\n2.  Kablolu\/2.4G\/Bluetooth \u00c7ift Mod Se\u00e7enekleri Mevcuttur<br \/>\n3.  Alkalin Pil \/ Lityum Pil Se\u00e7enekleri Mevcuttur<br \/>\n4.  Su Ge\u00e7irmez Kuma\u015f Yast\u0131kl\u0131 Avu\u00e7 \u0130\u00e7i Dayana\u011f\u0131,<br \/>\nEller ve Bilekler i\u00e7in Destek ve Rahatl\u0131k Sa\u011flama<br \/>\n5.  Ellerinizde, Bileklerinizde ve Kollar\u0131n\u0131zda Zorlanma ve Rahats\u0131zl\u0131\u011f\u0131 En Aza \u0130ndirmek \u0130\u00e7in Tasarlanm\u0131\u015ft\u0131r<br \/>\n6.  Standart Anahtar \u00d6mr\u00fc: 5 Milyon Kez<br \/>\n7.  Aerodinamik Tasar\u0131m M\u00fckemmel Yazma Hissi<br \/>\n8.  \u00c7evre Dostu Malzemeler<br \/>\n9.  T\u0131klamas\u0131z Sessiz Sessiz ve Daha Az Rahats\u0131z Edici<br \/>\n10.  Size:455.71*229.83*51.2mm;Weight:885g<br \/>1.  6D K\u00fc\u00e7\u00fck Boy Dikey Fare<br \/>\n2.  Kablolu\/2.4G\/Bluetooth \u00c7ift Mod Se\u00e7enekleri Mevcuttur<br \/>\n3.  Alkalin Pil \/ Lityum Pil Se\u00e7enekleri Mevcuttur<br \/>\n4.  DPI: 800\/1200\/1600 (3200'e kadar)<br \/>\n5.  Boyut: 111.16*83.91*66.57mm; A\u011f\u0131rl\u0131k: 90.8g \u00b15g<br \/>\n6.  D\u00fc\u011fme \u00d6mr\u00fc 3 Milyon Kez<br \/>\n7.  Type-c \u015earj Portu; 80CM \u015earj Kablosu<br \/>\n8.  Sessiz T\u0131klama Daha Az Rahats\u0131zl\u0131k veya Sesli T\u0131klama<br \/>\n9.  Windows 2000\/ 2003\/ ME\/ XP\/ Vista\/ Win7\/ 8\/ 10\/ MAC OS\/ Linux ile uyumludur<br \/>\n10.  K\u00fc\u00e7\u00fck Boyutlu Dikey Fare, Asya El Oranlar\u0131na G\u00f6re Uyarlanm\u0131\u015ft\u0131r. Kad\u0131nlara ve K\u00fc\u00e7\u00fck Elli Erkeklere Rahat\u00e7a Uyar<br \/>\u3010\u00d6zelle\u015ftirilebilir\u3011- Renkler<br \/>- Kablolu\/Kablosuz\/2.4G\/Bluetooth \u00dc\u00e7l\u00fc mod\/\u00c7oklu Kanal<br \/>- \u0130\u00e7 \u00c7\u00f6z\u00fcmler:Yichip\/NORDIC\/BEKEN\/MOSART\/TELINK\/<br \/>- Yerle\u015fim: ABD\/\u0130NG\u0130LTERE\/G\u00dcNEY KORE\/\u0130SPANYA\/BRAZ\u0130LYA\/RUSYA vb.<br \/>- LOGO &amp; Ambalaj<\/div>\n<\/div>\n<div class=\"J_module\">\n<div class=\"magic-1\" style=\"border-bottom:solid 2px currentColor;font-size:24px;padding:8px 0 4px 0;margin:0 0 8px 0\" id=\"ali-anchor-AliMagic-ji4iiw\" data-section=\"AliMagic-ji4iiw\" data-section-title=\"Details Images\">Detaylar G\u00f6r\u00fcnt\u00fcler<\/div>\n<\/div>\n<div class=\"J_module\">\n<div class=\"icbu-pc-detailManyImage magic-6\">\n<div class=\"magic-7\"><img decoding=\"async\" class=\"magic-8\" src=\"https:\/\/darshion.com\/wp-content\/uploads\/2026\/03\/Hd8d78fb732e442e6bc9dad57fc4840daW.jpg\" \/><\/div>\n<div class=\"magic-7\"><img decoding=\"async\" class=\"magic-8\" src=\"https:\/\/darshion.com\/wp-content\/uploads\/2026\/03\/H560836872f97482ca05781fdb7b2b1698.jpg\" \/><\/div>\n<div class=\"magic-7\"><img decoding=\"async\" class=\"magic-8\" src=\"https:\/\/darshion.com\/wp-content\/uploads\/2026\/03\/Had1ccc004ef14e0f9274aec85a39d37d8.jpg\" \/><\/div>\n<div class=\"magic-7\"><img decoding=\"async\" class=\"magic-8\" src=\"https:\/\/darshion.com\/wp-content\/uploads\/2026\/03\/H0da09593186a4cadab98ab82a3be778fL.jpg\" \/><\/div>\n<div class=\"magic-7\"><img decoding=\"async\" class=\"magic-8\" src=\"https:\/\/darshion.com\/wp-content\/uploads\/2026\/03\/H4bf44d705d4e4774804077b1d313c9145.jpg\" \/><\/div>\n<div class=\"magic-7\"><img decoding=\"async\" class=\"magic-8\" src=\"https:\/\/darshion.com\/wp-content\/uploads\/2026\/03\/H85ed28863445423f9be30936be6dfa0cp.jpg\" \/><\/div>\n<div class=\"magic-7\"><img decoding=\"async\" class=\"magic-8\" src=\"https:\/\/darshion.com\/wp-content\/uploads\/2026\/03\/H57c7bd7d3812455e88031de808640f5d5.jpg\" \/><\/div>\n<div class=\"magic-7\"><img decoding=\"async\" class=\"magic-8\" src=\"https:\/\/darshion.com\/wp-content\/uploads\/2026\/03\/H1739b72787b04c10b1f46d07f5b5d7451.jpg\" \/><\/div>\n<\/div>\n<\/div>\n<div class=\"J_module\">\n<div class=\"magic-9\" style=\"border-bottom:solid 2px currentColor;font-size:24px;padding:8px 0 4px 0;margin:0 0 8px 0\" id=\"ali-anchor-AliMagic-cc466g\" data-section=\"AliMagic-cc466g\" data-section-title=\"WHY CHOOSE US?\"><\/div>\n<\/div>","protected":false},"excerpt":{"rendered":"<div>[Industry-specific attributes]<br \/>supports human engineering:Yes<br \/>type:Multimedia, Ergonomic, Wireless<\/p>\n<p>[Other attributes]<br \/>place of origin:Guangdong, China<br \/>interface:RF<br \/>keyboard backlit:NO<br \/>keyboard standard:111Keys<br \/>mechanical:No<br \/>model number:T1+V30<br \/>Brand:COUSO<br \/>anti-ghosting:Multi Keys<br \/>applicable object:For Desktop<br \/>dpi:1600<br \/>feature:anti-fall, Waterproof<br \/>mouse connection:Wireless<br \/>private mold:Yes<br \/>with multimedia function keys:Yes<br \/>wrist support:Yes<br \/>Product name:2.4g wireless Ergonomic Keyboard<br \/>Palm Rest:Soft Leather Pad<br \/>Function 1:Multifunctional Keyboard<br \/>Keywords:wireless ergonomic keyboard<br \/>Layout:customizable<br \/>Logo:customizable<br \/>Certification:CE,ROHS,FCC<br \/>Usage:Office home computer<br \/>Package:customizable<br \/>Feature:Human Ergonomic<\/div>\n","protected":false},"featured_media":4343,"comment_status":"open","ping_status":"closed","template":"","meta":{"_monsterinsights_skip_tracking":false,"_monsterinsights_sitenote_active":false,"_monsterinsights_sitenote_note":"","_monsterinsights_sitenote_category":0},"product_cat":[552,553],"product_tag":[134,103],"yoast_head":"<!-- This site is optimized with the Yoast SEO Premium plugin v22.9 (Yoast SEO v24.0) - https:\/\/yoast.com\/wordpress\/plugins\/seo\/ -->\n<title>AMZ Hot Sale Rechargeable Wireless Keyboard Mute Silent Split Computer Office Ergo Ergonomic Mouse and Keyboard with Palm Rest - darshion<\/title>\n<meta name=\"robots\" content=\"index, follow, max-snippet:-1, max-image-preview:large, max-video-preview:-1\" \/>\n<link rel=\"canonical\" href=\"https:\/\/darshion.com\/tr\/urun\/amz-hot-sale-rechargeable-wireless-keyboard-mute-silent-split-computer-office-ergo-ergonomic-mouse-and-keyboard-with-palm-rest\/\" \/>\n<meta property=\"og:locale\" content=\"tr_TR\" \/>\n<meta property=\"og:type\" content=\"article\" \/>\n<meta property=\"og:title\" content=\"AMZ Hot Sale Rechargeable Wireless Keyboard Mute Silent Split Computer Office Ergo Ergonomic Mouse and Keyboard with Palm Rest\" \/>\n<meta property=\"og:description\" content=\"[Industry-specific attributes]supports human engineering:Yestype:Multimedia, Ergonomic, Wireless[Other attributes]place of origin:Guangdong, Chinainterface:RFkeyboard backlit:NOkeyboard standard:111Keysmechanical:Nomodel number:T1+V30Brand:COUSOanti-ghosting:Multi Keysapplicable object:For Desktopdpi:1600feature:anti-fall, Waterproofmouse connection:Wirelessprivate mold:Yeswith multimedia function keys:Yeswrist support:YesProduct name:2.4g wireless Ergonomic KeyboardPalm Rest:Soft Leather PadFunction 1:Multifunctional KeyboardKeywords:wireless ergonomic keyboardLayout:customizableLogo:customizableCertification:CE,ROHS,FCCUsage:Office home computerPackage:customizableFeature:Human Ergonomic\" \/>\n<meta property=\"og:url\" content=\"https:\/\/darshion.com\/tr\/urun\/amz-hot-sale-rechargeable-wireless-keyboard-mute-silent-split-computer-office-ergo-ergonomic-mouse-and-keyboard-with-palm-rest\/\" \/>\n<meta property=\"og:site_name\" content=\"darshion\" \/>\n<meta property=\"article:modified_time\" content=\"2026-03-06T10:05:02+00:00\" \/>\n<meta property=\"og:image\" content=\"https:\/\/darshion.com\/wp-content\/uploads\/2026\/03\/Hd8d78fb732e442e6bc9dad57fc4840daW.jpg\" \/>\n<meta name=\"twitter:card\" content=\"summary_large_image\" \/>\n<meta name=\"twitter:label1\" content=\"Tahmini okuma s\u00fcresi\" \/>\n\t<meta name=\"twitter:data1\" content=\"1 dakika\" \/>\n<script type=\"application\/ld+json\" class=\"yoast-schema-graph\">{\"@context\":\"https:\/\/schema.org\",\"@graph\":[{\"@type\":\"WebPage\",\"@id\":\"https:\/\/darshion.com\/product\/amz-hot-sale-rechargeable-wireless-keyboard-mute-silent-split-computer-office-ergo-ergonomic-mouse-and-keyboard-with-palm-rest\/\",\"url\":\"https:\/\/darshion.com\/product\/amz-hot-sale-rechargeable-wireless-keyboard-mute-silent-split-computer-office-ergo-ergonomic-mouse-and-keyboard-with-palm-rest\/\",\"name\":\"AMZ Hot Sale Rechargeable Wireless Keyboard Mute Silent Split Computer Office Ergo Ergonomic Mouse and Keyboard with Palm Rest - darshion\",\"isPartOf\":{\"@id\":\"https:\/\/darshion.com\/#website\"},\"primaryImageOfPage\":{\"@id\":\"https:\/\/darshion.com\/product\/amz-hot-sale-rechargeable-wireless-keyboard-mute-silent-split-computer-office-ergo-ergonomic-mouse-and-keyboard-with-palm-rest\/#primaryimage\"},\"image\":{\"@id\":\"https:\/\/darshion.com\/product\/amz-hot-sale-rechargeable-wireless-keyboard-mute-silent-split-computer-office-ergo-ergonomic-mouse-and-keyboard-with-palm-rest\/#primaryimage\"},\"thumbnailUrl\":\"https:\/\/darshion.com\/wp-content\/uploads\/2026\/03\/H86879c8083df4a9eaa2c873a6647c32dK.jpg\",\"datePublished\":\"2026-03-06T10:04:56+00:00\",\"dateModified\":\"2026-03-06T10:05:02+00:00\",\"breadcrumb\":{\"@id\":\"https:\/\/darshion.com\/product\/amz-hot-sale-rechargeable-wireless-keyboard-mute-silent-split-computer-office-ergo-ergonomic-mouse-and-keyboard-with-palm-rest\/#breadcrumb\"},\"inLanguage\":\"tr\",\"potentialAction\":[{\"@type\":\"ReadAction\",\"target\":[\"https:\/\/darshion.com\/product\/amz-hot-sale-rechargeable-wireless-keyboard-mute-silent-split-computer-office-ergo-ergonomic-mouse-and-keyboard-with-palm-rest\/\"]}]},{\"@type\":\"ImageObject\",\"inLanguage\":\"tr\",\"@id\":\"https:\/\/darshion.com\/product\/amz-hot-sale-rechargeable-wireless-keyboard-mute-silent-split-computer-office-ergo-ergonomic-mouse-and-keyboard-with-palm-rest\/#primaryimage\",\"url\":\"https:\/\/darshion.com\/wp-content\/uploads\/2026\/03\/H86879c8083df4a9eaa2c873a6647c32dK.jpg\",\"contentUrl\":\"https:\/\/darshion.com\/wp-content\/uploads\/2026\/03\/H86879c8083df4a9eaa2c873a6647c32dK.jpg\",\"width\":1400,\"height\":1400},{\"@type\":\"BreadcrumbList\",\"@id\":\"https:\/\/darshion.com\/product\/amz-hot-sale-rechargeable-wireless-keyboard-mute-silent-split-computer-office-ergo-ergonomic-mouse-and-keyboard-with-palm-rest\/#breadcrumb\",\"itemListElement\":[{\"@type\":\"ListItem\",\"position\":1,\"name\":\"\u9996\u9875\",\"item\":\"https:\/\/darshion.com\/\"},{\"@type\":\"ListItem\",\"position\":2,\"name\":\"PRODUCT\",\"item\":\"https:\/\/darshion.com\/pt\/product\/\"},{\"@type\":\"ListItem\",\"position\":3,\"name\":\"AMZ Hot Sale Rechargeable Wireless Keyboard Mute Silent Split Computer Office Ergo Ergonomic Mouse and Keyboard with Palm Rest\"}]},{\"@type\":\"WebSite\",\"@id\":\"https:\/\/darshion.com\/#website\",\"url\":\"https:\/\/darshion.com\/\",\"name\":\"darshion\",\"description\":\"14 Years of Experience, Quality Assurance, Innovative Design\",\"publisher\":{\"@id\":\"https:\/\/darshion.com\/#organization\"},\"potentialAction\":[{\"@type\":\"SearchAction\",\"target\":{\"@type\":\"EntryPoint\",\"urlTemplate\":\"https:\/\/darshion.com\/?s={search_term_string}\"},\"query-input\":{\"@type\":\"PropertyValueSpecification\",\"valueRequired\":true,\"valueName\":\"search_term_string\"}}],\"inLanguage\":\"tr\"},{\"@type\":\"Organization\",\"@id\":\"https:\/\/darshion.com\/#organization\",\"name\":\"darshion\",\"url\":\"https:\/\/darshion.com\/\",\"logo\":{\"@type\":\"ImageObject\",\"inLanguage\":\"tr\",\"@id\":\"https:\/\/darshion.com\/#\/schema\/logo\/image\/\",\"url\":\"https:\/\/darshion.com\/wp-content\/uploads\/2023\/09\/01-1.png\",\"contentUrl\":\"https:\/\/darshion.com\/wp-content\/uploads\/2023\/09\/01-1.png\",\"width\":350,\"height\":100,\"caption\":\"darshion\"},\"image\":{\"@id\":\"https:\/\/darshion.com\/#\/schema\/logo\/image\/\"}}]}<\/script>\n<!-- \/ Yoast SEO Premium plugin. -->","yoast_head_json":{"title":"AMZ Hot Sale Rechargeable Wireless Keyboard Mute Silent Split Computer Office Ergo Ergonomic Mouse and Keyboard with Palm Rest - darshion","robots":{"index":"index","follow":"follow","max-snippet":"max-snippet:-1","max-image-preview":"max-image-preview:large","max-video-preview":"max-video-preview:-1"},"canonical":"https:\/\/darshion.com\/tr\/urun\/amz-hot-sale-rechargeable-wireless-keyboard-mute-silent-split-computer-office-ergo-ergonomic-mouse-and-keyboard-with-palm-rest\/","og_locale":"tr_TR","og_type":"article","og_title":"AMZ Hot Sale Rechargeable Wireless Keyboard Mute Silent Split Computer Office Ergo Ergonomic Mouse and Keyboard with Palm Rest","og_description":"[Industry-specific attributes]supports human engineering:Yestype:Multimedia, Ergonomic, Wireless[Other attributes]place of origin:Guangdong, Chinainterface:RFkeyboard backlit:NOkeyboard standard:111Keysmechanical:Nomodel number:T1+V30Brand:COUSOanti-ghosting:Multi Keysapplicable object:For Desktopdpi:1600feature:anti-fall, Waterproofmouse connection:Wirelessprivate mold:Yeswith multimedia function keys:Yeswrist support:YesProduct name:2.4g wireless Ergonomic KeyboardPalm Rest:Soft Leather PadFunction 1:Multifunctional KeyboardKeywords:wireless ergonomic keyboardLayout:customizableLogo:customizableCertification:CE,ROHS,FCCUsage:Office home computerPackage:customizableFeature:Human Ergonomic","og_url":"https:\/\/darshion.com\/tr\/urun\/amz-hot-sale-rechargeable-wireless-keyboard-mute-silent-split-computer-office-ergo-ergonomic-mouse-and-keyboard-with-palm-rest\/","og_site_name":"darshion","article_modified_time":"2026-03-06T10:05:02+00:00","og_image":[{"url":"https:\/\/darshion.com\/wp-content\/uploads\/2026\/03\/Hd8d78fb732e442e6bc9dad57fc4840daW.jpg","type":"","width":"","height":""}],"twitter_card":"summary_large_image","twitter_misc":{"Tahmini okuma s\u00fcresi":"1 dakika"},"schema":{"@context":"https:\/\/schema.org","@graph":[{"@type":"WebPage","@id":"https:\/\/darshion.com\/product\/amz-hot-sale-rechargeable-wireless-keyboard-mute-silent-split-computer-office-ergo-ergonomic-mouse-and-keyboard-with-palm-rest\/","url":"https:\/\/darshion.com\/product\/amz-hot-sale-rechargeable-wireless-keyboard-mute-silent-split-computer-office-ergo-ergonomic-mouse-and-keyboard-with-palm-rest\/","name":"AMZ Hot Sale Rechargeable Wireless Keyboard Mute Silent Split Computer Office Ergo Ergonomic Mouse and Keyboard with Palm Rest - darshion","isPartOf":{"@id":"https:\/\/darshion.com\/#website"},"primaryImageOfPage":{"@id":"https:\/\/darshion.com\/product\/amz-hot-sale-rechargeable-wireless-keyboard-mute-silent-split-computer-office-ergo-ergonomic-mouse-and-keyboard-with-palm-rest\/#primaryimage"},"image":{"@id":"https:\/\/darshion.com\/product\/amz-hot-sale-rechargeable-wireless-keyboard-mute-silent-split-computer-office-ergo-ergonomic-mouse-and-keyboard-with-palm-rest\/#primaryimage"},"thumbnailUrl":"https:\/\/darshion.com\/wp-content\/uploads\/2026\/03\/H86879c8083df4a9eaa2c873a6647c32dK.jpg","datePublished":"2026-03-06T10:04:56+00:00","dateModified":"2026-03-06T10:05:02+00:00","breadcrumb":{"@id":"https:\/\/darshion.com\/product\/amz-hot-sale-rechargeable-wireless-keyboard-mute-silent-split-computer-office-ergo-ergonomic-mouse-and-keyboard-with-palm-rest\/#breadcrumb"},"inLanguage":"tr","potentialAction":[{"@type":"ReadAction","target":["https:\/\/darshion.com\/product\/amz-hot-sale-rechargeable-wireless-keyboard-mute-silent-split-computer-office-ergo-ergonomic-mouse-and-keyboard-with-palm-rest\/"]}]},{"@type":"ImageObject","inLanguage":"tr","@id":"https:\/\/darshion.com\/product\/amz-hot-sale-rechargeable-wireless-keyboard-mute-silent-split-computer-office-ergo-ergonomic-mouse-and-keyboard-with-palm-rest\/#primaryimage","url":"https:\/\/darshion.com\/wp-content\/uploads\/2026\/03\/H86879c8083df4a9eaa2c873a6647c32dK.jpg","contentUrl":"https:\/\/darshion.com\/wp-content\/uploads\/2026\/03\/H86879c8083df4a9eaa2c873a6647c32dK.jpg","width":1400,"height":1400},{"@type":"BreadcrumbList","@id":"https:\/\/darshion.com\/product\/amz-hot-sale-rechargeable-wireless-keyboard-mute-silent-split-computer-office-ergo-ergonomic-mouse-and-keyboard-with-palm-rest\/#breadcrumb","itemListElement":[{"@type":"ListItem","position":1,"name":"\u9996\u9875","item":"https:\/\/darshion.com\/"},{"@type":"ListItem","position":2,"name":"PRODUCT","item":"https:\/\/darshion.com\/pt\/product\/"},{"@type":"ListItem","position":3,"name":"AMZ Hot Sale Rechargeable Wireless Keyboard Mute Silent Split Computer Office Ergo Ergonomic Mouse and Keyboard with Palm Rest"}]},{"@type":"WebSite","@id":"https:\/\/darshion.com\/#website","url":"https:\/\/darshion.com\/","name":"darshion","description":"14 Y\u0131ll\u0131k Tecr\u00fcbe, Kalite G\u00fcvencesi, Yenilik\u00e7i Tasar\u0131m","publisher":{"@id":"https:\/\/darshion.com\/#organization"},"potentialAction":[{"@type":"SearchAction","target":{"@type":"EntryPoint","urlTemplate":"https:\/\/darshion.com\/?s={search_term_string}"},"query-input":{"@type":"PropertyValueSpecification","valueRequired":true,"valueName":"search_term_string"}}],"inLanguage":"tr"},{"@type":"Organization","@id":"https:\/\/darshion.com\/#organization","name":"darshion","url":"https:\/\/darshion.com\/","logo":{"@type":"ImageObject","inLanguage":"tr","@id":"https:\/\/darshion.com\/#\/schema\/logo\/image\/","url":"https:\/\/darshion.com\/wp-content\/uploads\/2023\/09\/01-1.png","contentUrl":"https:\/\/darshion.com\/wp-content\/uploads\/2023\/09\/01-1.png","width":350,"height":100,"caption":"darshion"},"image":{"@id":"https:\/\/darshion.com\/#\/schema\/logo\/image\/"}}]}},"_links":{"self":[{"href":"https:\/\/darshion.com\/tr\/wp-json\/wp\/v2\/product\/4356"}],"collection":[{"href":"https:\/\/darshion.com\/tr\/wp-json\/wp\/v2\/product"}],"about":[{"href":"https:\/\/darshion.com\/tr\/wp-json\/wp\/v2\/types\/product"}],"replies":[{"embeddable":true,"href":"https:\/\/darshion.com\/tr\/wp-json\/wp\/v2\/comments?post=4356"}],"wp:featuredmedia":[{"embeddable":true,"href":"https:\/\/darshion.com\/tr\/wp-json\/wp\/v2\/media\/4343"}],"wp:attachment":[{"href":"https:\/\/darshion.com\/tr\/wp-json\/wp\/v2\/media?parent=4356"}],"wp:term":[{"taxonomy":"product_cat","embeddable":true,"href":"https:\/\/darshion.com\/tr\/wp-json\/wp\/v2\/product_cat?post=4356"},{"taxonomy":"product_tag","embeddable":true,"href":"https:\/\/darshion.com\/tr\/wp-json\/wp\/v2\/product_tag?post=4356"}],"curies":[{"name":"wp","href":"https:\/\/api.w.org\/{rel}","templated":true}]}}