{"id":973,"date":"2023-10-06T10:35:39","date_gmt":"2023-10-06T02:35:39","guid":{"rendered":"https:\/\/darshion.com\/?post_type=product&#038;p=973"},"modified":"2024-07-19T12:15:38","modified_gmt":"2024-07-19T04:15:38","slug":"wireless-charging-mouse-pads","status":"publish","type":"product","link":"https:\/\/darshion.com\/tr\/urun\/wireless-charging-mouse-pads\/","title":{"rendered":"10W RGB Kablosuz \u015earjl\u0131 Mouse Pad"},"content":{"rendered":"<table>\n<tbody>\n<tr>\n<td colspan=\"1\" rowspan=\"1\">\n<div>\u00dcR\u00dcN ADI<\/div>\n<\/td>\n<td colspan=\"1\" rowspan=\"1\">\n<div>kaymaz waterpfoof rgb \u0131\u015f\u0131kl\u0131 mouse pad<\/div>\n<\/td>\n<\/tr>\n<tr>\n<td colspan=\"1\" rowspan=\"1\">\n<div>Giri\u015f<\/div>\n<\/td>\n<td colspan=\"1\" rowspan=\"1\">\n<div>5V, 2A\/9V, 1.67A<\/div>\n<\/td>\n<\/tr>\n<tr>\n<td colspan=\"1\" rowspan=\"1\">\n<div>\u00c7\u0131kt\u0131<\/div>\n<\/td>\n<td colspan=\"1\" rowspan=\"1\">\n<div>5V, 1.0A (maks)\/9V, 1.2A (minimum)<\/div>\n<\/td>\n<\/tr>\n<tr>\n<td colspan=\"1\" rowspan=\"1\">\n<div>\u0130letim mesafesi<\/div>\n<\/td>\n<td colspan=\"1\" rowspan=\"1\">\n<div>2-8mm<\/div>\n<\/td>\n<\/tr>\n<tr>\n<td colspan=\"1\" rowspan=\"1\">\n<div>Kablosuz \u015farj d\u00f6n\u00fc\u015f\u00fcm oran\u0131<\/div>\n<\/td>\n<td colspan=\"1\" rowspan=\"1\">\n<div>70%<\/div>\n<\/td>\n<\/tr>\n<tr>\n<td colspan=\"1\" rowspan=\"1\">\n<div>\u015earj frekans\u0131<\/div>\n<\/td>\n<td colspan=\"1\" rowspan=\"1\">\n<div>110-250KHZ<\/div>\n<\/td>\n<\/tr>\n<tr>\n<td colspan=\"1\" rowspan=\"1\">\n<div>\u015earj g\u00fcc\u00fc<\/div>\n<\/td>\n<td colspan=\"1\" rowspan=\"1\">\n<div>10W<\/div>\n<\/td>\n<\/tr>\n<tr>\n<td colspan=\"1\" rowspan=\"1\">\n<div>\u015earj kablosu<\/div>\n<\/td>\n<td colspan=\"1\" rowspan=\"1\">\n<div>1.8m<\/div>\n<\/td>\n<\/tr>\n<tr>\n<td colspan=\"1\" rowspan=\"1\">\n<div>Liman<\/div>\n<\/td>\n<td colspan=\"1\" rowspan=\"1\">\n<div>USB<\/div>\n<\/td>\n<\/tr>\n<tr>\n<td colspan=\"1\" rowspan=\"1\">\n<div>A\u011f\u0131rl\u0131k<\/div>\n<\/td>\n<td colspan=\"1\" rowspan=\"1\">\n<div>763g<\/div>\n<\/td>\n<\/tr>\n<tr>\n<td colspan=\"1\" rowspan=\"1\">\n<div>\u00dcr\u00fcn boyutu<\/div>\n<\/td>\n<td colspan=\"1\" rowspan=\"1\">\n<div data-spm-anchor-id=\"a2700.wholesale.0.i80.6325490do25Wo2\">300 x 800 x 4mm<\/div>\n<\/td>\n<\/tr>\n<\/tbody>\n<\/table>","protected":false},"excerpt":{"rendered":"<p>Kablosuz \u015earj Bezi ile 10W Kaymaz Kau\u00e7uk Alt LED Oyun Mousepad RGB Kablosuz \u015earj Mouse Pad oem<\/p>","protected":false},"featured_media":974,"comment_status":"open","ping_status":"closed","template":"","meta":{"_monsterinsights_skip_tracking":false,"_monsterinsights_sitenote_active":false,"_monsterinsights_sitenote_note":"","_monsterinsights_sitenote_category":0},"product_cat":[563,100],"product_tag":[105,104],"yoast_head":"<!-- This site is optimized with the Yoast SEO Premium plugin v22.9 (Yoast SEO v24.0) - https:\/\/yoast.com\/wordpress\/plugins\/seo\/ -->\n<title>10W RGB Wireless Charging Mouse Pad - darshion<\/title>\n<meta name=\"robots\" content=\"index, follow, max-snippet:-1, max-image-preview:large, max-video-preview:-1\" \/>\n<link rel=\"canonical\" href=\"https:\/\/darshion.com\/tr\/urun\/wireless-charging-mouse-pads\/\" \/>\n<meta property=\"og:locale\" content=\"tr_TR\" \/>\n<meta property=\"og:type\" content=\"article\" \/>\n<meta property=\"og:title\" content=\"10W RGB Wireless Charging Mouse Pad\" \/>\n<meta property=\"og:description\" content=\"10W Non-Slip Rubber Bottom LED Gaming Mousepad with Wireless Charge Cloth RGB Wireless Charging Mouse Pad oem\" \/>\n<meta property=\"og:url\" content=\"https:\/\/darshion.com\/tr\/urun\/wireless-charging-mouse-pads\/\" \/>\n<meta property=\"og:site_name\" content=\"darshion\" \/>\n<meta property=\"article:modified_time\" content=\"2024-07-19T04:15:38+00:00\" \/>\n<meta property=\"og:image\" content=\"https:\/\/darshion.com\/wp-content\/uploads\/2023\/10\/7.jpg\" \/>\n\t<meta property=\"og:image:width\" content=\"1500\" \/>\n\t<meta property=\"og:image:height\" content=\"1500\" \/>\n\t<meta property=\"og:image:type\" content=\"image\/jpeg\" \/>\n<meta name=\"twitter:card\" content=\"summary_large_image\" \/>\n<script type=\"application\/ld+json\" class=\"yoast-schema-graph\">{\"@context\":\"https:\/\/schema.org\",\"@graph\":[{\"@type\":\"WebPage\",\"@id\":\"https:\/\/darshion.com\/product\/wireless-charging-mouse-pads\/\",\"url\":\"https:\/\/darshion.com\/product\/wireless-charging-mouse-pads\/\",\"name\":\"10W RGB Wireless Charging Mouse Pad - darshion\",\"isPartOf\":{\"@id\":\"https:\/\/darshion.com\/#website\"},\"primaryImageOfPage\":{\"@id\":\"https:\/\/darshion.com\/product\/wireless-charging-mouse-pads\/#primaryimage\"},\"image\":{\"@id\":\"https:\/\/darshion.com\/product\/wireless-charging-mouse-pads\/#primaryimage\"},\"thumbnailUrl\":\"https:\/\/darshion.com\/wp-content\/uploads\/2023\/10\/7.jpg\",\"datePublished\":\"2023-10-06T02:35:39+00:00\",\"dateModified\":\"2024-07-19T04:15:38+00:00\",\"breadcrumb\":{\"@id\":\"https:\/\/darshion.com\/product\/wireless-charging-mouse-pads\/#breadcrumb\"},\"inLanguage\":\"tr\",\"potentialAction\":[{\"@type\":\"ReadAction\",\"target\":[\"https:\/\/darshion.com\/product\/wireless-charging-mouse-pads\/\"]}]},{\"@type\":\"ImageObject\",\"inLanguage\":\"tr\",\"@id\":\"https:\/\/darshion.com\/product\/wireless-charging-mouse-pads\/#primaryimage\",\"url\":\"https:\/\/darshion.com\/wp-content\/uploads\/2023\/10\/7.jpg\",\"contentUrl\":\"https:\/\/darshion.com\/wp-content\/uploads\/2023\/10\/7.jpg\",\"width\":1500,\"height\":1500,\"caption\":\"this is Wireless Charging mouse pad\"},{\"@type\":\"BreadcrumbList\",\"@id\":\"https:\/\/darshion.com\/product\/wireless-charging-mouse-pads\/#breadcrumb\",\"itemListElement\":[{\"@type\":\"ListItem\",\"position\":1,\"name\":\"\u9996\u9875\",\"item\":\"https:\/\/darshion.com\/\"},{\"@type\":\"ListItem\",\"position\":2,\"name\":\"PRODUCT\",\"item\":\"https:\/\/darshion.com\/pt\/product\/\"},{\"@type\":\"ListItem\",\"position\":3,\"name\":\"10W RGB Wireless Charging Mouse Pad\"}]},{\"@type\":\"WebSite\",\"@id\":\"https:\/\/darshion.com\/#website\",\"url\":\"https:\/\/darshion.com\/\",\"name\":\"darshion\",\"description\":\"14 Years of Experience, Quality Assurance, Innovative Design\",\"publisher\":{\"@id\":\"https:\/\/darshion.com\/#organization\"},\"potentialAction\":[{\"@type\":\"SearchAction\",\"target\":{\"@type\":\"EntryPoint\",\"urlTemplate\":\"https:\/\/darshion.com\/?s={search_term_string}\"},\"query-input\":{\"@type\":\"PropertyValueSpecification\",\"valueRequired\":true,\"valueName\":\"search_term_string\"}}],\"inLanguage\":\"tr\"},{\"@type\":\"Organization\",\"@id\":\"https:\/\/darshion.com\/#organization\",\"name\":\"darshion\",\"url\":\"https:\/\/darshion.com\/\",\"logo\":{\"@type\":\"ImageObject\",\"inLanguage\":\"tr\",\"@id\":\"https:\/\/darshion.com\/#\/schema\/logo\/image\/\",\"url\":\"https:\/\/darshion.com\/wp-content\/uploads\/2023\/09\/01-1.png\",\"contentUrl\":\"https:\/\/darshion.com\/wp-content\/uploads\/2023\/09\/01-1.png\",\"width\":350,\"height\":100,\"caption\":\"darshion\"},\"image\":{\"@id\":\"https:\/\/darshion.com\/#\/schema\/logo\/image\/\"}}]}<\/script>\n<!-- \/ Yoast SEO Premium plugin. -->","yoast_head_json":{"title":"10W RGB Kablosuz \u015earjl\u0131 Mouse Pad - darshion","robots":{"index":"index","follow":"follow","max-snippet":"max-snippet:-1","max-image-preview":"max-image-preview:large","max-video-preview":"max-video-preview:-1"},"canonical":"https:\/\/darshion.com\/tr\/urun\/wireless-charging-mouse-pads\/","og_locale":"tr_TR","og_type":"article","og_title":"10W RGB Wireless Charging Mouse Pad","og_description":"10W Non-Slip Rubber Bottom LED Gaming Mousepad with Wireless Charge Cloth RGB Wireless Charging Mouse Pad oem","og_url":"https:\/\/darshion.com\/tr\/urun\/wireless-charging-mouse-pads\/","og_site_name":"darshion","article_modified_time":"2024-07-19T04:15:38+00:00","og_image":[{"width":1500,"height":1500,"url":"https:\/\/darshion.com\/wp-content\/uploads\/2023\/10\/7.jpg","type":"image\/jpeg"}],"twitter_card":"summary_large_image","schema":{"@context":"https:\/\/schema.org","@graph":[{"@type":"WebPage","@id":"https:\/\/darshion.com\/product\/wireless-charging-mouse-pads\/","url":"https:\/\/darshion.com\/product\/wireless-charging-mouse-pads\/","name":"10W RGB Kablosuz \u015earjl\u0131 Mouse Pad - darshion","isPartOf":{"@id":"https:\/\/darshion.com\/#website"},"primaryImageOfPage":{"@id":"https:\/\/darshion.com\/product\/wireless-charging-mouse-pads\/#primaryimage"},"image":{"@id":"https:\/\/darshion.com\/product\/wireless-charging-mouse-pads\/#primaryimage"},"thumbnailUrl":"https:\/\/darshion.com\/wp-content\/uploads\/2023\/10\/7.jpg","datePublished":"2023-10-06T02:35:39+00:00","dateModified":"2024-07-19T04:15:38+00:00","breadcrumb":{"@id":"https:\/\/darshion.com\/product\/wireless-charging-mouse-pads\/#breadcrumb"},"inLanguage":"tr","potentialAction":[{"@type":"ReadAction","target":["https:\/\/darshion.com\/product\/wireless-charging-mouse-pads\/"]}]},{"@type":"ImageObject","inLanguage":"tr","@id":"https:\/\/darshion.com\/product\/wireless-charging-mouse-pads\/#primaryimage","url":"https:\/\/darshion.com\/wp-content\/uploads\/2023\/10\/7.jpg","contentUrl":"https:\/\/darshion.com\/wp-content\/uploads\/2023\/10\/7.jpg","width":1500,"height":1500,"caption":"this is Wireless Charging mouse pad"},{"@type":"BreadcrumbList","@id":"https:\/\/darshion.com\/product\/wireless-charging-mouse-pads\/#breadcrumb","itemListElement":[{"@type":"ListItem","position":1,"name":"\u9996\u9875","item":"https:\/\/darshion.com\/"},{"@type":"ListItem","position":2,"name":"PRODUCT","item":"https:\/\/darshion.com\/pt\/product\/"},{"@type":"ListItem","position":3,"name":"10W RGB Wireless Charging Mouse Pad"}]},{"@type":"WebSite","@id":"https:\/\/darshion.com\/#website","url":"https:\/\/darshion.com\/","name":"darshion","description":"14 Y\u0131ll\u0131k Tecr\u00fcbe, Kalite G\u00fcvencesi, Yenilik\u00e7i Tasar\u0131m","publisher":{"@id":"https:\/\/darshion.com\/#organization"},"potentialAction":[{"@type":"SearchAction","target":{"@type":"EntryPoint","urlTemplate":"https:\/\/darshion.com\/?s={search_term_string}"},"query-input":{"@type":"PropertyValueSpecification","valueRequired":true,"valueName":"search_term_string"}}],"inLanguage":"tr"},{"@type":"Organization","@id":"https:\/\/darshion.com\/#organization","name":"darshion","url":"https:\/\/darshion.com\/","logo":{"@type":"ImageObject","inLanguage":"tr","@id":"https:\/\/darshion.com\/#\/schema\/logo\/image\/","url":"https:\/\/darshion.com\/wp-content\/uploads\/2023\/09\/01-1.png","contentUrl":"https:\/\/darshion.com\/wp-content\/uploads\/2023\/09\/01-1.png","width":350,"height":100,"caption":"darshion"},"image":{"@id":"https:\/\/darshion.com\/#\/schema\/logo\/image\/"}}]}},"_links":{"self":[{"href":"https:\/\/darshion.com\/tr\/wp-json\/wp\/v2\/product\/973"}],"collection":[{"href":"https:\/\/darshion.com\/tr\/wp-json\/wp\/v2\/product"}],"about":[{"href":"https:\/\/darshion.com\/tr\/wp-json\/wp\/v2\/types\/product"}],"replies":[{"embeddable":true,"href":"https:\/\/darshion.com\/tr\/wp-json\/wp\/v2\/comments?post=973"}],"wp:featuredmedia":[{"embeddable":true,"href":"https:\/\/darshion.com\/tr\/wp-json\/wp\/v2\/media\/974"}],"wp:attachment":[{"href":"https:\/\/darshion.com\/tr\/wp-json\/wp\/v2\/media?parent=973"}],"wp:term":[{"taxonomy":"product_cat","embeddable":true,"href":"https:\/\/darshion.com\/tr\/wp-json\/wp\/v2\/product_cat?post=973"},{"taxonomy":"product_tag","embeddable":true,"href":"https:\/\/darshion.com\/tr\/wp-json\/wp\/v2\/product_tag?post=973"}],"curies":[{"name":"wp","href":"https:\/\/api.w.org\/{rel}","templated":true}]}}