{"id":990,"date":"2023-10-06T11:15:17","date_gmt":"2023-10-06T03:15:17","guid":{"rendered":"https:\/\/darshion.com\/?post_type=product&#038;p=990"},"modified":"2024-07-06T09:50:48","modified_gmt":"2024-07-06T01:50:48","slug":"heated-mousepads","status":"publish","type":"product","link":"https:\/\/darshion.com\/tr\/urun\/heated-mousepads\/","title":{"rendered":"Ak\u0131ll\u0131 Is\u0131tmal\u0131 Mouse Pad"},"content":{"rendered":"<p><strong>\u00d6zellikler:<\/strong><\/p>\n<p>* \u0130ki saat i\u00e7inde otomatik kapanma. Ak\u0131ll\u0131 zamanlamal\u0131 kapanma, kullan\u0131m\u0131n\u0131z\u0131 daha rahat hale getirir ve k\u0131\u015f boyunca size e\u015flik edecek yo\u011fun ya\u015fam\u0131n\u0131z i\u00e7in endi\u015felenmenize gerek yoktur.<\/p>\n<p>* Ak\u0131ll\u0131 anahtar, su s\u0131\u00e7ramas\u0131na dayan\u0131kl\u0131, su ile temasta elektrik \u00e7arpmaz.<\/p>\n<p>* \u00c7atlamay\u0131 \u00f6nlemek i\u00e7in \u00e7atlama \u00f6nleyici araba taraf\u0131, daha s\u0131k\u0131 ve daha dayan\u0131kl\u0131.<\/p>\n<p>* P\u00fcr\u00fczs\u00fcz PU. Fare s\u0131k\u0131\u015fmadan p\u00fcr\u00fczs\u00fczd\u00fcr.<\/p>\n<p><strong>\u00d6zellikler:<\/strong><\/p>\n<p>\u0130sim: \u00c7ok fonksiyonlu s\u0131cak masa mat\u0131<\/p>\n<p>Nominal gerilim: 220V<\/p>\n<p>Dijital ekran g\u00fcc\u00fc: 125W<\/p>\n<p>D\u00fc\u011fme g\u00fcc\u00fc: 75W<\/p>\n<p>S\u0131cakl\u0131k: 35\u2103-50\u2103<\/p>\n<p><strong>Paketleme dahildir:<\/strong><\/p>\n<p>1 * \u00c7ok fonksiyonlu s\u0131cak masa mat\u0131<\/p>","protected":false},"excerpt":{"rendered":"<p>Elektrikli Is\u0131 Mouse Pad Masa B\u00fcy\u00fck Mat Ekran S\u0131cakl\u0131\u011f\u0131 Is\u0131tma Mouse Pad Ofis Bilgisayar Masas\u0131 Klavye \u0130\u00e7in S\u0131cak El Tutun<\/p>","protected":false},"featured_media":991,"comment_status":"open","ping_status":"closed","template":"","meta":{"_monsterinsights_skip_tracking":false,"_monsterinsights_sitenote_active":false,"_monsterinsights_sitenote_note":"","_monsterinsights_sitenote_category":0},"product_cat":[100],"product_tag":[106],"yoast_head":"<!-- This site is optimized with the Yoast SEO Premium plugin v22.9 (Yoast SEO v24.0) - https:\/\/yoast.com\/wordpress\/plugins\/seo\/ -->\n<title>Intelligent Heated Mouse Pad - darshion<\/title>\n<meta name=\"robots\" content=\"index, follow, max-snippet:-1, max-image-preview:large, max-video-preview:-1\" \/>\n<link rel=\"canonical\" href=\"https:\/\/darshion.com\/tr\/urun\/heated-mousepads\/\" \/>\n<meta property=\"og:locale\" content=\"tr_TR\" \/>\n<meta property=\"og:type\" content=\"article\" \/>\n<meta property=\"og:title\" content=\"Intelligent Heated Mouse Pad\" \/>\n<meta property=\"og:description\" content=\"Electric Heat Mouse Pad Table Large Mat Display Temperature Heating Mouse Pad Keep Warm Hand For Office Computer Desk Keyboard\" \/>\n<meta property=\"og:url\" content=\"https:\/\/darshion.com\/tr\/urun\/heated-mousepads\/\" \/>\n<meta property=\"og:site_name\" content=\"darshion\" \/>\n<meta property=\"article:modified_time\" content=\"2024-07-06T01:50:48+00:00\" \/>\n<meta property=\"og:image\" content=\"https:\/\/darshion.com\/wp-content\/uploads\/2023\/10\/worm-mousepad.jpg\" \/>\n\t<meta property=\"og:image:width\" content=\"800\" \/>\n\t<meta property=\"og:image:height\" content=\"800\" \/>\n\t<meta property=\"og:image:type\" content=\"image\/jpeg\" \/>\n<meta name=\"twitter:card\" content=\"summary_large_image\" \/>\n<script type=\"application\/ld+json\" class=\"yoast-schema-graph\">{\"@context\":\"https:\/\/schema.org\",\"@graph\":[{\"@type\":\"WebPage\",\"@id\":\"https:\/\/darshion.com\/product\/heated-mousepads\/\",\"url\":\"https:\/\/darshion.com\/product\/heated-mousepads\/\",\"name\":\"Intelligent Heated Mouse Pad - darshion\",\"isPartOf\":{\"@id\":\"https:\/\/darshion.com\/#website\"},\"primaryImageOfPage\":{\"@id\":\"https:\/\/darshion.com\/product\/heated-mousepads\/#primaryimage\"},\"image\":{\"@id\":\"https:\/\/darshion.com\/product\/heated-mousepads\/#primaryimage\"},\"thumbnailUrl\":\"https:\/\/darshion.com\/wp-content\/uploads\/2023\/10\/worm-mousepad.jpg\",\"datePublished\":\"2023-10-06T03:15:17+00:00\",\"dateModified\":\"2024-07-06T01:50:48+00:00\",\"breadcrumb\":{\"@id\":\"https:\/\/darshion.com\/product\/heated-mousepads\/#breadcrumb\"},\"inLanguage\":\"tr\",\"potentialAction\":[{\"@type\":\"ReadAction\",\"target\":[\"https:\/\/darshion.com\/product\/heated-mousepads\/\"]}]},{\"@type\":\"ImageObject\",\"inLanguage\":\"tr\",\"@id\":\"https:\/\/darshion.com\/product\/heated-mousepads\/#primaryimage\",\"url\":\"https:\/\/darshion.com\/wp-content\/uploads\/2023\/10\/worm-mousepad.jpg\",\"contentUrl\":\"https:\/\/darshion.com\/wp-content\/uploads\/2023\/10\/worm-mousepad.jpg\",\"width\":800,\"height\":800},{\"@type\":\"BreadcrumbList\",\"@id\":\"https:\/\/darshion.com\/product\/heated-mousepads\/#breadcrumb\",\"itemListElement\":[{\"@type\":\"ListItem\",\"position\":1,\"name\":\"\u9996\u9875\",\"item\":\"https:\/\/darshion.com\/\"},{\"@type\":\"ListItem\",\"position\":2,\"name\":\"PRODUCT\",\"item\":\"https:\/\/darshion.com\/pt\/product\/\"},{\"@type\":\"ListItem\",\"position\":3,\"name\":\"Intelligent Heated Mouse Pad\"}]},{\"@type\":\"WebSite\",\"@id\":\"https:\/\/darshion.com\/#website\",\"url\":\"https:\/\/darshion.com\/\",\"name\":\"darshion\",\"description\":\"14 Years of Experience, Quality Assurance, Innovative Design\",\"publisher\":{\"@id\":\"https:\/\/darshion.com\/#organization\"},\"potentialAction\":[{\"@type\":\"SearchAction\",\"target\":{\"@type\":\"EntryPoint\",\"urlTemplate\":\"https:\/\/darshion.com\/?s={search_term_string}\"},\"query-input\":{\"@type\":\"PropertyValueSpecification\",\"valueRequired\":true,\"valueName\":\"search_term_string\"}}],\"inLanguage\":\"tr\"},{\"@type\":\"Organization\",\"@id\":\"https:\/\/darshion.com\/#organization\",\"name\":\"darshion\",\"url\":\"https:\/\/darshion.com\/\",\"logo\":{\"@type\":\"ImageObject\",\"inLanguage\":\"tr\",\"@id\":\"https:\/\/darshion.com\/#\/schema\/logo\/image\/\",\"url\":\"https:\/\/darshion.com\/wp-content\/uploads\/2023\/09\/01-1.png\",\"contentUrl\":\"https:\/\/darshion.com\/wp-content\/uploads\/2023\/09\/01-1.png\",\"width\":350,\"height\":100,\"caption\":\"darshion\"},\"image\":{\"@id\":\"https:\/\/darshion.com\/#\/schema\/logo\/image\/\"}}]}<\/script>\n<!-- \/ Yoast SEO Premium plugin. -->","yoast_head_json":{"title":"Intelligent Heated Mouse Pad - darshion","robots":{"index":"index","follow":"follow","max-snippet":"max-snippet:-1","max-image-preview":"max-image-preview:large","max-video-preview":"max-video-preview:-1"},"canonical":"https:\/\/darshion.com\/tr\/urun\/heated-mousepads\/","og_locale":"tr_TR","og_type":"article","og_title":"Intelligent Heated Mouse Pad","og_description":"Electric Heat Mouse Pad Table Large Mat Display Temperature Heating Mouse Pad Keep Warm Hand For Office Computer Desk Keyboard","og_url":"https:\/\/darshion.com\/tr\/urun\/heated-mousepads\/","og_site_name":"darshion","article_modified_time":"2024-07-06T01:50:48+00:00","og_image":[{"width":800,"height":800,"url":"https:\/\/darshion.com\/wp-content\/uploads\/2023\/10\/worm-mousepad.jpg","type":"image\/jpeg"}],"twitter_card":"summary_large_image","schema":{"@context":"https:\/\/schema.org","@graph":[{"@type":"WebPage","@id":"https:\/\/darshion.com\/product\/heated-mousepads\/","url":"https:\/\/darshion.com\/product\/heated-mousepads\/","name":"Intelligent Heated Mouse Pad - darshion","isPartOf":{"@id":"https:\/\/darshion.com\/#website"},"primaryImageOfPage":{"@id":"https:\/\/darshion.com\/product\/heated-mousepads\/#primaryimage"},"image":{"@id":"https:\/\/darshion.com\/product\/heated-mousepads\/#primaryimage"},"thumbnailUrl":"https:\/\/darshion.com\/wp-content\/uploads\/2023\/10\/worm-mousepad.jpg","datePublished":"2023-10-06T03:15:17+00:00","dateModified":"2024-07-06T01:50:48+00:00","breadcrumb":{"@id":"https:\/\/darshion.com\/product\/heated-mousepads\/#breadcrumb"},"inLanguage":"tr","potentialAction":[{"@type":"ReadAction","target":["https:\/\/darshion.com\/product\/heated-mousepads\/"]}]},{"@type":"ImageObject","inLanguage":"tr","@id":"https:\/\/darshion.com\/product\/heated-mousepads\/#primaryimage","url":"https:\/\/darshion.com\/wp-content\/uploads\/2023\/10\/worm-mousepad.jpg","contentUrl":"https:\/\/darshion.com\/wp-content\/uploads\/2023\/10\/worm-mousepad.jpg","width":800,"height":800},{"@type":"BreadcrumbList","@id":"https:\/\/darshion.com\/product\/heated-mousepads\/#breadcrumb","itemListElement":[{"@type":"ListItem","position":1,"name":"\u9996\u9875","item":"https:\/\/darshion.com\/"},{"@type":"ListItem","position":2,"name":"PRODUCT","item":"https:\/\/darshion.com\/pt\/product\/"},{"@type":"ListItem","position":3,"name":"Intelligent Heated Mouse Pad"}]},{"@type":"WebSite","@id":"https:\/\/darshion.com\/#website","url":"https:\/\/darshion.com\/","name":"darshion","description":"14 Y\u0131ll\u0131k Tecr\u00fcbe, Kalite G\u00fcvencesi, Yenilik\u00e7i Tasar\u0131m","publisher":{"@id":"https:\/\/darshion.com\/#organization"},"potentialAction":[{"@type":"SearchAction","target":{"@type":"EntryPoint","urlTemplate":"https:\/\/darshion.com\/?s={search_term_string}"},"query-input":{"@type":"PropertyValueSpecification","valueRequired":true,"valueName":"search_term_string"}}],"inLanguage":"tr"},{"@type":"Organization","@id":"https:\/\/darshion.com\/#organization","name":"darshion","url":"https:\/\/darshion.com\/","logo":{"@type":"ImageObject","inLanguage":"tr","@id":"https:\/\/darshion.com\/#\/schema\/logo\/image\/","url":"https:\/\/darshion.com\/wp-content\/uploads\/2023\/09\/01-1.png","contentUrl":"https:\/\/darshion.com\/wp-content\/uploads\/2023\/09\/01-1.png","width":350,"height":100,"caption":"darshion"},"image":{"@id":"https:\/\/darshion.com\/#\/schema\/logo\/image\/"}}]}},"_links":{"self":[{"href":"https:\/\/darshion.com\/tr\/wp-json\/wp\/v2\/product\/990"}],"collection":[{"href":"https:\/\/darshion.com\/tr\/wp-json\/wp\/v2\/product"}],"about":[{"href":"https:\/\/darshion.com\/tr\/wp-json\/wp\/v2\/types\/product"}],"replies":[{"embeddable":true,"href":"https:\/\/darshion.com\/tr\/wp-json\/wp\/v2\/comments?post=990"}],"wp:featuredmedia":[{"embeddable":true,"href":"https:\/\/darshion.com\/tr\/wp-json\/wp\/v2\/media\/991"}],"wp:attachment":[{"href":"https:\/\/darshion.com\/tr\/wp-json\/wp\/v2\/media?parent=990"}],"wp:term":[{"taxonomy":"product_cat","embeddable":true,"href":"https:\/\/darshion.com\/tr\/wp-json\/wp\/v2\/product_cat?post=990"},{"taxonomy":"product_tag","embeddable":true,"href":"https:\/\/darshion.com\/tr\/wp-json\/wp\/v2\/product_tag?post=990"}],"curies":[{"name":"wp","href":"https:\/\/api.w.org\/{rel}","templated":true}]}}