{"id":999,"date":"2023-10-06T11:52:02","date_gmt":"2023-10-06T03:52:02","guid":{"rendered":"https:\/\/darshion.com\/?post_type=product&#038;p=999"},"modified":"2024-06-28T09:32:24","modified_gmt":"2024-06-28T01:32:24","slug":"gaming-mousepads","status":"publish","type":"product","link":"https:\/\/darshion.com\/tr\/urun\/gaming-mousepads\/","title":{"rendered":"Kilitleme Kenar\u0131 Oyun Mousepad \u00d6zel Desen Tedarik\u00e7isi"},"content":{"rendered":"<p>\u00d6zellikler:<\/p>\n<p>Dayan\u0131kl\u0131 Diki\u015fli Kenarlar: Bu mouse pad, a\u015f\u0131nmay\u0131 \u00f6nleyebilen hassas kenarlara sahiptir. Deformasyon ve zamk giderme olmadan uzun s\u00fcreli kullan\u0131m sa\u011flar.<\/p>\n<p>P\u00fcr\u00fczs\u00fcz Y\u00fczey: Doku daha yo\u011fundur. Daha yumu\u015fak fare kontrol\u00fc sa\u011flamak i\u00e7in fare h\u0131zl\u0131 bir \u015fekilde hareket ettirilebilir ve do\u011fru bir \u015fekilde konumland\u0131r\u0131labilir. Diz\u00fcst\u00fc bilgisayar\u0131n\u0131z, bilgisayar\u0131n\u0131z ve PC'niz i\u00e7in m\u00fckemmeldir.<\/p>\n<p>Kaymaz kau\u00e7uk taban: Yo\u011fun g\u00f6lgelendirme ve kaymaz do\u011fal kau\u00e7uk taban masa\u00fcst\u00fcn\u00fc s\u0131k\u0131ca kavrayabilir. Konforunuz ve fare kontrol\u00fcn\u00fcz i\u00e7in birinci s\u0131n\u0131f yumu\u015fak malzeme.<\/p>\n<p>Y\u0131kanabilir Tasar\u0131m ve Solmay\u0131 \u00d6nleme: Bu mouse mat, m\u00fckemmel kilitleme-renk etkisine sahiptir. S\u0131v\u0131 lekeleri s\u00fcrekli kullan\u0131m i\u00e7in su ile temizlenebilir. Ve tekrarlanan temizlik ile solmayacakt\u0131r.<\/p>\n<p>Renk: En renkli bask\u0131lar\u0131 sunmak i\u00e7in \u00e7al\u0131\u015f\u0131yoruz. \u00c7o\u011fu rakibimiz 4 renk kullan\u0131rken biz bask\u0131 i\u00e7in 6 renk kullan\u0131yoruz ve m\u00fcmk\u00fcn olan en geni\u015f renk gam\u0131n\u0131 olu\u015fturmak i\u00e7in CMYK ve neon renklerin tescilli bir kar\u0131\u015f\u0131m\u0131n\u0131 kullan\u0131yoruz.<br \/>\nBask\u0131 s\u00fcreci: Mouse pad'imiz, kat\u0131lar\u0131n gaza d\u00f6n\u00fc\u015ft\u00fcr\u00fclmesi i\u015flemi olan s\u0131cak presleme ve boya s\u00fcblimasyonu yard\u0131m\u0131yla bas\u0131l\u0131r ve \u00fcretilir. Bask\u0131 makinesinin y\u00fcksek s\u0131cakl\u0131\u011f\u0131 m\u00fcrekkebi gaza d\u00f6n\u00fc\u015ft\u00fcr\u00fcr ve mouse pad'in \u00fcst k\u0131sm\u0131n\u0131 olu\u015fturan p\u00fcr\u00fczs\u00fcz polyester malzeme ile ba\u011flan\u0131r, b\u00f6ylece tasar\u0131m\u0131n soyulmas\u0131 veya solmas\u0131 konusunda endi\u015felenmenize gerek kalmaz.<\/p>\n<p>Geni\u015f Uygulanabilirlik: Her t\u00fcr fare, lazer ve optik i\u00e7in kullan\u0131labilir. G\u00fcnl\u00fck kullan\u0131m i\u00e7in ideal boyut.<\/p>\n<p>Mouse pad'inizi \u00f6zelle\u015ftirin:<br \/>\n1.100% Yepyeni<br \/>\n2. Masa\u00fcst\u00fcn\u00fcz\u00fc Mouse Pad ile S\u00fcsleyebilirsiniz.<br \/>\n3. Mouse Pad \u00dczerine G\u00fczel Renk Bask\u0131l\u0131<br \/>\n4. Y\u00fcksek Kalite, Yumu\u015fak Kau\u00e7uk Malzeme ve P\u00fcr\u00fczs\u00fcz Kuma\u015ftan Yap\u0131lm\u0131\u015ft\u0131r<br \/>\n5. T\u00fcm Boyutlar (Sapma aral\u0131\u011f\u0131: 1-3cm 2. I\u015f\u0131k ve ekran nedeniyle hafif renk fark\u0131n\u0131n kabul edilebilir olmas\u0131 gerekti\u011fini l\u00fctfen unutmay\u0131n).<br \/>\n6. Herhangi bir resmi \u00f6zelle\u015ftirebiliriz. \u0130htiyac\u0131n\u0131z olursa bizimle ileti\u015fime ge\u00e7ebilirsiniz. Daha fazla sat\u0131n al\u0131rsan\u0131z. L\u00fctfen m\u00fc\u015fteri hizmetlerimizle ileti\u015fime ge\u00e7in. Size toptan fiyat verecektir.<\/p>\n<p>\u00d6zel Desen: L\u00fctfen resminizin y\u00fcksek \u00e7\u00f6z\u00fcn\u00fcrl\u00fckl\u00fc oldu\u011fundan, tercihen 1920 * 1080 \u00e7\u00f6z\u00fcn\u00fcrl\u00fckten az olmad\u0131\u011f\u0131ndan emin olun, resminiz 5MB'den b\u00fcy\u00fckse, l\u00fctfen resim ba\u011flant\u0131s\u0131n\u0131 sat\u0131c\u0131ya g\u00f6nderin veya sat\u0131c\u0131dan bir e-posta g\u00f6ndermesini isteyin<\/p>","protected":false},"excerpt":{"rendered":"<p>\u00c7in Oyun Mousepad Bilgisayar Deskmat Kaymaz \u00dcretici<\/p>","protected":false},"featured_media":1000,"comment_status":"open","ping_status":"closed","template":"","meta":{"_monsterinsights_skip_tracking":false,"_monsterinsights_sitenote_active":false,"_monsterinsights_sitenote_note":"","_monsterinsights_sitenote_category":0},"product_cat":[100],"product_tag":[107,103],"yoast_head":"<!-- This site is optimized with the Yoast SEO Premium plugin v22.9 (Yoast SEO v24.0) - https:\/\/yoast.com\/wordpress\/plugins\/seo\/ -->\n<title>Locking Edge Gaming Mousepad Custom Pattern Supplier - darshion<\/title>\n<meta name=\"robots\" content=\"index, follow, max-snippet:-1, max-image-preview:large, max-video-preview:-1\" \/>\n<link rel=\"canonical\" href=\"https:\/\/darshion.com\/tr\/urun\/gaming-mousepads\/\" \/>\n<meta property=\"og:locale\" content=\"tr_TR\" \/>\n<meta property=\"og:type\" content=\"article\" \/>\n<meta property=\"og:title\" content=\"Locking Edge Gaming Mousepad Custom Pattern Supplier\" \/>\n<meta property=\"og:description\" content=\"China Gaming Mousepad Computer Deskmat Non-Slip Manufacturer\" \/>\n<meta property=\"og:url\" content=\"https:\/\/darshion.com\/tr\/urun\/gaming-mousepads\/\" \/>\n<meta property=\"og:site_name\" content=\"darshion\" \/>\n<meta property=\"article:modified_time\" content=\"2024-06-28T01:32:24+00:00\" \/>\n<meta property=\"og:image\" content=\"https:\/\/darshion.com\/wp-content\/uploads\/2023\/10\/1.webp\" \/>\n\t<meta property=\"og:image:width\" content=\"720\" \/>\n\t<meta property=\"og:image:height\" content=\"720\" \/>\n\t<meta property=\"og:image:type\" content=\"image\/webp\" \/>\n<meta name=\"twitter:card\" content=\"summary_large_image\" \/>\n<meta name=\"twitter:label1\" content=\"Tahmini okuma s\u00fcresi\" \/>\n\t<meta name=\"twitter:data1\" content=\"2 dakika\" \/>\n<script type=\"application\/ld+json\" class=\"yoast-schema-graph\">{\"@context\":\"https:\/\/schema.org\",\"@graph\":[{\"@type\":\"WebPage\",\"@id\":\"https:\/\/darshion.com\/product\/gaming-mousepads\/\",\"url\":\"https:\/\/darshion.com\/product\/gaming-mousepads\/\",\"name\":\"Locking Edge Gaming Mousepad Custom Pattern Supplier - darshion\",\"isPartOf\":{\"@id\":\"https:\/\/darshion.com\/#website\"},\"primaryImageOfPage\":{\"@id\":\"https:\/\/darshion.com\/product\/gaming-mousepads\/#primaryimage\"},\"image\":{\"@id\":\"https:\/\/darshion.com\/product\/gaming-mousepads\/#primaryimage\"},\"thumbnailUrl\":\"https:\/\/darshion.com\/wp-content\/uploads\/2023\/10\/1.webp\",\"datePublished\":\"2023-10-06T03:52:02+00:00\",\"dateModified\":\"2024-06-28T01:32:24+00:00\",\"breadcrumb\":{\"@id\":\"https:\/\/darshion.com\/product\/gaming-mousepads\/#breadcrumb\"},\"inLanguage\":\"tr\",\"potentialAction\":[{\"@type\":\"ReadAction\",\"target\":[\"https:\/\/darshion.com\/product\/gaming-mousepads\/\"]}]},{\"@type\":\"ImageObject\",\"inLanguage\":\"tr\",\"@id\":\"https:\/\/darshion.com\/product\/gaming-mousepads\/#primaryimage\",\"url\":\"https:\/\/darshion.com\/wp-content\/uploads\/2023\/10\/1.webp\",\"contentUrl\":\"https:\/\/darshion.com\/wp-content\/uploads\/2023\/10\/1.webp\",\"width\":720,\"height\":720},{\"@type\":\"BreadcrumbList\",\"@id\":\"https:\/\/darshion.com\/product\/gaming-mousepads\/#breadcrumb\",\"itemListElement\":[{\"@type\":\"ListItem\",\"position\":1,\"name\":\"\u9996\u9875\",\"item\":\"https:\/\/darshion.com\/\"},{\"@type\":\"ListItem\",\"position\":2,\"name\":\"PRODUCT\",\"item\":\"https:\/\/darshion.com\/pt\/product\/\"},{\"@type\":\"ListItem\",\"position\":3,\"name\":\"Locking Edge Gaming Mousepad Custom Pattern Supplier\"}]},{\"@type\":\"WebSite\",\"@id\":\"https:\/\/darshion.com\/#website\",\"url\":\"https:\/\/darshion.com\/\",\"name\":\"darshion\",\"description\":\"14 Years of Experience, Quality Assurance, Innovative Design\",\"publisher\":{\"@id\":\"https:\/\/darshion.com\/#organization\"},\"potentialAction\":[{\"@type\":\"SearchAction\",\"target\":{\"@type\":\"EntryPoint\",\"urlTemplate\":\"https:\/\/darshion.com\/?s={search_term_string}\"},\"query-input\":{\"@type\":\"PropertyValueSpecification\",\"valueRequired\":true,\"valueName\":\"search_term_string\"}}],\"inLanguage\":\"tr\"},{\"@type\":\"Organization\",\"@id\":\"https:\/\/darshion.com\/#organization\",\"name\":\"darshion\",\"url\":\"https:\/\/darshion.com\/\",\"logo\":{\"@type\":\"ImageObject\",\"inLanguage\":\"tr\",\"@id\":\"https:\/\/darshion.com\/#\/schema\/logo\/image\/\",\"url\":\"https:\/\/darshion.com\/wp-content\/uploads\/2023\/09\/01-1.png\",\"contentUrl\":\"https:\/\/darshion.com\/wp-content\/uploads\/2023\/09\/01-1.png\",\"width\":350,\"height\":100,\"caption\":\"darshion\"},\"image\":{\"@id\":\"https:\/\/darshion.com\/#\/schema\/logo\/image\/\"}}]}<\/script>\n<!-- \/ Yoast SEO Premium plugin. -->","yoast_head_json":{"title":"Kilitleme Kenar\u0131 Oyun Mousepad \u00d6zel Desen Tedarik\u00e7isi - darshion","robots":{"index":"index","follow":"follow","max-snippet":"max-snippet:-1","max-image-preview":"max-image-preview:large","max-video-preview":"max-video-preview:-1"},"canonical":"https:\/\/darshion.com\/tr\/urun\/gaming-mousepads\/","og_locale":"tr_TR","og_type":"article","og_title":"Locking Edge Gaming Mousepad Custom Pattern Supplier","og_description":"China Gaming Mousepad Computer Deskmat Non-Slip Manufacturer","og_url":"https:\/\/darshion.com\/tr\/urun\/gaming-mousepads\/","og_site_name":"darshion","article_modified_time":"2024-06-28T01:32:24+00:00","og_image":[{"width":720,"height":720,"url":"https:\/\/darshion.com\/wp-content\/uploads\/2023\/10\/1.webp","type":"image\/webp"}],"twitter_card":"summary_large_image","twitter_misc":{"Tahmini okuma s\u00fcresi":"2 dakika"},"schema":{"@context":"https:\/\/schema.org","@graph":[{"@type":"WebPage","@id":"https:\/\/darshion.com\/product\/gaming-mousepads\/","url":"https:\/\/darshion.com\/product\/gaming-mousepads\/","name":"Kilitleme Kenar\u0131 Oyun Mousepad \u00d6zel Desen Tedarik\u00e7isi - darshion","isPartOf":{"@id":"https:\/\/darshion.com\/#website"},"primaryImageOfPage":{"@id":"https:\/\/darshion.com\/product\/gaming-mousepads\/#primaryimage"},"image":{"@id":"https:\/\/darshion.com\/product\/gaming-mousepads\/#primaryimage"},"thumbnailUrl":"https:\/\/darshion.com\/wp-content\/uploads\/2023\/10\/1.webp","datePublished":"2023-10-06T03:52:02+00:00","dateModified":"2024-06-28T01:32:24+00:00","breadcrumb":{"@id":"https:\/\/darshion.com\/product\/gaming-mousepads\/#breadcrumb"},"inLanguage":"tr","potentialAction":[{"@type":"ReadAction","target":["https:\/\/darshion.com\/product\/gaming-mousepads\/"]}]},{"@type":"ImageObject","inLanguage":"tr","@id":"https:\/\/darshion.com\/product\/gaming-mousepads\/#primaryimage","url":"https:\/\/darshion.com\/wp-content\/uploads\/2023\/10\/1.webp","contentUrl":"https:\/\/darshion.com\/wp-content\/uploads\/2023\/10\/1.webp","width":720,"height":720},{"@type":"BreadcrumbList","@id":"https:\/\/darshion.com\/product\/gaming-mousepads\/#breadcrumb","itemListElement":[{"@type":"ListItem","position":1,"name":"\u9996\u9875","item":"https:\/\/darshion.com\/"},{"@type":"ListItem","position":2,"name":"PRODUCT","item":"https:\/\/darshion.com\/pt\/product\/"},{"@type":"ListItem","position":3,"name":"Locking Edge Gaming Mousepad Custom Pattern Supplier"}]},{"@type":"WebSite","@id":"https:\/\/darshion.com\/#website","url":"https:\/\/darshion.com\/","name":"darshion","description":"14 Y\u0131ll\u0131k Tecr\u00fcbe, Kalite G\u00fcvencesi, Yenilik\u00e7i Tasar\u0131m","publisher":{"@id":"https:\/\/darshion.com\/#organization"},"potentialAction":[{"@type":"SearchAction","target":{"@type":"EntryPoint","urlTemplate":"https:\/\/darshion.com\/?s={search_term_string}"},"query-input":{"@type":"PropertyValueSpecification","valueRequired":true,"valueName":"search_term_string"}}],"inLanguage":"tr"},{"@type":"Organization","@id":"https:\/\/darshion.com\/#organization","name":"darshion","url":"https:\/\/darshion.com\/","logo":{"@type":"ImageObject","inLanguage":"tr","@id":"https:\/\/darshion.com\/#\/schema\/logo\/image\/","url":"https:\/\/darshion.com\/wp-content\/uploads\/2023\/09\/01-1.png","contentUrl":"https:\/\/darshion.com\/wp-content\/uploads\/2023\/09\/01-1.png","width":350,"height":100,"caption":"darshion"},"image":{"@id":"https:\/\/darshion.com\/#\/schema\/logo\/image\/"}}]}},"_links":{"self":[{"href":"https:\/\/darshion.com\/tr\/wp-json\/wp\/v2\/product\/999"}],"collection":[{"href":"https:\/\/darshion.com\/tr\/wp-json\/wp\/v2\/product"}],"about":[{"href":"https:\/\/darshion.com\/tr\/wp-json\/wp\/v2\/types\/product"}],"replies":[{"embeddable":true,"href":"https:\/\/darshion.com\/tr\/wp-json\/wp\/v2\/comments?post=999"}],"wp:featuredmedia":[{"embeddable":true,"href":"https:\/\/darshion.com\/tr\/wp-json\/wp\/v2\/media\/1000"}],"wp:attachment":[{"href":"https:\/\/darshion.com\/tr\/wp-json\/wp\/v2\/media?parent=999"}],"wp:term":[{"taxonomy":"product_cat","embeddable":true,"href":"https:\/\/darshion.com\/tr\/wp-json\/wp\/v2\/product_cat?post=999"},{"taxonomy":"product_tag","embeddable":true,"href":"https:\/\/darshion.com\/tr\/wp-json\/wp\/v2\/product_tag?post=999"}],"curies":[{"name":"wp","href":"https:\/\/api.w.org\/{rel}","templated":true}]}}